{"id":31726,"date":"2024-11-01T17:24:13","date_gmt":"2024-11-01T22:24:13","guid":{"rendered":"https:\/\/mexplor.co\/?post_type=product&#038;p=31726"},"modified":"2025-10-03T17:54:25","modified_gmt":"2025-10-03T22:54:25","slug":"clase-privada-freediving-playa-del-carmen","status":"publish","type":"product","link":"http:\/\/mexplor.co\/es\/clase-privada-freediving-playa-del-carmen\/","title":{"rendered":"Clase privada (freediving)"},"content":{"rendered":"<p>Clase Privada de Apnea en Playa del Carmen: Explora las Profundidades con Libertad<\/p>\n<p>Una clase privada de apnea en Playa del Carmen es ideal para aquellos que desean aprender o perfeccionar sus habilidades de apnea en un ambiente personalizado. Con un instructor dedicado, recibir\u00e1s atenci\u00f3n individualizada para ayudarte a mejorar tu t\u00e9cnica, respiraci\u00f3n y control mental. Playa del Carmen, con sus aguas cristalinas y sus cenotes cercanos, ofrece un entorno espectacular para esta experiencia. Tanto si es principiante como avanzado, una clase privada le permitir\u00e1 progresar a su propio ritmo y disfrutar del oc\u00e9ano con total libertad.<\/p>","protected":false},"excerpt":{"rendered":"<p>Clase Privada de Apnea en Playa del Carmen: Explora las Profundidades con Libertad<\/p>\n<p>Una clase privada de apnea en Playa del Carmen es ideal para aquellos que desean aprender o perfeccionar sus habilidades de apnea en un ambiente personalizado. Con un instructor dedicado, recibir\u00e1s atenci\u00f3n individualizada para ayudarte a mejorar tu t\u00e9cnica, respiraci\u00f3n y control mental. Playa del Carmen, con sus aguas cristalinas y sus cenotes cercanos, ofrece un entorno espectacular para esta experiencia. Tanto si es principiante como avanzado, una clase privada le permitir\u00e1 progresar a su propio ritmo y disfrutar del oc\u00e9ano con total libertad.<\/p>","protected":false},"featured_media":30464,"comment_status":"open","ping_status":"closed","template":"","meta":{"site-sidebar-layout":"default","site-content-layout":"","ast-site-content-layout":"default","site-content-style":"default","site-sidebar-style":"default","ast-global-header-display":"","ast-banner-title-visibility":"","ast-main-header-display":"","ast-hfb-above-header-display":"","ast-hfb-below-header-display":"","ast-hfb-mobile-header-display":"","site-post-title":"","ast-breadcrumbs-content":"","ast-featured-img":"","footer-sml-layout":"","ast-disable-related-posts":"","theme-transparent-header-meta":"default","adv-header-id-meta":"","stick-header-meta":"","header-above-stick-meta":"","header-main-stick-meta":"","header-below-stick-meta":"","astra-migrate-meta-layouts":"set","ast-page-background-enabled":"default","ast-page-background-meta":{"desktop":{"background-color":"","background-image":"","background-repeat":"repeat","background-position":"center center","background-size":"auto","background-attachment":"scroll","background-type":"","background-media":"","overlay-type":"","overlay-color":"","overlay-opacity":"","overlay-gradient":""},"tablet":{"background-color":"","background-image":"","background-repeat":"repeat","background-position":"center center","background-size":"auto","background-attachment":"scroll","background-type":"","background-media":"","overlay-type":"","overlay-color":"","overlay-opacity":"","overlay-gradient":""},"mobile":{"background-color":"","background-image":"","background-repeat":"repeat","background-position":"center center","background-size":"auto","background-attachment":"scroll","background-type":"","background-media":"","overlay-type":"","overlay-color":"","overlay-opacity":"","overlay-gradient":""}},"ast-content-background-meta":{"desktop":{"background-color":"var(--ast-global-color-5)","background-image":"","background-repeat":"repeat","background-position":"center center","background-size":"auto","background-attachment":"scroll","background-type":"","background-media":"","overlay-type":"","overlay-color":"","overlay-opacity":"","overlay-gradient":""},"tablet":{"background-color":"var(--ast-global-color-5)","background-image":"","background-repeat":"repeat","background-position":"center center","background-size":"auto","background-attachment":"scroll","background-type":"","background-media":"","overlay-type":"","overlay-color":"","overlay-opacity":"","overlay-gradient":""},"mobile":{"background-color":"var(--ast-global-color-5)","background-image":"","background-repeat":"repeat","background-position":"center center","background-size":"auto","background-attachment":"scroll","background-type":"","background-media":"","overlay-type":"","overlay-color":"","overlay-opacity":"","overlay-gradient":""}}},"product_brand":[],"product_cat":[1888],"product_tag":[],"actividad":[3753],"ubicacion":[],"class_list":{"0":"post-31726","1":"product","2":"type-product","3":"status-publish","4":"has-post-thumbnail","6":"product_cat-store","7":"actividad-freediving","8":"desktop-align-left","9":"tablet-align-left","10":"mobile-align-left","11":"tm-no-options","13":"first","14":"instock","15":"sold-individually","16":"shipping-taxable","17":"purchasable","18":"product-type-booking"},"booking_location":"","booking_location_type":"","booking_duration":1,"booking_duration_unit":"day","booking_buffer":0,"booking_cost":7000,"booking_resources":[],"_links":{"self":[{"href":"http:\/\/mexplor.co\/es\/wp-json\/wp\/v2\/product\/31726","targetHints":{"allow":["GET"]}}],"collection":[{"href":"http:\/\/mexplor.co\/es\/wp-json\/wp\/v2\/product"}],"about":[{"href":"http:\/\/mexplor.co\/es\/wp-json\/wp\/v2\/types\/product"}],"replies":[{"embeddable":true,"href":"http:\/\/mexplor.co\/es\/wp-json\/wp\/v2\/comments?post=31726"}],"version-history":[{"count":1,"href":"http:\/\/mexplor.co\/es\/wp-json\/wp\/v2\/product\/31726\/revisions"}],"predecessor-version":[{"id":36629,"href":"http:\/\/mexplor.co\/es\/wp-json\/wp\/v2\/product\/31726\/revisions\/36629"}],"wp:featuredmedia":[{"embeddable":true,"href":"http:\/\/mexplor.co\/es\/wp-json\/wp\/v2\/media\/30464"}],"wp:attachment":[{"href":"http:\/\/mexplor.co\/es\/wp-json\/wp\/v2\/media?parent=31726"}],"wp:term":[{"taxonomy":"product_brand","embeddable":true,"href":"http:\/\/mexplor.co\/es\/wp-json\/wp\/v2\/product_brand?post=31726"},{"taxonomy":"product_cat","embeddable":true,"href":"http:\/\/mexplor.co\/es\/wp-json\/wp\/v2\/product_cat?post=31726"},{"taxonomy":"product_tag","embeddable":true,"href":"http:\/\/mexplor.co\/es\/wp-json\/wp\/v2\/product_tag?post=31726"},{"taxonomy":"actividad","embeddable":true,"href":"http:\/\/mexplor.co\/es\/wp-json\/wp\/v2\/actividad?post=31726"},{"taxonomy":"ubicacion","embeddable":true,"href":"http:\/\/mexplor.co\/es\/wp-json\/wp\/v2\/ubicacion?post=31726"}],"curies":[{"name":"wp","href":"https:\/\/api.w.org\/{rel}","templated":true}]}}