{"id":34510,"date":"2025-03-27T18:57:29","date_gmt":"2025-03-27T23:57:29","guid":{"rendered":"https:\/\/mexplor.co\/what-we-do\/"},"modified":"2025-03-27T18:57:29","modified_gmt":"2025-03-27T23:57:29","slug":"what-we-do","status":"publish","type":"page","link":"https:\/\/mexplor.co\/es\/what-we-do\/","title":{"rendered":"Lo que hacemos"},"content":{"rendered":"<h1>Lo que hacemos<\/h1>\n<h2>STEVE DANCE ACADEMY<\/h2>\n<p>With passion, Steve Dance Academy teachs to people from all around the world in order to share the benefits of dancing salsa and bachata<\/p>\n<p>About us<\/p>\n<h2>Steve Dance Academy<\/h2>\n<h3>\n\t\t\t\t\tDance<br \/>\n\t\t\t\t\t&#8230; then think!<br \/>\n\t\t\t\t\t<\/h3>\n<p>STEVE Dance Academy started in 2018.\u00a0<\/p>\n<p>What we do? We teach to dance, to beautiful and pretty people. With a lot of work and stress we know that, we always wait for you to be ready to feel and enjoy dancing as if there was nothing better, you will feel alive and unique. You will forget everything, because when you dance there is so much passion that you feel that there is no place to feel bad. We know you think a lot about dance and we know it&#8217;s something you always wanted to do well.<\/p>\n<p>\t\t\t\t0<br \/>\n\t\t\t\t\t\t\tDance class<br \/>\n\t\t\t\t0<br \/>\n\t\t\t\t\t\t\tLocations<br \/>\n\t\t\t\t0<br \/>\n\t\t\t\t\t\t\tSatisfied students<br \/>\n\t\t\t\t\t\t\t\t\t\t\t\t\t\t\t<img loading=\"lazy\" decoding=\"async\" width=\"1024\" height=\"473\" src=\"https:\/\/steve.dance\/wp-content\/uploads\/2023\/10\/IMG_20200927_112828-1-1024x473.jpg\" alt=\"Diving\" srcset=\"https:\/\/steve.dance\/wp-content\/uploads\/2023\/10\/IMG_20200927_112828-1-1024x473.jpg 1024w, https:\/\/steve.dance\/wp-content\/uploads\/2023\/10\/IMG_20200927_112828-1-300x139.jpg 300w, https:\/\/steve.dance\/wp-content\/uploads\/2023\/10\/IMG_20200927_112828-1-768x355.jpg 768w, https:\/\/steve.dance\/wp-content\/uploads\/2023\/10\/IMG_20200927_112828-1-1536x710.jpg 1536w, https:\/\/steve.dance\/wp-content\/uploads\/2023\/10\/IMG_20200927_112828-1-2048x946.jpg 2048w, https:\/\/steve.dance\/wp-content\/uploads\/2023\/10\/IMG_20200927_112828-1-600x277.jpg 600w\" sizes=\"auto, (max-width: 1024px) 100vw, 1024px\" title=\"MExplor\"><br \/>\n\t\t<div style=\"width: 640px;\" class=\"wp-video\"><video class=\"wp-video-shortcode\" id=\"video-34510-1\" width=\"640\" height=\"360\" preload=\"metadata\" controls=\"controls\"><source type=\"video\/mp4\" src=\"http:\/\/steve.dance\/wp-content\/uploads\/2022\/09\/salsa-Steve-Puerto-Morelos_Trim.mp4?_=1\" \/><a href=\"http:\/\/steve.dance\/wp-content\/uploads\/2022\/09\/salsa-Steve-Puerto-Morelos_Trim.mp4\" rel=\"nofollow noopener\" target=\"_blank\">http:\/\/steve.dance\/wp-content\/uploads\/2022\/09\/salsa-Steve-Puerto-Morelos_Trim.mp4<\/a><\/video><\/div>\t\t<\/p>\n<h2>Salsa and Bachata Academy in Riviera Maya<\/h2>\n<p>\t\t\t\tSALSA<br \/>\n\t\t\t\tBACHATA MODERNA<br \/>\n\t\t\t\tBACHATA DOMINICANA<br \/>\n\t\t\t\tCUMBIA<\/p>\n<p>We offer group classes, private lessons, and workshops for a variety of dances such as Salsa, Bachata and Cumbia. We also offer private event services. We partner with various organizations and businesses to host off-site events intended to promote team building, raise cultural awareness, and express creativity through dance and music; no past experience or partner needed!<\/p>\n<h3>\n\t\t\t\t\tDancing is<br \/>\n\t\t\t\tTherapy<br \/>\n\t\t\t\tMeditation<br \/>\n\t\t\t\tFamily<br \/>\n\t\t\t\tFriends<br \/>\n\t\t\t\tHapiness<br \/>\n\t\t\t\t<\/h3>\n<p>\t\t\t\t\t\t\t\t\t\t\t\t\t\t\t<img loading=\"lazy\" decoding=\"async\" width=\"1024\" height=\"811\" src=\"https:\/\/steve.dance\/wp-content\/uploads\/2020\/09\/LOGO-ESTEVE-copia-1024x811.png\" alt=\"Diving\" srcset=\"https:\/\/steve.dance\/wp-content\/uploads\/2020\/09\/LOGO-ESTEVE-copia-1024x811.png 1024w, https:\/\/steve.dance\/wp-content\/uploads\/2020\/09\/LOGO-ESTEVE-copia-600x475.png 600w, https:\/\/steve.dance\/wp-content\/uploads\/2020\/09\/LOGO-ESTEVE-copia-300x238.png 300w, https:\/\/steve.dance\/wp-content\/uploads\/2020\/09\/LOGO-ESTEVE-copia-768x609.png 768w, https:\/\/steve.dance\/wp-content\/uploads\/2020\/09\/LOGO-ESTEVE-copia-1536x1217.png 1536w, https:\/\/steve.dance\/wp-content\/uploads\/2020\/09\/LOGO-ESTEVE-copia-2048x1623.png 2048w\" sizes=\"auto, (max-width: 1024px) 100vw, 1024px\" title=\"MExplor\">\t\t\t\t\t\t\t\t\t\t\t\t\t\t\t<\/p>\n<h6>Esteban Romero<\/h6>\n<p>\t\t\tDIRECTOR &#8211; Manager\t\t<\/p>\n<p>Born on February 17, 1986 in Mexico City, Coyoac\u00e1n from a folk dancer dad and danzon mother. He started his dance career in 2001 as an apprentice of the genre &#8220;break dance&#8221; specializing in the version &#8220;pumping&#8221; and floor, continuing with his school studies, evolving to the electronic genre in 2004, working as a performance dancer in different places in the Mexico City.<\/p>\n<p>In 2013 he resumed his career as a dancer in Latin rhythms learning from the best teachers in the city rhythms such as Salsa, bachata, merengue and cumbia. Later in 2014 he joined his first dance company and invited bachata to participate in national conferences for shows and competitions. participating for 3 years and learning from the best salsa and bachata exponents in the world through national and international congresses such as Rodrigo Cort\u00e1zar, Eddie Torres and Francisco V\u00e1zquez parents of salsa online, they decide to take the certification with Fernando Sosa and tropical gem the company with the world&#8217;s largest salsa championships. On the bachata side with dancers such as Ataca and la Alemana, Daniel and Desir\u00e9e, \u00c1lex and Desir\u00e9e, Sammy the Magician among others.<\/p>\n<p>He decided to create his Dance Academy &#8220;Steve&#8221; in Puerto Morelos Quintana Roo in March 2018, already celebrating 5 years of sharing and teaching these beautiful styles, in a municipality that he fell in love with. Esteban Romero convinced to contribute to this beautiful affected town trying to dance and satisfaction for those who want to learn to dance.<\/p>\n<p>\t\t\t\t\t<a href=\"https:\/\/www.facebook.com\/salsaclassescancun\" target=\"_blank\" rel=\"noopener nofollow\"><br \/>\n\t\t\t\t\t\tFacebook-f<br \/>\n\t\t\t\t\t\t<svg viewbox=\"0 0 320 512\" ><path d=\"M279.14 288l14.22-92.66h-88.91v-60.13c0-25.35 12.42-50.06 52.24-50.06h40.42V6.26S260.43 0 225.36 0c-73.22 0-121.08 44.38-121.08 124.72v70.62H22.89V288h81.39v224h100.17V288z\"><\/path><\/svg>\t\t\t\t\t<\/a><br \/>\n\t\t\t\t\t<a href=\"https:\/\/www.instagram.com\/dancesalsasteve\/\" target=\"_blank\" rel=\"noopener nofollow\"><br \/>\n\t\t\t\t\t\tInstagram<br \/>\n\t\t\t\t\t\t<svg viewbox=\"0 0 448 512\" ><path d=\"M224.1 141c-63.6 0-114.9 51.3-114.9 114.9s51.3 114.9 114.9 114.9S339 319.5 339 255.9 287.7 141 224.1 141zm0 189.6c-41.1 0-74.7-33.5-74.7-74.7s33.5-74.7 74.7-74.7 74.7 33.5 74.7 74.7-33.6 74.7-74.7 74.7zm146.4-194.3c0 14.9-12 26.8-26.8 26.8-14.9 0-26.8-12-26.8-26.8s12-26.8 26.8-26.8 26.8 12 26.8 26.8zm76.1 27.2c-1.7-35.9-9.9-67.7-36.2-93.9-26.2-26.2-58-34.4-93.9-36.2-37-2.1-147.9-2.1-184.9 0-35.8 1.7-67.6 9.9-93.9 36.1s-34.4 58-36.2 93.9c-2.1 37-2.1 147.9 0 184.9 1.7 35.9 9.9 67.7 36.2 93.9s58 34.4 93.9 36.2c37 2.1 147.9 2.1 184.9 0 35.9-1.7 67.7-9.9 93.9-36.2 26.2-26.2 34.4-58 36.2-93.9 2.1-37 2.1-147.8 0-184.8zM398.8 388c-7.8 19.6-22.9 34.7-42.6 42.6-29.5 11.7-99.5 9-132.1 9s-102.7 2.6-132.1-9c-19.6-7.8-34.7-22.9-42.6-42.6-11.7-29.5-9-99.5-9-132.1s-2.6-102.7 9-132.1c7.8-19.6 22.9-34.7 42.6-42.6 29.5-11.7 99.5-9 132.1-9s102.7-2.6 132.1 9c19.6 7.8 34.7 22.9 42.6 42.6 11.7 29.5 9 99.5 9 132.1s2.7 102.7-9 132.1z\"><\/path><\/svg>\t\t\t\t\t<\/a><br \/>\n\t\t\t\t\t<a href=\"https:\/\/www.youtube.com\/channel\/UCRo4TSCVDDNxWZ5n68YmxoA\" target=\"_blank\" rel=\"noopener nofollow\"><br \/>\n\t\t\t\t\t\tYoutube<br \/>\n\t\t\t\t\t\t<svg viewbox=\"0 0 576 512\" ><path d=\"M549.655 124.083c-6.281-23.65-24.787-42.276-48.284-48.597C458.781 64 288 64 288 64S117.22 64 74.629 75.486c-23.497 6.322-42.003 24.947-48.284 48.597-11.412 42.867-11.412 132.305-11.412 132.305s0 89.438 11.412 132.305c6.281 23.65 24.787 41.5 48.284 47.821C117.22 448 288 448 288 448s170.78 0 213.371-11.486c23.497-6.321 42.003-24.171 48.284-47.821 11.412-42.867 11.412-132.305 11.412-132.305s0-89.438-11.412-132.305zm-317.51 213.508V175.185l142.739 81.205-142.739 81.201z\"><\/path><\/svg>\t\t\t\t\t<\/a><br \/>\n\t\t\t\t\t<a href=\"https:\/\/www.tripadvisor.com.mx\/Attraction_Review-g240327-d17737664-Reviews-Salsa_Lessons_Steve-Puerto_Morelos_Yucatan_Peninsula.html\" target=\"_blank\" rel=\"noopener nofollow\"><br \/>\n\t\t\t\t\t\tTripadvisor<br \/>\n\t\t\t\t\t\t<svg viewbox=\"0 0 576 512\" ><path d=\"M528.91,178.82,576,127.58H471.66a326.11,326.11,0,0,0-367,0H0l47.09,51.24A143.911,143.911,0,0,0,241.86,390.73L288,440.93l46.11-50.17A143.94,143.94,0,0,0,575.88,285.18h-.03A143.56,143.56,0,0,0,528.91,178.82ZM144.06,382.57a97.39,97.39,0,1,1,97.39-97.39A97.39,97.39,0,0,1,144.06,382.57ZM288,282.37c0-64.09-46.62-119.08-108.09-142.59a281,281,0,0,1,216.17,0C334.61,163.3,288,218.29,288,282.37Zm143.88,100.2h-.01a97.405,97.405,0,1,1,.01,0ZM144.06,234.12h-.01a51.06,51.06,0,1,0,51.06,51.06v-.11A51,51,0,0,0,144.06,234.12Zm287.82,0a51.06,51.06,0,1,0,51.06,51.06A51.06,51.06,0,0,0,431.88,234.12Z\"><\/path><\/svg>\t\t\t\t\t<\/a><br \/>\n\t\t\t\t\t<a href=\"https:\/\/open.spotify.com\/user\/esteveromero?si=hByW8pL0RwyaVS6QhJ-lFw\" target=\"_blank\" rel=\"noopener nofollow\"><br \/>\n\t\t\t\t\t\tSpotify<br \/>\n\t\t\t\t\t\t<svg viewbox=\"0 0 496 512\" ><path d=\"M248 8C111.1 8 0 119.1 0 256s111.1 248 248 248 248-111.1 248-248S384.9 8 248 8zm100.7 364.9c-4.2 0-6.8-1.3-10.7-3.6-62.4-37.6-135-39.2-206.7-24.5-3.9 1-9 2.6-11.9 2.6-9.7 0-15.8-7.7-15.8-15.8 0-10.3 6.1-15.2 13.6-16.8 81.9-18.1 165.6-16.5 237 26.2 6.1 3.9 9.7 7.4 9.7 16.5s-7.1 15.4-15.2 15.4zm26.9-65.6c-5.2 0-8.7-2.3-12.3-4.2-62.5-37-155.7-51.9-238.6-29.4-4.8 1.3-7.4 2.6-11.9 2.6-10.7 0-19.4-8.7-19.4-19.4s5.2-17.8 15.5-20.7c27.8-7.8 56.2-13.6 97.8-13.6 64.9 0 127.6 16.1 177 45.5 8.1 4.8 11.3 11 11.3 19.7-.1 10.8-8.5 19.5-19.4 19.5zm31-76.2c-5.2 0-8.4-1.3-12.9-3.9-71.2-42.5-198.5-52.7-280.9-29.7-3.6 1-8.1 2.6-12.9 2.6-13.2 0-23.3-10.3-23.3-23.6 0-13.6 8.4-21.3 17.4-23.9 35.2-10.3 74.6-15.2 117.5-15.2 73 0 149.5 15.2 205.4 47.8 7.8 4.5 12.9 10.7 12.9 22.6 0 13.6-11 23.3-23.2 23.3z\"><\/path><\/svg>\t\t\t\t\t<\/a><\/p>\n<figure><img decoding=\"async\" src=\"https:\/\/steve.dance\/wp-content\/uploads\/elementor\/thumbs\/Steve-salsa-26-pvfb8ueges8mw4uz0dp4kwwm7ozxffusw3gkk4b8gw.jpeg\" alt=\"Steve Dance Academy\" title=\"MExplor\"><\/figure>\n<figure><img decoding=\"async\" src=\"https:\/\/steve.dance\/wp-content\/uploads\/elementor\/thumbs\/Steve-sept-2020-1-min9-min-2-pcavwt2nmlnew36yl07rfhhditeznxjy3x2b0277hc.jpg\" alt=\"Salsa Cancun\" title=\"MExplor\"><\/figure>\n<figure><img decoding=\"async\" src=\"https:\/\/steve.dance\/wp-content\/uploads\/elementor\/thumbs\/steve-min2jpg-1-2-pcavws4tfrm4kh8bqht4uzpwxfjmg8g7rsetis8lnk.jpg\" alt=\"c\" title=\"MExplor\"><\/figure>\n<figure><img decoding=\"async\" src=\"https:\/\/steve.dance\/wp-content\/uploads\/elementor\/thumbs\/GOPR4457-scaled-owymye10x2kglmbg3iek5ixoy6ol08xcig9h933o2o.jpg\" alt=\"Puerto Morelos activities\" title=\"MExplor\"><\/figure>\n<figure><img decoding=\"async\" src=\"https:\/\/steve.dance\/wp-content\/uploads\/elementor\/thumbs\/7-ov4cqczatoffi4poaisk8lwn46phoevvgzfonvv1cw.png\" alt=\"Salsa Online Class in Cancun - Steve\" title=\"MExplor\"><\/figure>\n<figure><img decoding=\"async\" src=\"https:\/\/steve.dance\/wp-content\/uploads\/elementor\/thumbs\/Salsa-Steve-Playa-del-Carmen-Clase-Privada-1-1024x766-min-2-paws3h61fzc8rsaezhjtu70iq19574uopz0w3hfee8.jpg\" alt=\"Salsa-Steve-Playa-del-Carmen-Clase-Privada-1-1024x766-min\" title=\"MExplor\"><\/figure>\n<p>\t\t\t\t\t\t<svg aria-hidden=\"true\" viewbox=\"0 0 1000 1000\" ><path d=\"M646 125C629 125 613 133 604 142L308 442C296 454 292 471 292 487 292 504 296 521 308 533L604 854C617 867 629 875 646 875 663 875 679 871 692 858 704 846 713 829 713 812 713 796 708 779 692 767L438 487 692 225C700 217 708 204 708 187 708 171 704 154 692 142 675 129 663 125 646 125Z\"><\/path><\/svg><br \/>\n\t\t\t\t\t\t<svg aria-hidden=\"true\" viewbox=\"0 0 1000 1000\" ><path d=\"M696 533C708 521 713 504 713 487 713 471 708 454 696 446L400 146C388 133 375 125 354 125 338 125 325 129 313 142 300 154 292 171 292 187 292 204 296 221 308 233L563 492 304 771C292 783 288 800 288 817 288 833 296 850 308 863 321 871 338 875 354 875 371 875 388 867 400 854L696 533Z\"><\/path><\/svg><\/p>","protected":false},"excerpt":{"rendered":"<p>What we do STEVE DANCE ACADEMY With passion, Steve Dance Academy teachs to people from all around the world in order to share the benefits of dancing salsa and bachata About us Steve Dance Academy Dance &#8230; then think! STEVE Dance Academy started in 2018.\u00a0 What we do? We teach to dance, to beautiful and [&hellip;]<\/p>\n","protected":false},"author":1,"featured_media":0,"parent":0,"menu_order":0,"comment_status":"open","ping_status":"open","template":"","meta":{"site-sidebar-layout":"default","site-content-layout":"","ast-site-content-layout":"default","site-content-style":"default","site-sidebar-style":"default","ast-global-header-display":"","ast-banner-title-visibility":"","ast-main-header-display":"","ast-hfb-above-header-display":"","ast-hfb-below-header-display":"","ast-hfb-mobile-header-display":"","site-post-title":"","ast-breadcrumbs-content":"","ast-featured-img":"","footer-sml-layout":"","ast-disable-related-posts":"","theme-transparent-header-meta":"","adv-header-id-meta":"","stick-header-meta":"","header-above-stick-meta":"","header-main-stick-meta":"","header-below-stick-meta":"","astra-migrate-meta-layouts":"default","ast-page-background-enabled":"default","ast-page-background-meta":{"desktop":{"background-color":"","background-image":"","background-repeat":"repeat","background-position":"center center","background-size":"auto","background-attachment":"scroll","background-type":"","background-media":"","overlay-type":"","overlay-color":"","overlay-opacity":"","overlay-gradient":""},"tablet":{"background-color":"","background-image":"","background-repeat":"repeat","background-position":"center center","background-size":"auto","background-attachment":"scroll","background-type":"","background-media":"","overlay-type":"","overlay-color":"","overlay-opacity":"","overlay-gradient":""},"mobile":{"background-color":"","background-image":"","background-repeat":"repeat","background-position":"center center","background-size":"auto","background-attachment":"scroll","background-type":"","background-media":"","overlay-type":"","overlay-color":"","overlay-opacity":"","overlay-gradient":""}},"ast-content-background-meta":{"desktop":{"background-color":"var(--ast-global-color-5)","background-image":"","background-repeat":"repeat","background-position":"center center","background-size":"auto","background-attachment":"scroll","background-type":"","background-media":"","overlay-type":"","overlay-color":"","overlay-opacity":"","overlay-gradient":""},"tablet":{"background-color":"var(--ast-global-color-5)","background-image":"","background-repeat":"repeat","background-position":"center center","background-size":"auto","background-attachment":"scroll","background-type":"","background-media":"","overlay-type":"","overlay-color":"","overlay-opacity":"","overlay-gradient":""},"mobile":{"background-color":"var(--ast-global-color-5)","background-image":"","background-repeat":"repeat","background-position":"center center","background-size":"auto","background-attachment":"scroll","background-type":"","background-media":"","overlay-type":"","overlay-color":"","overlay-opacity":"","overlay-gradient":""}},"footnotes":""},"class_list":["post-34510","page","type-page","status-publish","hentry"],"_links":{"self":[{"href":"https:\/\/mexplor.co\/es\/wp-json\/wp\/v2\/pages\/34510","targetHints":{"allow":["GET"]}}],"collection":[{"href":"https:\/\/mexplor.co\/es\/wp-json\/wp\/v2\/pages"}],"about":[{"href":"https:\/\/mexplor.co\/es\/wp-json\/wp\/v2\/types\/page"}],"author":[{"embeddable":true,"href":"https:\/\/mexplor.co\/es\/wp-json\/wp\/v2\/users\/1"}],"replies":[{"embeddable":true,"href":"https:\/\/mexplor.co\/es\/wp-json\/wp\/v2\/comments?post=34510"}],"version-history":[{"count":0,"href":"https:\/\/mexplor.co\/es\/wp-json\/wp\/v2\/pages\/34510\/revisions"}],"wp:attachment":[{"href":"https:\/\/mexplor.co\/es\/wp-json\/wp\/v2\/media?parent=34510"}],"curies":[{"name":"wp","href":"https:\/\/api.w.org\/{rel}","templated":true}]}}