{"id":34529,"date":"2025-03-27T18:57:29","date_gmt":"2025-03-27T23:57:29","guid":{"rendered":"https:\/\/mexplor.co\/clases-de-salsa-privadas\/"},"modified":"2025-03-27T18:57:29","modified_gmt":"2025-03-27T23:57:29","slug":"clases-de-salsa-privadas","status":"publish","type":"page","link":"https:\/\/mexplor.co\/es\/clases-de-salsa-privadas\/","title":{"rendered":"clases de salsa privadas"},"content":{"rendered":"<h3>Clases individuales de salsa o bachata<\/h3>\n<p>Private salsa and bachata lessons in Cancun Playa del Carmen Riviera Maya Puerto Morelos Tulum<\/p>\n<p>\t\t\t<a role=\"button\"><br \/>\n\t\t\t\t\t\tReserva tu clase<br \/>\n\t\t\t\t\t<\/a><\/p>\n<h1>Clases de Salsa Privadas<\/h1>\n<h2>Clases de Salsa en la Riviera Maya<\/h2>\n<p><strong>\u00bfCrees que es m\u00e1s barato aprender en grupo?\u00a0<\/strong>Tardas m\u00e1s tiempo el aprendizaje no se adapta a ti por tanto invertir\u00e1s mas dinero y tiempo. Tenemos una metodolog\u00eda ya probada por a\u00f1os para que aprendas r\u00e1pido y a tu ritmo. Te llevamos paso a paso hasta lograr el objetivo. <strong>Cumple un objetivo mas de vida<\/strong><\/p>\n<p>\t\t\t\t\t\t\t\t\t\t\t\t<img loading=\"lazy\" decoding=\"async\" width=\"382\" height=\"382\" src=\"https:\/\/steve.dance\/wp-content\/uploads\/2021\/07\/steve5-e1610405470778-min-2.jpg\" alt=\"salsa classes in mexico\" title=\"MExplor\"><br \/>\n\t\t\t\t\t\t\t\t\t\t\t\t<img decoding=\"async\" src=\"https:\/\/steve.dance\/wp-content\/uploads\/elementor\/thumbs\/10-e1610h405430729-min-5-pawswzbqehb4f5r1j2elbwo424964met7ldwoymz5c.jpg\" title=\"Salsa class Mexico\" alt=\"Salsa class Mexico\" \/>\t\t\t\t\t\t\t\t\t\t\t\t\t\t<\/p>\n<h2>Clases de Bachata en la Riviera Maya<\/h2>\n<h3>clases de bachata<\/h3>\n<p>Las clases 100% personalizadas acorde a tus necesidades, los tiempos y los d\u00edas los programas tu junto con el instructor, Es un programa completo con material para tus practicas. <strong>Puedes juntar a una persona m\u00e1s<\/strong> no importa si es del mismo sexo.<\/p>\n<p>\u00a0<\/p>\n<p>\t\t\t<a role=\"button\"><br \/>\n\t\t\t\t\t\tMore details about the package<br \/>\n\t\t\t\t\t<\/a><\/p>\n<h2>Clases Avanzadas de Salsa<\/h2>\n<p>Ya sabes bailar, nos adaptamos a tu nivel y hacemos una clase a tus necesidades<\/p>\n<p>\t\t\t\t\t\t\t\t\t\t\t\t<img decoding=\"async\" src=\"https:\/\/steve.dance\/wp-content\/uploads\/elementor\/thumbs\/steve-min2jpg-1-2-pawr4us45dk1a1kwnhvsaaw1vh83jrsex6523artq8.jpg\" title=\"steve-min2jpg (1)\" alt=\"Riviera Maya Clases de Baile salsa bachata\" \/><br \/>\n\t\t\t\t\t\t\t\t\t\t\t\t<img decoding=\"async\" src=\"https:\/\/steve.dance\/wp-content\/uploads\/elementor\/thumbs\/FB_IMG_1582731671285k-min-2-pawr2tgpcaro4gjejm6vvte3jf9gvdpcn396npshtu.jpg\" title=\"FB_IMG_1582731671285k-min\" alt=\"Salsa Cancun\" \/>\t\t\t\t\t\t\t\t\t\t\t\t\t\t<\/p>\n<h2>Trucos y Tecnica<\/h2>\n<p>Los pasos prohibidos est\u00e1n aqu\u00ed, sorprende a quien se le ocurra verte.<\/p>\n<h2>Estilo y Musicalidad<\/h2>\n<p>La parte mas musical y corporal del baile aprender a entender y usar la musica a tu favor<\/p>\n<p>\t\t\t\t\t\t\t\t\t\t\t\t<img loading=\"lazy\" decoding=\"async\" width=\"623\" height=\"487\" src=\"https:\/\/steve.dance\/wp-content\/uploads\/2021\/07\/online-clasys-min.jpg\" alt=\"bachata class\" title=\"MExplor\">\t\t\t\t\t\t\t\t\t\t\t\t\t\t<\/p>\n<h3>Clases Individuales de Salsa o Bachata<\/h3>\n<p>Clases presenciales en Canc\u00fan, Puerto Morelos, Playa del Carmen y Tulum\u00a0<\/p>\n<h3>\n\t\t\t\t\t\tEvaluci\u00f3n<br \/>\n\t\t\t\t<\/h3>\n<p>\n\t\t\t\t\t\tPrimero evaluamos tu necesidades y capacidades\t\t\t\t\t<\/p>\n<h3>\n\t\t\t\t\t\tPlan<br \/>\n\t\t\t\t<\/h3>\n<p>\n\t\t\t\t\t\tElaboramos un plan para alcanzar los objetivos planteados.\t\t\t\t\t<\/p>\n<h3>\n\t\t\t\t\t\tClases<br \/>\n\t\t\t\t<\/h3>\n<p>\n\t\t\t\t\t\tIniciaremos con clases y los pasos basicos \t\t\t\t\t<\/p>\n<h3>\n\t\t\t\t\t\tGraduaci\u00f3n de nivel<br \/>\n\t\t\t\t<\/h3>\n<p>\n\t\t\t\t\t\tHaremos una evaluaci\u00f3n de nuevo para estar seguros de seguir con el siguiente nivel o graduaci\u00f3n .\t\t\t\t\t<\/p>\n<h3>Beneficios de las clases privadas<\/h3>\n<p>Felicidades por llegar hasta aqu\u00ed\u00a1\u00a1 Creo necesitas mas argumentos<\/p>\n<h3>\n\t\t\t\t\t\tAhorra Dinero<br \/>\n\t\t\t\t<\/h3>\n<p>\n\t\t\t\t\t\tAprende mas r\u00e1pido y claro, te ahorrara mas que las clases grupales, una clase individual es como un mes de clases grupales\t\t\t\t\t<\/p>\n<h3>\n\t\t\t\t\t\tAhorra Tiempo<br \/>\n\t\t\t\t<\/h3>\n<p>\n\t\t\t\t\t\tAprender\u00e1s de la forma mas rapida que te imagines, empezamos cuando llegues, no tienes que esperar a nadie\t\t\t\t\t<\/p>\n<h3>\n\t\t\t\t\t\tA tu Ritmo<br \/>\n\t\t\t\t<\/h3>\n<p>\n\t\t\t\t\t\tTodos tienen diferentes velocidades y formas de aprender identific\u00e1remos la tuya y haremos que funcione \t\t\t\t\t<\/p>\n<p>\t\t\t\t\t\t\t\t\t\t\t\t<img loading=\"lazy\" decoding=\"async\" width=\"513\" height=\"670\" src=\"https:\/\/steve.dance\/wp-content\/uploads\/2021\/07\/1djpg-min-3.jpg\" alt=\"best thing to do in Cancun - Steve\" title=\"MExplor\"><br \/>\n\t\t\t<a role=\"button\"><br \/>\n\t\t\t\t\t\tRevera tu clase<br \/>\n\t\t\t\t\t<\/a><\/p>\n<h3>\n\t\t\t\t\t\tBaila con los maestros<br \/>\n\t\t\t\t<\/h3>\n<p>\n\t\t\t\t\t\tBailaras con la maestra o maestro ellos te corregir\u00e1n en el momento y llevaran mas tus avances.\t\t\t\t\t<\/p>\n<h3>\n\t\t\t\t\t\tTu Objetivo es el unico<br \/>\n\t\t\t\t<\/h3>\n<p>\n\t\t\t\t\t\tHablamos de tus necesidades y nos enfocamos en lograr el objetivo\t\t\t\t\t<\/p>\n<p>Elige el mejor lugar para ti<\/p>\n<p>Clases de baile de Salsa y bachata cerca de mi<\/p>\n<h3>A domicilio<\/h3>\n<p>\t\t\t<a role=\"button\"><br \/>\n\t\t\t\t\t\tReserva<br \/>\n\t\t\t\t\t<\/a><\/p>\n<h3>En el Estudio<\/h3>\n<p>\t\t\t<a href=\"https:\/\/goo.gl\/maps\/YZEeM2evqixBSmet6\" target=\"_blank\" role=\"button\" rel=\"noopener\"><br \/>\n\t\t\t\t\t\tDireccion<br \/>\n\t\t\t\t\t<\/a><\/p>\n<h3>Cancun<\/h3>\n<p>\t\t\t<a href=\"https:\/\/steve.dance\/clases-de-salsa-en-cancun\/\" target=\"_blank\" role=\"button\" rel=\"noopener\"><br \/>\n\t\t\t\t\t\tDireccion<br \/>\n\t\t\t\t\t<\/a><\/p>\n<h3>Playa del Carmen<\/h3>\n<p>\t\t\t<a href=\"https:\/\/steve.dance\/clases-de-salsa-en-playa-del-carmen\/\" target=\"_blank\" role=\"button\" rel=\"noopener\"><br \/>\n\t\t\t\t\t\tDireccion<br \/>\n\t\t\t\t\t<\/a><\/p>\n<h3>Puerto MOrelos<\/h3>\n<p>\t\t\t<a href=\"https:\/\/steve.dance\/clases-de-salsa-en-puerto-morelos\/\" target=\"_blank\" role=\"button\" rel=\"noopener\"><br \/>\n\t\t\t\t\t\tDireccion<br \/>\n\t\t\t\t\t<\/a><\/p>\n<h3>Tulum<\/h3>\n<p>\t\t\t<a role=\"button\"><br \/>\n\t\t\t\t\t\tDireccion<br \/>\n\t\t\t\t\t<\/a><\/p>\n<h3>Online<\/h3>\n<p>\t\t\t<a href=\"https:\/\/steve.dance\/online-salsa-and-bachata-classes\/\" role=\"button\"><br \/>\n\t\t\t\t\t\tAgendar<br \/>\n\t\t\t\t\t<\/a><\/p>\n<ul id=\"PeRbBTNeYIZa\">\n<li id=\"VEoibptK\"><a target=\"_blank\" href=\"https:\/\/www.tripadvisor.com\/\" rel=\"noopener nofollow\"><img decoding=\"async\" src=\"https:\/\/static.tacdn.com\/img2\/t4b\/Stacked_TA_logo.png\" alt=\"TripAdvisor\" id=\"CDSWIDEXCLOGO\" title=\"MExplor\"><\/a><\/li>\n<\/ul>\n<ul id=\"6v2aKpCj\">\n<li id=\"hNfqixylfvRp\"><a target=\"_blank\" href=\"https:\/\/www.tripadvisor.com\/\" rel=\"noopener nofollow\"><img decoding=\"async\" src=\"https:\/\/static.tacdn.com\/img2\/widget\/tripadvisor_logo_115x18.gif\" alt=\"TripAdvisor\" id=\"CDSWIDEXCLOGO\" title=\"MExplor\"><\/a><\/li>\n<\/ul>\n<h2>Clases de salsa privadas<\/h2>\n<h2>Clases de bachata privadas<\/h2>\n<p>Nos adaptamos a tu nivel<\/p>\n<p>https:\/\/www.youtube.com\/watch?v=aX-_fp1FJaM<\/p>","protected":false},"excerpt":{"rendered":"<p>Clases individuales de salsa o bachata Private salsa and bachata lessons in Cancun Playa del Carmen Riviera Maya Puerto Morelos Tulum Book your Class Clases de Salsa Privadas Clases de Salsa en la Riviera Maya \u00bfCrees que es m\u00e1s barato aprender en grupo?\u00a0Tardas m\u00e1s tiempo el aprendizaje no se adapta a ti por tanto invertir\u00e1s [&hellip;]<\/p>\n","protected":false},"author":1,"featured_media":0,"parent":0,"menu_order":0,"comment_status":"open","ping_status":"open","template":"","meta":{"site-sidebar-layout":"default","site-content-layout":"","ast-site-content-layout":"default","site-content-style":"default","site-sidebar-style":"default","ast-global-header-display":"","ast-banner-title-visibility":"","ast-main-header-display":"","ast-hfb-above-header-display":"","ast-hfb-below-header-display":"","ast-hfb-mobile-header-display":"","site-post-title":"","ast-breadcrumbs-content":"","ast-featured-img":"","footer-sml-layout":"","ast-disable-related-posts":"","theme-transparent-header-meta":"","adv-header-id-meta":"","stick-header-meta":"","header-above-stick-meta":"","header-main-stick-meta":"","header-below-stick-meta":"","astra-migrate-meta-layouts":"default","ast-page-background-enabled":"default","ast-page-background-meta":{"desktop":{"background-color":"","background-image":"","background-repeat":"repeat","background-position":"center center","background-size":"auto","background-attachment":"scroll","background-type":"","background-media":"","overlay-type":"","overlay-color":"","overlay-opacity":"","overlay-gradient":""},"tablet":{"background-color":"","background-image":"","background-repeat":"repeat","background-position":"center center","background-size":"auto","background-attachment":"scroll","background-type":"","background-media":"","overlay-type":"","overlay-color":"","overlay-opacity":"","overlay-gradient":""},"mobile":{"background-color":"","background-image":"","background-repeat":"repeat","background-position":"center center","background-size":"auto","background-attachment":"scroll","background-type":"","background-media":"","overlay-type":"","overlay-color":"","overlay-opacity":"","overlay-gradient":""}},"ast-content-background-meta":{"desktop":{"background-color":"var(--ast-global-color-5)","background-image":"","background-repeat":"repeat","background-position":"center center","background-size":"auto","background-attachment":"scroll","background-type":"","background-media":"","overlay-type":"","overlay-color":"","overlay-opacity":"","overlay-gradient":""},"tablet":{"background-color":"var(--ast-global-color-5)","background-image":"","background-repeat":"repeat","background-position":"center center","background-size":"auto","background-attachment":"scroll","background-type":"","background-media":"","overlay-type":"","overlay-color":"","overlay-opacity":"","overlay-gradient":""},"mobile":{"background-color":"var(--ast-global-color-5)","background-image":"","background-repeat":"repeat","background-position":"center center","background-size":"auto","background-attachment":"scroll","background-type":"","background-media":"","overlay-type":"","overlay-color":"","overlay-opacity":"","overlay-gradient":""}},"footnotes":""},"class_list":["post-34529","page","type-page","status-publish","hentry"],"_links":{"self":[{"href":"https:\/\/mexplor.co\/es\/wp-json\/wp\/v2\/pages\/34529","targetHints":{"allow":["GET"]}}],"collection":[{"href":"https:\/\/mexplor.co\/es\/wp-json\/wp\/v2\/pages"}],"about":[{"href":"https:\/\/mexplor.co\/es\/wp-json\/wp\/v2\/types\/page"}],"author":[{"embeddable":true,"href":"https:\/\/mexplor.co\/es\/wp-json\/wp\/v2\/users\/1"}],"replies":[{"embeddable":true,"href":"https:\/\/mexplor.co\/es\/wp-json\/wp\/v2\/comments?post=34529"}],"version-history":[{"count":0,"href":"https:\/\/mexplor.co\/es\/wp-json\/wp\/v2\/pages\/34529\/revisions"}],"wp:attachment":[{"href":"https:\/\/mexplor.co\/es\/wp-json\/wp\/v2\/media?parent=34529"}],"curies":[{"name":"wp","href":"https:\/\/api.w.org\/{rel}","templated":true}]}}