{"id":24893,"date":"2023-01-01T21:33:51","date_gmt":"2023-01-02T02:33:51","guid":{"rendered":"https:\/\/mexplor.co\/?post_type=product&#038;p=24893"},"modified":"2025-07-01T18:27:15","modified_gmt":"2025-07-01T23:27:15","slug":"scuba-diving-in-cenotes","status":"publish","type":"product","link":"https:\/\/mexplor.co\/es\/scuba-diving-in-cenotes\/","title":{"rendered":"Scuba Diving in Cancun (Cenotes)"},"content":{"rendered":"<h1>Scuba Diving in Tulum (Cenotes)<\/h1>\n<p>Cancun Scuba diving<\/p>\n<p>Prueba la incre\u00edble experiencia de bucear en un cenote. Normalmente, los cenotes est\u00e1n conectados entre s\u00ed por t\u00faneles subterr\u00e1neos, lo que convierte a la Riviera Maya en un lugar \u00fanico para los buzos que desean sumergirse en las emblem\u00e1ticas piscinas naturales de la selva maya.<\/p>\n<p>The\u00a0<a href=\"https:\/\/mexplor.co\/en\/category\/riviera-maya\/\" target=\"_blank\" rel=\"noopener\" data-schema-attribute=\"\">Riviera Maya<\/a> has the largest underground water system in the world. In these fresh waters, you will find a great amount of biodiversity as well as stalactites, stalagmites, gas clouds (sulfuric acid) and haloclines (mix of salt water with fresh water), live this magical and unforgettable experience to dive cenote Mexico with us.<\/p>\n<p><strong>Sites<\/strong><\/p>\n<ul>\n<li><strong>Cenote Dos Ojos<\/strong>\u00a0| Tulum<\/li>\n<li><strong>Dream Gates<\/strong>\u00a0| Tulum<\/li>\n<li><strong>Tajma-Ha<\/strong>\u00a0| Playa del Carmen<\/li>\n<li><strong>Chac Mool<\/strong>\u00a0| Tulum<\/li>\n<li><strong>Casa Cenote<\/strong>\u00a0| Tulum<\/li>\n<li><strong>Cenote The Pit<\/strong>\u00a0| Tulum +\u00a0<strong>Cenote Dos Ojos<\/strong>\u00a0| Tulum<\/li>\n<li><strong>Hell Bells Cenote<\/strong>\u00a0| Puerto Morelos +\u00a0<strong>Cenote Maravilla<\/strong>\u00a0| Puerto Morelos<\/li>\n<li><strong>Cenote Angelita<\/strong> | Tulum + Shallow Cenote<\/li>\n<\/ul>\n<p>Scuba diving cancun<\/p>\n<p><strong>Duration<\/strong><\/p>\n<p>Scuba Diving in Cenote lasts about 5 hours, pick up at around 7am, back at around 1pm. The duration can changes depending on weather or group conditions.<\/p>\n<h2>DIVE CENOTE<\/h2>\n<p><strong>It includes<\/strong><\/p>\n<ul>\n<li>Complete equipment and flash light<\/li>\n<li>2 dives in 2 cenotes<\/li>\n<li>Certified cave guide (multilingual)<\/li>\n<li>Transportation from and to Playa Del Carmen (downtown)<\/li>\n<li>Snacks and water<\/li>\n<li>Entrance fees to the cenote<\/li>\n<\/ul>\n<p><strong>Does not include<\/strong><\/p>\n<ul>\n<li>Propinas y sin especificar<\/li>\n<li>Photos and videos (multimedia service on demand)<\/li>\n<\/ul>\n<p><strong>Requirements<\/strong><\/p>\n<ul>\n<li>\u00a0Your diving license (or at least your PADI number)<\/li>\n<li>\u00a0Minimum certification in open water or equivalent.<\/li>\n<li>Do not fly for the next 18 hours.<\/li>\n<\/ul>","protected":false},"excerpt":{"rendered":"<p>2 dives in cenotes<\/p>\n<p><strong>It includes<\/strong><\/p>\n<ul>\n<li>Complete equipment and flash light<\/li>\n<li>2 dives in 2 cenotes<\/li>\n<li>Certified cave guide (multilingual)<\/li>\n<li>Transportation from and to Playa Del Carmen (downtown)<\/li>\n<li>Snacks and water<\/li>\n<li>Entrance fees to the cenote<\/li>\n<\/ul>\n<p><strong>Does not include<\/strong><\/p>\n<ul>\n<li>Propinas y sin especificar<\/li>\n<li>Photos and videos (multimedia service on demand)<\/li>\n<\/ul>\n<p><strong>Requirements<\/strong><\/p>\n<ul>\n<li>\u00a0Your diving license (or at least your PADI number)<\/li>\n<li>\u00a0Minimum certification in open water or equivalent.<\/li>\n<li>Do not fly for the next 18 hours.<\/li>\n<\/ul>","protected":false},"featured_media":24800,"comment_status":"closed","ping_status":"closed","template":"","meta":{"site-sidebar-layout":"default","site-content-layout":"default","ast-site-content-layout":"default","site-content-style":"default","site-sidebar-style":"default","ast-global-header-display":"","ast-banner-title-visibility":"","ast-main-header-display":"","ast-hfb-above-header-display":"","ast-hfb-below-header-display":"","ast-hfb-mobile-header-display":"","site-post-title":"","ast-breadcrumbs-content":"","ast-featured-img":"","footer-sml-layout":"","ast-disable-related-posts":"","theme-transparent-header-meta":"default","adv-header-id-meta":"","stick-header-meta":"","header-above-stick-meta":"","header-main-stick-meta":"","header-below-stick-meta":"","astra-migrate-meta-layouts":"set","ast-page-background-enabled":"default","ast-page-background-meta":{"desktop":{"background-color":"","background-image":"","background-repeat":"repeat","background-position":"center center","background-size":"auto","background-attachment":"scroll","background-type":"","background-media":"","overlay-type":"","overlay-color":"","overlay-opacity":"","overlay-gradient":""},"tablet":{"background-color":"","background-image":"","background-repeat":"repeat","background-position":"center center","background-size":"auto","background-attachment":"scroll","background-type":"","background-media":"","overlay-type":"","overlay-color":"","overlay-opacity":"","overlay-gradient":""},"mobile":{"background-color":"","background-image":"","background-repeat":"repeat","background-position":"center center","background-size":"auto","background-attachment":"scroll","background-type":"","background-media":"","overlay-type":"","overlay-color":"","overlay-opacity":"","overlay-gradient":""}},"ast-content-background-meta":{"desktop":{"background-color":"var(--ast-global-color-5)","background-image":"","background-repeat":"repeat","background-position":"center center","background-size":"auto","background-attachment":"scroll","background-type":"","background-media":"","overlay-type":"","overlay-color":"","overlay-opacity":"","overlay-gradient":""},"tablet":{"background-color":"var(--ast-global-color-5)","background-image":"","background-repeat":"repeat","background-position":"center center","background-size":"auto","background-attachment":"scroll","background-type":"","background-media":"","overlay-type":"","overlay-color":"","overlay-opacity":"","overlay-gradient":""},"mobile":{"background-color":"var(--ast-global-color-5)","background-image":"","background-repeat":"repeat","background-position":"center center","background-size":"auto","background-attachment":"scroll","background-type":"","background-media":"","overlay-type":"","overlay-color":"","overlay-opacity":"","overlay-gradient":""}}},"product_brand":[],"product_cat":[1888],"product_tag":[],"actividad":[3701],"ubicacion":[],"class_list":{"0":"post-24893","1":"product","2":"type-product","3":"status-publish","4":"has-post-thumbnail","6":"product_cat-store","7":"actividad-scuba-diving","8":"desktop-align-left","9":"tablet-align-left","10":"mobile-align-left","11":"tm-no-options","13":"first","14":"instock","15":"sold-individually","16":"shipping-taxable","17":"purchasable","18":"product-type-booking"},"booking_location":"","booking_location_type":"","booking_duration":1,"booking_duration_unit":"day","booking_buffer":1,"booking_cost":3800,"booking_resources":[],"_links":{"self":[{"href":"https:\/\/mexplor.co\/es\/wp-json\/wp\/v2\/product\/24893","targetHints":{"allow":["GET"]}}],"collection":[{"href":"https:\/\/mexplor.co\/es\/wp-json\/wp\/v2\/product"}],"about":[{"href":"https:\/\/mexplor.co\/es\/wp-json\/wp\/v2\/types\/product"}],"replies":[{"embeddable":true,"href":"https:\/\/mexplor.co\/es\/wp-json\/wp\/v2\/comments?post=24893"}],"version-history":[{"count":2,"href":"https:\/\/mexplor.co\/es\/wp-json\/wp\/v2\/product\/24893\/revisions"}],"predecessor-version":[{"id":31987,"href":"https:\/\/mexplor.co\/es\/wp-json\/wp\/v2\/product\/24893\/revisions\/31987"}],"wp:featuredmedia":[{"embeddable":true,"href":"https:\/\/mexplor.co\/es\/wp-json\/wp\/v2\/media\/24800"}],"wp:attachment":[{"href":"https:\/\/mexplor.co\/es\/wp-json\/wp\/v2\/media?parent=24893"}],"wp:term":[{"taxonomy":"product_brand","embeddable":true,"href":"https:\/\/mexplor.co\/es\/wp-json\/wp\/v2\/product_brand?post=24893"},{"taxonomy":"product_cat","embeddable":true,"href":"https:\/\/mexplor.co\/es\/wp-json\/wp\/v2\/product_cat?post=24893"},{"taxonomy":"product_tag","embeddable":true,"href":"https:\/\/mexplor.co\/es\/wp-json\/wp\/v2\/product_tag?post=24893"},{"taxonomy":"actividad","embeddable":true,"href":"https:\/\/mexplor.co\/es\/wp-json\/wp\/v2\/actividad?post=24893"},{"taxonomy":"ubicacion","embeddable":true,"href":"https:\/\/mexplor.co\/es\/wp-json\/wp\/v2\/ubicacion?post=24893"}],"curies":[{"name":"wp","href":"https:\/\/api.w.org\/{rel}","templated":true}]}}