{"id":28914,"date":"2024-07-04T16:51:10","date_gmt":"2024-07-04T21:51:10","guid":{"rendered":"https:\/\/mexplor.co\/?post_type=product&#038;p=28914"},"modified":"2025-07-01T18:22:25","modified_gmt":"2025-07-01T23:22:25","slug":"dsd-2-tanks-cancun","status":"publish","type":"product","link":"https:\/\/mexplor.co\/es\/dsd-2-tanks-cancun\/","title":{"rendered":"SCUBA DIVING CANCUN ( DSD 2 TANKS )"},"content":{"rendered":"<h1>Discover Scuba Diving (DSD) Course in Cancun: Your First Underwater Adventure<\/h1>\n<p>&nbsp;<\/p>\n<h2>SCUBA DIVING CANCUN<\/h2>\n<p>Discover the World of Scuba Diving with Total Safety &amp; Fun<\/p>\n<p>&nbsp;<\/p>\n<p>\u00bfAlguna vez has so\u00f1ado con explorar las profundidades del oc\u00e9ano, pero no sabes por d\u00f3nde empezar? El curso Discover Scuba Diving (DSD) en Canc\u00fan es la introducci\u00f3n perfecta para aquellos que quieren experimentar la emoci\u00f3n del buceo sin comprometerse con un curso completo de certificaci\u00f3n. Dise\u00f1ado para principiantes absolutos, este curso te permite descubrir el fascinante mundo submarino en un entorno seguro y controlado, bajo la supervisi\u00f3n de instructores certificados.<\/p>\n<p>What is the Discover Scuba Diving (DSD) course?<\/p>\n<p>El curso DSD es un programa introductorio al buceo que te proporciona los conocimientos te\u00f3ricos y la experiencia pr\u00e1ctica b\u00e1sicos para que puedas probar el buceo por primera vez. No necesitas tener experiencia previa en buceo, solo ganas de aprender y explorar.<\/p>\n<h2>CANCUN SCUBA<\/h2>\n<p>&nbsp;<\/p>\n<ul>\n<li><strong>Incluye:<\/strong> Equipo<\/li>\n<li><strong>Incluye:<\/strong>Guia bilingue en el barco<\/li>\n<li><strong>D\u00edas disponibles: Solo con reserva previa.<\/strong><\/li>\n<li><strong>Location : <\/strong>Hotel Blue Day Grand Esmeralda \/ Hotel blue Diamond<\/li>\n<li><strong>Language: spanish, english, french<\/strong><\/li>\n<li><strong>Equipo completo<\/strong><\/li>\n<li><strong>Start Time:\u00a0 ( vary according to customer location) Pick up by hotel\u00a0<\/strong><\/li>\n<li><\/li>\n<li><strong>Duration<\/strong>:\u00a0 5 hrs aprox<\/li>\n<\/ul>\n<h4>Enrollment Requirements<\/h4>\n<p>&nbsp;<\/p>\n<p>Minimum Age: You must be at least <strong>12<\/strong> years old to enroll in the DSD course<\/p>\n<p>Health Status: You must be in good health and complete a medical questionnaire. In some cases, a physician&#8217;s clearance may be required.<\/p>\n<p>Swimming Skills: You do not need to be an expert swimmer, but you must be comfortable in the water.<\/p>\n<h6>Book Your Discover Scuba Diving (DSD) Course in Cancun Today<\/h6>\n<p>Don&#8217;t wait any longer to discover the magic of the underwater world. Book your Discover Scuba Diving course in Cancun with us and get ready for an adventure that will open the doors to new and exciting underwater experiences in Playa del Carmen<\/p>\n<p>Have you ever wondered what it&#8217;s like to breathe underwater and explore the wonders of the ocean? Our Discover Scuba Diving (DSD) in Cancun is the perfect introduction to the world of scuba diving. Designed for beginners, this program will allow you to experience the thrill of scuba diving without prior certification.<\/p>\n<h2>SCUBA DIVING IN CANCUN<\/h2>\n<p>Under the supervision of certified instructors, you will learn the basics of scuba diving in a safe and controlled environment. Then, you&#8217;ll dive into the crystal-clear waters of the Caribbean to discover vibrant coral reefs and fascinating marine life. This is the ideal opportunity to experience your first underwater adventure and fall in love with the underwater world &#8211; dare to explore the unknown!<\/p>","protected":false},"excerpt":{"rendered":"<p>&nbsp;<\/p>\n<ul>\n<li>2 tanques<\/li>\n<li><strong>Incluye:<\/strong> Transporte Hotel iyv<\/li>\n<li>Agua y fruta en el barco<\/li>\n<li>Equipo completo<\/li>\n<li>Aperitivos (baguettes o s\u00e1ndwiches)   *Opci\u00f3n para veganos\/vegetarianos)<\/li>\n<li><strong>No incluye<\/strong> Equipment $100 USD (use of the dock )<\/li>\n<li><strong>Edad m\u00ednima: 12 a\u00f1os. <\/strong><\/li>\n<li><strong>No flying for the next 12HS <\/strong><\/li>\n<\/ul>","protected":false},"featured_media":28727,"comment_status":"closed","ping_status":"closed","template":"","meta":{"site-sidebar-layout":"default","site-content-layout":"","ast-site-content-layout":"default","site-content-style":"default","site-sidebar-style":"default","ast-global-header-display":"","ast-banner-title-visibility":"","ast-main-header-display":"","ast-hfb-above-header-display":"","ast-hfb-below-header-display":"","ast-hfb-mobile-header-display":"","site-post-title":"","ast-breadcrumbs-content":"","ast-featured-img":"","footer-sml-layout":"","ast-disable-related-posts":"","theme-transparent-header-meta":"default","adv-header-id-meta":"","stick-header-meta":"","header-above-stick-meta":"","header-main-stick-meta":"","header-below-stick-meta":"","astra-migrate-meta-layouts":"set","ast-page-background-enabled":"default","ast-page-background-meta":{"desktop":{"background-color":"","background-image":"","background-repeat":"repeat","background-position":"center center","background-size":"auto","background-attachment":"scroll","background-type":"","background-media":"","overlay-type":"","overlay-color":"","overlay-opacity":"","overlay-gradient":""},"tablet":{"background-color":"","background-image":"","background-repeat":"repeat","background-position":"center center","background-size":"auto","background-attachment":"scroll","background-type":"","background-media":"","overlay-type":"","overlay-color":"","overlay-opacity":"","overlay-gradient":""},"mobile":{"background-color":"","background-image":"","background-repeat":"repeat","background-position":"center center","background-size":"auto","background-attachment":"scroll","background-type":"","background-media":"","overlay-type":"","overlay-color":"","overlay-opacity":"","overlay-gradient":""}},"ast-content-background-meta":{"desktop":{"background-color":"var(--ast-global-color-5)","background-image":"","background-repeat":"repeat","background-position":"center center","background-size":"auto","background-attachment":"scroll","background-type":"","background-media":"","overlay-type":"","overlay-color":"","overlay-opacity":"","overlay-gradient":""},"tablet":{"background-color":"var(--ast-global-color-5)","background-image":"","background-repeat":"repeat","background-position":"center center","background-size":"auto","background-attachment":"scroll","background-type":"","background-media":"","overlay-type":"","overlay-color":"","overlay-opacity":"","overlay-gradient":""},"mobile":{"background-color":"var(--ast-global-color-5)","background-image":"","background-repeat":"repeat","background-position":"center center","background-size":"auto","background-attachment":"scroll","background-type":"","background-media":"","overlay-type":"","overlay-color":"","overlay-opacity":"","overlay-gradient":""}}},"product_brand":[],"product_cat":[1888],"product_tag":[1563,1573,1574,1557],"actividad":[3701],"ubicacion":[],"class_list":{"0":"post-28914","1":"product","2":"type-product","3":"status-publish","4":"has-post-thumbnail","6":"product_cat-store","7":"product_tag-cancun","8":"product_tag-dsd","9":"product_tag-playa-del-carmen","10":"product_tag-scuba-diving","11":"actividad-scuba-diving","12":"desktop-align-left","13":"tablet-align-left","14":"mobile-align-left","15":"tm-no-options","17":"first","18":"instock","19":"sold-individually","20":"shipping-taxable","21":"purchasable","22":"product-type-booking"},"booking_location":"","booking_location_type":"","booking_duration":1,"booking_duration_unit":"day","booking_buffer":0,"booking_cost":2550,"booking_resources":[],"_links":{"self":[{"href":"https:\/\/mexplor.co\/es\/wp-json\/wp\/v2\/product\/28914","targetHints":{"allow":["GET"]}}],"collection":[{"href":"https:\/\/mexplor.co\/es\/wp-json\/wp\/v2\/product"}],"about":[{"href":"https:\/\/mexplor.co\/es\/wp-json\/wp\/v2\/types\/product"}],"replies":[{"embeddable":true,"href":"https:\/\/mexplor.co\/es\/wp-json\/wp\/v2\/comments?post=28914"}],"version-history":[{"count":1,"href":"https:\/\/mexplor.co\/es\/wp-json\/wp\/v2\/product\/28914\/revisions"}],"predecessor-version":[{"id":30081,"href":"https:\/\/mexplor.co\/es\/wp-json\/wp\/v2\/product\/28914\/revisions\/30081"}],"wp:featuredmedia":[{"embeddable":true,"href":"https:\/\/mexplor.co\/es\/wp-json\/wp\/v2\/media\/28727"}],"wp:attachment":[{"href":"https:\/\/mexplor.co\/es\/wp-json\/wp\/v2\/media?parent=28914"}],"wp:term":[{"taxonomy":"product_brand","embeddable":true,"href":"https:\/\/mexplor.co\/es\/wp-json\/wp\/v2\/product_brand?post=28914"},{"taxonomy":"product_cat","embeddable":true,"href":"https:\/\/mexplor.co\/es\/wp-json\/wp\/v2\/product_cat?post=28914"},{"taxonomy":"product_tag","embeddable":true,"href":"https:\/\/mexplor.co\/es\/wp-json\/wp\/v2\/product_tag?post=28914"},{"taxonomy":"actividad","embeddable":true,"href":"https:\/\/mexplor.co\/es\/wp-json\/wp\/v2\/actividad?post=28914"},{"taxonomy":"ubicacion","embeddable":true,"href":"https:\/\/mexplor.co\/es\/wp-json\/wp\/v2\/ubicacion?post=28914"}],"curies":[{"name":"wp","href":"https:\/\/api.w.org\/{rel}","templated":true}]}}