{"id":28936,"date":"2024-07-05T12:44:01","date_gmt":"2024-07-05T17:44:01","guid":{"rendered":"https:\/\/mexplor.co\/?post_type=product&#038;p=28936"},"modified":"2026-03-04T03:04:26","modified_gmt":"2026-03-04T08:04:26","slug":"diving-cancun-certification-cenote-2-tanks","status":"publish","type":"product","link":"https:\/\/mexplor.co\/es\/diving-cancun-certification-cenote-2-tanks\/","title":{"rendered":"Certificaci\u00f3n de buceo en Canc\u00fan Cenote (2 tanques)"},"content":{"rendered":"<h2>CANCUN SCUBA DIVING<\/h2>\n<p>Sum\u00e9rgete en una aventura \u00fanica y m\u00e1gica obteniendo tu certificaci\u00f3n de buceo en los cenotes de Canc\u00fan. Estas espectaculares masas de agua dulce, escondidas en la pen\u00ednsula de Yucat\u00e1n, ofrecen una experiencia de buceo sin igual que combina la belleza natural, la historia y el misterio de la civilizaci\u00f3n maya.<\/p>\n<p>Incluye:<\/p>\n<ul>\n<li>Entrada al cenote<\/li>\n<li>2 inmersiones<\/li>\n<li>Traslado playa \u2013 centro<\/li>\n<li>Equipo completo<\/li>\n<li>Aperitivos y refrescos<\/li>\n<li>5 horas aproximadamente<\/li>\n<li>Comienza a las 8 de la ma\u00f1ana.<\/li>\n<\/ul>\n<p>Requisitos<\/p>\n<ul>\n<li>Licencia de buceo (o n\u00famero PADI)<\/li>\n<li>Certificaci\u00f3n m\u00ednima en Open Water<\/li>\n<li>Edad m\u00ednima: 12 a\u00f1os.<\/li>\n<\/ul>\n<p>No incluye<\/p>\n<ul>\n<li>100 usd (use of the dock )<\/li>\n<\/ul>\n<p>Recomendaciones:<\/p>\n<ul>\n<li>No volar durante las pr\u00f3ximas 18 horas.<\/li>\n<\/ul>\n<p>Sum\u00e9rgete en una experiencia \u00fanica y m\u00edstica con nuestro buceo certificado en cenotes, que incluye dos tanques para una aventura prolongada. Este paquete te lleva a explorar las cristalinas aguas subterr\u00e1neas de la pen\u00ednsula de Yucat\u00e1n, donde descubrir\u00e1s impresionantes formaciones de estalactitas y estalagmitas, as\u00ed como la rica historia de estas antiguas masas de agua sagradas.<\/p>\n<p>Guiada por instructores certificados, esta inmersi\u00f3n es ideal para aquellos con experiencia que buscan una inmersi\u00f3n desafiante y fascinante. La doble inmersi\u00f3n te permite explorar a fondo las maravillas ocultas de los cenotes, disfrutando de la tranquilidad y la belleza de estos entornos \u00fanicos.<\/p>\n<p>\u00a1Prep\u00e1rate para vivir una aventura en el metro como ninguna otra, donde cada burbuja cuenta una historia antigua!<\/p>\n<p>&nbsp;<\/p>","protected":false},"excerpt":{"rendered":"<p>No hay mejor lugar para obtener tu certificaci\u00f3n de buceo en cenotes que en Canc\u00fan. Vive una aventura \u00fanica, mejora tus habilidades de buceo y descubre la magia y el misterio de los cenotes.<\/p>\n<p>Incluye:<\/p>\n<ul>\n<li>Entrada al cenote<\/li>\n<li>2 inmersiones<\/li>\n<li>Traslado playa \u2013 centro<\/li>\n<li>Equipo completo<\/li>\n<li>Aperitivos y refrescos<\/li>\n<li>5 horas aproximadamente<\/li>\n<li>Comienza a las 8 de la ma\u00f1ana.<\/li>\n<\/ul>\n<p>Requisitos<\/p>\n<ul>\n<li>Licencia de buceo (o n\u00famero PADI)<\/li>\n<li>Certificaci\u00f3n m\u00ednima en Open Water<\/li>\n<li>Edad m\u00ednima: 12 a\u00f1os.<\/li>\n<\/ul>\n<p>No incluye<\/p>\n<ul>\n<li>100 usd (use of the dock )<\/li>\n<\/ul>\n<p>Recomendaciones:<\/p>\n<ul>\n<li>No volar durante las pr\u00f3ximas 18 horas.<\/li>\n<\/ul>","protected":false},"featured_media":27019,"comment_status":"closed","ping_status":"closed","template":"","meta":{"site-sidebar-layout":"default","site-content-layout":"","ast-site-content-layout":"default","site-content-style":"default","site-sidebar-style":"default","ast-global-header-display":"","ast-banner-title-visibility":"","ast-main-header-display":"","ast-hfb-above-header-display":"","ast-hfb-below-header-display":"","ast-hfb-mobile-header-display":"","site-post-title":"","ast-breadcrumbs-content":"","ast-featured-img":"","footer-sml-layout":"","ast-disable-related-posts":"","theme-transparent-header-meta":"default","adv-header-id-meta":"","stick-header-meta":"","header-above-stick-meta":"","header-main-stick-meta":"","header-below-stick-meta":"","astra-migrate-meta-layouts":"set","ast-page-background-enabled":"default","ast-page-background-meta":{"desktop":{"background-color":"","background-image":"","background-repeat":"repeat","background-position":"center center","background-size":"auto","background-attachment":"scroll","background-type":"","background-media":"","overlay-type":"","overlay-color":"","overlay-opacity":"","overlay-gradient":""},"tablet":{"background-color":"","background-image":"","background-repeat":"repeat","background-position":"center center","background-size":"auto","background-attachment":"scroll","background-type":"","background-media":"","overlay-type":"","overlay-color":"","overlay-opacity":"","overlay-gradient":""},"mobile":{"background-color":"","background-image":"","background-repeat":"repeat","background-position":"center center","background-size":"auto","background-attachment":"scroll","background-type":"","background-media":"","overlay-type":"","overlay-color":"","overlay-opacity":"","overlay-gradient":""}},"ast-content-background-meta":{"desktop":{"background-color":"var(--ast-global-color-5)","background-image":"","background-repeat":"repeat","background-position":"center center","background-size":"auto","background-attachment":"scroll","background-type":"","background-media":"","overlay-type":"","overlay-color":"","overlay-opacity":"","overlay-gradient":""},"tablet":{"background-color":"var(--ast-global-color-5)","background-image":"","background-repeat":"repeat","background-position":"center center","background-size":"auto","background-attachment":"scroll","background-type":"","background-media":"","overlay-type":"","overlay-color":"","overlay-opacity":"","overlay-gradient":""},"mobile":{"background-color":"var(--ast-global-color-5)","background-image":"","background-repeat":"repeat","background-position":"center center","background-size":"auto","background-attachment":"scroll","background-type":"","background-media":"","overlay-type":"","overlay-color":"","overlay-opacity":"","overlay-gradient":""}}},"product_brand":[],"product_cat":[3959,1464,1888],"product_tag":[1593,1594,1556],"actividad":[3709,3701],"ubicacion":[3739],"class_list":{"0":"post-28936","1":"product","2":"type-product","3":"status-publish","4":"has-post-thumbnail","6":"product_cat-cenotes","7":"product_cat-scuba-diving","8":"product_cat-store","9":"product_tag-cenote","10":"product_tag-certificacion","11":"product_tag-diving","12":"actividad-certificates-en-en","13":"actividad-scuba-diving","14":"ubicacion-cancun-es","15":"desktop-align-left","16":"tablet-align-left","17":"mobile-align-left","18":"tm-no-options","20":"first","21":"instock","22":"sold-individually","23":"shipping-taxable","24":"purchasable","25":"product-type-booking"},"booking_location":"","booking_location_type":"","booking_duration":1,"booking_duration_unit":"day","booking_buffer":0,"booking_cost":2805,"booking_resources":[],"_links":{"self":[{"href":"https:\/\/mexplor.co\/es\/wp-json\/wp\/v2\/product\/28936","targetHints":{"allow":["GET"]}}],"collection":[{"href":"https:\/\/mexplor.co\/es\/wp-json\/wp\/v2\/product"}],"about":[{"href":"https:\/\/mexplor.co\/es\/wp-json\/wp\/v2\/types\/product"}],"replies":[{"embeddable":true,"href":"https:\/\/mexplor.co\/es\/wp-json\/wp\/v2\/comments?post=28936"}],"version-history":[{"count":3,"href":"https:\/\/mexplor.co\/es\/wp-json\/wp\/v2\/product\/28936\/revisions"}],"predecessor-version":[{"id":39532,"href":"https:\/\/mexplor.co\/es\/wp-json\/wp\/v2\/product\/28936\/revisions\/39532"}],"wp:featuredmedia":[{"embeddable":true,"href":"https:\/\/mexplor.co\/es\/wp-json\/wp\/v2\/media\/27019"}],"wp:attachment":[{"href":"https:\/\/mexplor.co\/es\/wp-json\/wp\/v2\/media?parent=28936"}],"wp:term":[{"taxonomy":"product_brand","embeddable":true,"href":"https:\/\/mexplor.co\/es\/wp-json\/wp\/v2\/product_brand?post=28936"},{"taxonomy":"product_cat","embeddable":true,"href":"https:\/\/mexplor.co\/es\/wp-json\/wp\/v2\/product_cat?post=28936"},{"taxonomy":"product_tag","embeddable":true,"href":"https:\/\/mexplor.co\/es\/wp-json\/wp\/v2\/product_tag?post=28936"},{"taxonomy":"actividad","embeddable":true,"href":"https:\/\/mexplor.co\/es\/wp-json\/wp\/v2\/actividad?post=28936"},{"taxonomy":"ubicacion","embeddable":true,"href":"https:\/\/mexplor.co\/es\/wp-json\/wp\/v2\/ubicacion?post=28936"}],"curies":[{"name":"wp","href":"https:\/\/api.w.org\/{rel}","templated":true}]}}