{"id":28951,"date":"2024-07-05T15:39:59","date_gmt":"2024-07-05T20:39:59","guid":{"rendered":"https:\/\/mexplor.co\/?post_type=product&#038;p=28951"},"modified":"2025-01-03T17:24:40","modified_gmt":"2025-01-03T22:24:40","slug":"scuba-diving-puerto-morelos-2-tanksboat","status":"publish","type":"product","link":"https:\/\/mexplor.co\/es\/scuba-diving-puerto-morelos-2-tanksboat\/","title":{"rendered":"Discover Scuba Puerto Morelos  2 TANKS(DSD BOAT)"},"content":{"rendered":"<h1>Discover Scuba Diving (DSD) in A Boat<\/h1>\n<p>Discover the World of Scuba Diving with Total Safety &amp; Fun in a boat.<\/p>\n<p>&nbsp;<\/p>\n<p>\u00bfAlguna vez has so\u00f1ado con explorar las profundidades del oc\u00e9ano, pero no sabes por d\u00f3nde empezar? El curso Discover Scuba Diving (DSD) en Canc\u00fan es la introducci\u00f3n perfecta para aquellos que quieren experimentar la emoci\u00f3n del buceo sin comprometerse con un curso completo de certificaci\u00f3n. Dise\u00f1ado para principiantes absolutos, este curso te permite descubrir el fascinante mundo submarino en un entorno seguro y controlado, bajo la supervisi\u00f3n de instructores certificados.<\/p>\n<p>\u00bfQu\u00e9 es el Discover Scuba Diving (DSD)?<\/p>\n<p>El curso DSD es un programa introductorio al buceo que te proporciona los conocimientos te\u00f3ricos y la experiencia pr\u00e1ctica b\u00e1sicos para que puedas probar el buceo por primera vez. No necesitas tener experiencia previa en buceo, solo ganas de aprender y explorar.<\/p>\n<h2>DIVING PUERTO MORELOS MEXICO<\/h2>\n<ul>\n<li><strong>Incluye:<\/strong> Equipo<\/li>\n<li><strong>Price:<\/strong> $2500 per person (MXN)<\/li>\n<li><strong>Incluye:<\/strong>Guia bilingue en el barco<\/li>\n<li><strong>D\u00edas disponibles: Solo con reserva previa.<\/strong><\/li>\n<li><strong>Language: spanish, english,\u00a0<\/strong><\/li>\n<li><strong>Equipo completo<\/strong><\/li>\n<li><strong>Hora de inicio: 9:00 a. m.<\/strong><\/li>\n<li><strong>Duration<\/strong>:\u00a0 4 to 5\u00a0 hrs aprox<\/li>\n<\/ul>\n<h2>Discover Scuba Puerto Morelos<\/h2>\n<p>&nbsp;<\/p>\n<p>\u00bfSiempre has querido explorar el mundo submarino, pero no tienes experiencia previa en buceo? Discover Scuba Diving (DSD) en Puerto Morelos es la oportunidad perfecta para dar tus primeros pasos en el buceo. Esta experiencia est\u00e1 dise\u00f1ada espec\u00edficamente para principiantes que desean experimentar la emoci\u00f3n del buceo sin necesidad de tener una certificaci\u00f3n previa.<\/p>\n<p>Detalles de la experiencia:<\/p>\n<p>Instrucci\u00f3n inicial: Comenzar\u00e1 con una sesi\u00f3n informativa a cargo de un instructor certificado, quien le ense\u00f1ar\u00e1 los conceptos b\u00e1sicos del buceo, incluido el uso del equipo y las precauciones de seguridad.<\/p>\n<p>Entrenamiento en aguas poco profundas: Antes de entrar al mar, practicar\u00e1s en aguas poco profundas, donde te familiarizar\u00e1s con la respiraci\u00f3n subacu\u00e1tica y el control de la flotabilidad.<\/p>\n<h6><\/h6>","protected":false},"excerpt":{"rendered":"<ul>\n<li><strong>Incluye:<\/strong> Equipo<\/li>\n<li><strong>Prices in pesos (MXN)<\/strong><\/li>\n<li><strong>Incluye:<\/strong>Guia bilingue en el barco<\/li>\n<li><strong>D\u00edas disponibles: Solo con reserva previa.<\/strong><\/li>\n<li><strong>Language: spanish, english,\u00a0<\/strong><\/li>\n<li><strong>Equipo completo<\/strong><\/li>\n<li><strong>Hora de inicio: 9:00 a. m.<\/strong><\/li>\n<li><strong>Duration<\/strong>:\u00a0 4 to 5\u00a0 hrs aprox<\/li>\n<\/ul>","protected":false},"featured_media":3707,"comment_status":"closed","ping_status":"closed","template":"","meta":{"site-sidebar-layout":"default","site-content-layout":"","ast-site-content-layout":"default","site-content-style":"default","site-sidebar-style":"default","ast-global-header-display":"","ast-banner-title-visibility":"","ast-main-header-display":"","ast-hfb-above-header-display":"","ast-hfb-below-header-display":"","ast-hfb-mobile-header-display":"","site-post-title":"","ast-breadcrumbs-content":"","ast-featured-img":"","footer-sml-layout":"","ast-disable-related-posts":"","theme-transparent-header-meta":"default","adv-header-id-meta":"","stick-header-meta":"","header-above-stick-meta":"","header-main-stick-meta":"","header-below-stick-meta":"","astra-migrate-meta-layouts":"set","ast-page-background-enabled":"default","ast-page-background-meta":{"desktop":{"background-color":"","background-image":"","background-repeat":"repeat","background-position":"center center","background-size":"auto","background-attachment":"scroll","background-type":"","background-media":"","overlay-type":"","overlay-color":"","overlay-opacity":"","overlay-gradient":""},"tablet":{"background-color":"","background-image":"","background-repeat":"repeat","background-position":"center center","background-size":"auto","background-attachment":"scroll","background-type":"","background-media":"","overlay-type":"","overlay-color":"","overlay-opacity":"","overlay-gradient":""},"mobile":{"background-color":"","background-image":"","background-repeat":"repeat","background-position":"center center","background-size":"auto","background-attachment":"scroll","background-type":"","background-media":"","overlay-type":"","overlay-color":"","overlay-opacity":"","overlay-gradient":""}},"ast-content-background-meta":{"desktop":{"background-color":"var(--ast-global-color-5)","background-image":"","background-repeat":"repeat","background-position":"center center","background-size":"auto","background-attachment":"scroll","background-type":"","background-media":"","overlay-type":"","overlay-color":"","overlay-opacity":"","overlay-gradient":""},"tablet":{"background-color":"var(--ast-global-color-5)","background-image":"","background-repeat":"repeat","background-position":"center center","background-size":"auto","background-attachment":"scroll","background-type":"","background-media":"","overlay-type":"","overlay-color":"","overlay-opacity":"","overlay-gradient":""},"mobile":{"background-color":"var(--ast-global-color-5)","background-image":"","background-repeat":"repeat","background-position":"center center","background-size":"auto","background-attachment":"scroll","background-type":"","background-media":"","overlay-type":"","overlay-color":"","overlay-opacity":"","overlay-gradient":""}}},"product_brand":[],"product_cat":[1888],"product_tag":[1606,1573,1571],"actividad":[3701],"ubicacion":[],"class_list":{"0":"post-28951","1":"product","2":"type-product","3":"status-publish","4":"has-post-thumbnail","6":"product_cat-store","7":"product_tag-2-tanks","8":"product_tag-dsd","9":"product_tag-puerto-morelos","10":"actividad-scuba-diving","11":"desktop-align-left","12":"tablet-align-left","13":"mobile-align-left","14":"tm-no-options","16":"first","17":"instock","18":"sold-individually","19":"shipping-taxable","20":"purchasable","21":"product-type-booking"},"booking_location":"","booking_location_type":"","booking_duration":1,"booking_duration_unit":"day","booking_buffer":0,"booking_cost":2500,"booking_resources":[],"_links":{"self":[{"href":"https:\/\/mexplor.co\/es\/wp-json\/wp\/v2\/product\/28951","targetHints":{"allow":["GET"]}}],"collection":[{"href":"https:\/\/mexplor.co\/es\/wp-json\/wp\/v2\/product"}],"about":[{"href":"https:\/\/mexplor.co\/es\/wp-json\/wp\/v2\/types\/product"}],"replies":[{"embeddable":true,"href":"https:\/\/mexplor.co\/es\/wp-json\/wp\/v2\/comments?post=28951"}],"version-history":[{"count":2,"href":"https:\/\/mexplor.co\/es\/wp-json\/wp\/v2\/product\/28951\/revisions"}],"predecessor-version":[{"id":36538,"href":"https:\/\/mexplor.co\/es\/wp-json\/wp\/v2\/product\/28951\/revisions\/36538"}],"wp:featuredmedia":[{"embeddable":true,"href":"https:\/\/mexplor.co\/es\/wp-json\/wp\/v2\/media\/3707"}],"wp:attachment":[{"href":"https:\/\/mexplor.co\/es\/wp-json\/wp\/v2\/media?parent=28951"}],"wp:term":[{"taxonomy":"product_brand","embeddable":true,"href":"https:\/\/mexplor.co\/es\/wp-json\/wp\/v2\/product_brand?post=28951"},{"taxonomy":"product_cat","embeddable":true,"href":"https:\/\/mexplor.co\/es\/wp-json\/wp\/v2\/product_cat?post=28951"},{"taxonomy":"product_tag","embeddable":true,"href":"https:\/\/mexplor.co\/es\/wp-json\/wp\/v2\/product_tag?post=28951"},{"taxonomy":"actividad","embeddable":true,"href":"https:\/\/mexplor.co\/es\/wp-json\/wp\/v2\/actividad?post=28951"},{"taxonomy":"ubicacion","embeddable":true,"href":"https:\/\/mexplor.co\/es\/wp-json\/wp\/v2\/ubicacion?post=28951"}],"curies":[{"name":"wp","href":"https:\/\/api.w.org\/{rel}","templated":true}]}}