{"id":28959,"date":"2024-07-05T16:35:43","date_gmt":"2024-07-05T21:35:43","guid":{"rendered":"https:\/\/mexplor.co\/?post_type=product&#038;p=28959"},"modified":"2025-12-04T18:10:15","modified_gmt":"2025-12-04T23:10:15","slug":"2-cenotes-in-puerto-morelos","status":"publish","type":"product","link":"https:\/\/mexplor.co\/es\/2-cenotes-in-puerto-morelos\/","title":{"rendered":"SCUBA PUERTO MORELOS MEXICO (2 CENOTES)"},"content":{"rendered":"<h1>Explora la magia de los cenotes en Puerto Morelos<\/h1>\n<h2>SCUBA PUERTO MORELOS<\/h2>\n<p>Puerto Morelos, un rinc\u00f3n encantador de la Riviera Maya, es conocido por sus aguas cristalinas, sus tranquilas playas y, sobre todo, sus impresionantes cenotes. Estas m\u00edsticas masas de agua, consideradas sagradas por los antiguos mayas, son una visita obligada para cualquier amante de la naturaleza y la aventura. Le invitamos a explorar dos de los cenotes m\u00e1s espectaculares de la regi\u00f3n con la gu\u00eda experta de un profesional biling\u00fce, lo que garantiza que su experiencia sea educativa, segura y absolutamente inolvidable.<\/p>\n<h2>SCUBA PUERTO MORELOS<\/h2>\n<p>Un cenote es una cueva natural que se ha formado por el derrumbe de la piedra caliza, creando un pozo o piscina de agua dulce. Los mayas consideraban los cenotes como portales al inframundo y los utilizaban para rituales religiosos y como fuente de agua potable. Hoy en d\u00eda, estas masas de agua son destinos populares para nadar, hacer snorkel y bucear, y ofrecen una visi\u00f3n \u00fanica de la geolog\u00eda y la ecolog\u00eda de la pen\u00ednsula de Yucat\u00e1n.<\/p>\n<p>Incluye:<\/p>\n<ul>\n<li>Gu\u00eda biling\u00fce<\/li>\n<li>Equipo Completo<\/li>\n<li>Taxis<\/li>\n<li>Almuerzo y agua<\/li>\n<li>experiencia completa<\/li>\n<li>2 tanques<\/li>\n<\/ul>\n<p>Guiado por nuestros instructores certificados y experimentados, explorar\u00e1s estos tesoros submarinos con total seguridad y tranquilidad. Su experiencia garantiza un viaje lleno no solo de aventura, sino tambi\u00e9n de asombro: una conexi\u00f3n \u00edntima con la naturaleza esculpida a lo largo de miles de a\u00f1os.<\/p>","protected":false},"excerpt":{"rendered":"<p>Sum\u00e9rgete en una experiencia \u00fanica y m\u00e1gica con nuestro buceo en cenotes en Puerto Morelos. Estas masas de agua subterr\u00e1neas, formadas hace miles de a\u00f1os, ofrecen una aventura de buceo completamente diferente a la del oc\u00e9ano. Rodeado de estalactitas y estalagmitas en aguas cristalinas, explorar\u00e1s un mundo subterr\u00e1neo que ha sido sagrado para los mayas durante siglos.<\/p>\n<p>Incluye:<\/p>\n<ul>\n<li>Gu\u00eda biling\u00fce<\/li>\n<li>Equipo Completo<\/li>\n<li>Taxis<\/li>\n<li>Almuerzo y agua<\/li>\n<li>experiencia completa<\/li>\n<li>2 tanques<\/li>\n<\/ul>","protected":false},"featured_media":28960,"comment_status":"closed","ping_status":"closed","template":"","meta":{"site-sidebar-layout":"default","site-content-layout":"","ast-site-content-layout":"default","site-content-style":"default","site-sidebar-style":"default","ast-global-header-display":"","ast-banner-title-visibility":"","ast-main-header-display":"","ast-hfb-above-header-display":"","ast-hfb-below-header-display":"","ast-hfb-mobile-header-display":"","site-post-title":"","ast-breadcrumbs-content":"","ast-featured-img":"","footer-sml-layout":"","ast-disable-related-posts":"","theme-transparent-header-meta":"default","adv-header-id-meta":"","stick-header-meta":"","header-above-stick-meta":"","header-main-stick-meta":"","header-below-stick-meta":"","astra-migrate-meta-layouts":"set","ast-page-background-enabled":"default","ast-page-background-meta":{"desktop":{"background-color":"","background-image":"","background-repeat":"repeat","background-position":"center center","background-size":"auto","background-attachment":"scroll","background-type":"","background-media":"","overlay-type":"","overlay-color":"","overlay-opacity":"","overlay-gradient":""},"tablet":{"background-color":"","background-image":"","background-repeat":"repeat","background-position":"center center","background-size":"auto","background-attachment":"scroll","background-type":"","background-media":"","overlay-type":"","overlay-color":"","overlay-opacity":"","overlay-gradient":""},"mobile":{"background-color":"","background-image":"","background-repeat":"repeat","background-position":"center center","background-size":"auto","background-attachment":"scroll","background-type":"","background-media":"","overlay-type":"","overlay-color":"","overlay-opacity":"","overlay-gradient":""}},"ast-content-background-meta":{"desktop":{"background-color":"var(--ast-global-color-5)","background-image":"","background-repeat":"repeat","background-position":"center center","background-size":"auto","background-attachment":"scroll","background-type":"","background-media":"","overlay-type":"","overlay-color":"","overlay-opacity":"","overlay-gradient":""},"tablet":{"background-color":"var(--ast-global-color-5)","background-image":"","background-repeat":"repeat","background-position":"center center","background-size":"auto","background-attachment":"scroll","background-type":"","background-media":"","overlay-type":"","overlay-color":"","overlay-opacity":"","overlay-gradient":""},"mobile":{"background-color":"var(--ast-global-color-5)","background-image":"","background-repeat":"repeat","background-position":"center center","background-size":"auto","background-attachment":"scroll","background-type":"","background-media":"","overlay-type":"","overlay-color":"","overlay-opacity":"","overlay-gradient":""}}},"product_brand":[],"product_cat":[3959,1888],"product_tag":[1575,1571,1557],"actividad":[],"ubicacion":[1879],"class_list":{"0":"post-28959","1":"product","2":"type-product","3":"status-publish","4":"has-post-thumbnail","6":"product_cat-cenotes","7":"product_cat-store","8":"product_tag-cenotes","9":"product_tag-puerto-morelos","10":"product_tag-scuba-diving","11":"ubicacion-puerto-morelos","12":"desktop-align-left","13":"tablet-align-left","14":"mobile-align-left","15":"tm-no-options","17":"first","18":"instock","19":"sold-individually","20":"shipping-taxable","21":"purchasable","22":"product-type-booking"},"booking_location":"","booking_location_type":"","booking_duration":1,"booking_duration_unit":"day","booking_buffer":0,"booking_cost":3750,"booking_resources":[],"_links":{"self":[{"href":"https:\/\/mexplor.co\/es\/wp-json\/wp\/v2\/product\/28959","targetHints":{"allow":["GET"]}}],"collection":[{"href":"https:\/\/mexplor.co\/es\/wp-json\/wp\/v2\/product"}],"about":[{"href":"https:\/\/mexplor.co\/es\/wp-json\/wp\/v2\/types\/product"}],"replies":[{"embeddable":true,"href":"https:\/\/mexplor.co\/es\/wp-json\/wp\/v2\/comments?post=28959"}],"version-history":[{"count":3,"href":"https:\/\/mexplor.co\/es\/wp-json\/wp\/v2\/product\/28959\/revisions"}],"predecessor-version":[{"id":39517,"href":"https:\/\/mexplor.co\/es\/wp-json\/wp\/v2\/product\/28959\/revisions\/39517"}],"wp:featuredmedia":[{"embeddable":true,"href":"https:\/\/mexplor.co\/es\/wp-json\/wp\/v2\/media\/28960"}],"wp:attachment":[{"href":"https:\/\/mexplor.co\/es\/wp-json\/wp\/v2\/media?parent=28959"}],"wp:term":[{"taxonomy":"product_brand","embeddable":true,"href":"https:\/\/mexplor.co\/es\/wp-json\/wp\/v2\/product_brand?post=28959"},{"taxonomy":"product_cat","embeddable":true,"href":"https:\/\/mexplor.co\/es\/wp-json\/wp\/v2\/product_cat?post=28959"},{"taxonomy":"product_tag","embeddable":true,"href":"https:\/\/mexplor.co\/es\/wp-json\/wp\/v2\/product_tag?post=28959"},{"taxonomy":"actividad","embeddable":true,"href":"https:\/\/mexplor.co\/es\/wp-json\/wp\/v2\/actividad?post=28959"},{"taxonomy":"ubicacion","embeddable":true,"href":"https:\/\/mexplor.co\/es\/wp-json\/wp\/v2\/ubicacion?post=28959"}],"curies":[{"name":"wp","href":"https:\/\/api.w.org\/{rel}","templated":true}]}}