{"id":28973,"date":"2024-07-08T12:54:12","date_gmt":"2024-07-08T17:54:12","guid":{"rendered":"https:\/\/mexplor.co\/?post_type=product&#038;p=28973"},"modified":"2025-12-08T16:57:52","modified_gmt":"2025-12-08T21:57:52","slug":"playa-del-carmen-cenotes-2-tanks","status":"publish","type":"product","link":"https:\/\/mexplor.co\/es\/playa-del-carmen-cenotes-2-tanks\/","title":{"rendered":"Cenotes 2 Tanques (Playa del Carmen)"},"content":{"rendered":"<h1>Explora la magia de los cenotes en Playa del Carmen<\/h1>\n<p>Un cenote es una cueva natural que se ha formado por el derrumbe de la piedra caliza, creando un pozo o piscina de agua dulce. Los mayas consideraban los cenotes como portales al inframundo y los utilizaban para rituales religiosos y como fuente de agua potable. Hoy en d\u00eda, estas masas de agua son destinos populares para nadar, hacer snorkel y bucear, y ofrecen una visi\u00f3n \u00fanica de la geolog\u00eda y la ecolog\u00eda de la pen\u00ednsula de Yucat\u00e1n.<\/p>\n<p>Incluye:<\/p>\n<ul>\n<li>Transporte<\/li>\n<li>Entrada al cenote<\/li>\n<li>Agua y snacks<\/li>\n<li>Equipo completo<\/li>\n<li>Snacks<\/li>\n<\/ul>\n<p>Ubicaci\u00f3n: Muyal-Ha\/ Tajma-Ha<\/p>\n<p>NO INCLUIDO:<\/p>\n<ul>\n<li>Equipo: $500<\/li>\n<\/ul>\n<p>Requisitos<\/p>\n<ul>\n<li>Sin claustrofobia<\/li>\n<li>Buen consumo de aire<\/li>\n<\/ul>\n<p>Recomendaciones:<\/p>\n<ul>\n<li>18 horas antes del vuelo<\/li>\n<\/ul>\n<p>Los cenotes de Playa del Carmen son aut\u00e9nticos tesoros naturales que ofrecen una experiencia de buceo sin igual. Desde sus aguas cristalinas hasta las fascinantes formaciones subterr\u00e1neas y la rica historia que los rodea, bucear en cenotes es una aventura que no te puedes perder. Tanto si eres un buceador experimentado como si eres principiante, los cenotes de Playa del Carmen te esperan con sus misterios y maravillas ocultas bajo la superficie.<\/p>","protected":false},"excerpt":{"rendered":"<p>Navegar\u00e1s por pasajes esculpidos durante miles de a\u00f1os, rodeado de formaciones calc\u00e1reas que brillan suavemente bajo tu luz.<\/p>\n<p>Incluye:<\/p>\n<ul>\n<li>Transporte<\/li>\n<li>Entrada al cenote<\/li>\n<li>Agua y snacks<\/li>\n<li>Equipo completo<\/li>\n<li>Snacks<\/li>\n<\/ul>\n<p>Ubicaci\u00f3n: Muyal-Ha\/ Tajma-Ha<\/p>\n<p>NO INCLUIDO:<\/p>\n<ul>\n<li>Equipo: $500<\/li>\n<\/ul>\n<p>Requisitos<\/p>\n<ul>\n<li>Sin claustrofobia<\/li>\n<li>Buen consumo de aire<\/li>\n<\/ul>\n<p>Recomendaciones:<\/p>\n<ul>\n<li>18 horas antes del vuelo<\/li>\n<\/ul>\n<p>&nbsp;<\/p>","protected":false},"featured_media":28976,"comment_status":"closed","ping_status":"closed","template":"","meta":{"site-sidebar-layout":"default","site-content-layout":"","ast-site-content-layout":"default","site-content-style":"default","site-sidebar-style":"default","ast-global-header-display":"","ast-banner-title-visibility":"","ast-main-header-display":"","ast-hfb-above-header-display":"","ast-hfb-below-header-display":"","ast-hfb-mobile-header-display":"","site-post-title":"","ast-breadcrumbs-content":"","ast-featured-img":"","footer-sml-layout":"","ast-disable-related-posts":"","theme-transparent-header-meta":"default","adv-header-id-meta":"","stick-header-meta":"","header-above-stick-meta":"","header-main-stick-meta":"","header-below-stick-meta":"","astra-migrate-meta-layouts":"set","ast-page-background-enabled":"default","ast-page-background-meta":{"desktop":{"background-color":"","background-image":"","background-repeat":"repeat","background-position":"center center","background-size":"auto","background-attachment":"scroll","background-type":"","background-media":"","overlay-type":"","overlay-color":"","overlay-opacity":"","overlay-gradient":""},"tablet":{"background-color":"","background-image":"","background-repeat":"repeat","background-position":"center center","background-size":"auto","background-attachment":"scroll","background-type":"","background-media":"","overlay-type":"","overlay-color":"","overlay-opacity":"","overlay-gradient":""},"mobile":{"background-color":"","background-image":"","background-repeat":"repeat","background-position":"center center","background-size":"auto","background-attachment":"scroll","background-type":"","background-media":"","overlay-type":"","overlay-color":"","overlay-opacity":"","overlay-gradient":""}},"ast-content-background-meta":{"desktop":{"background-color":"var(--ast-global-color-5)","background-image":"","background-repeat":"repeat","background-position":"center center","background-size":"auto","background-attachment":"scroll","background-type":"","background-media":"","overlay-type":"","overlay-color":"","overlay-opacity":"","overlay-gradient":""},"tablet":{"background-color":"var(--ast-global-color-5)","background-image":"","background-repeat":"repeat","background-position":"center center","background-size":"auto","background-attachment":"scroll","background-type":"","background-media":"","overlay-type":"","overlay-color":"","overlay-opacity":"","overlay-gradient":""},"mobile":{"background-color":"var(--ast-global-color-5)","background-image":"","background-repeat":"repeat","background-position":"center center","background-size":"auto","background-attachment":"scroll","background-type":"","background-media":"","overlay-type":"","overlay-color":"","overlay-opacity":"","overlay-gradient":""}}},"product_brand":[],"product_cat":[3959,4158,1888],"product_tag":[1575,1574],"actividad":[1882],"ubicacion":[1880],"class_list":{"0":"post-28973","1":"product","2":"type-product","3":"status-publish","4":"has-post-thumbnail","6":"product_cat-cenotes","7":"product_cat-certificates","8":"product_cat-store","9":"product_tag-cenotes","10":"product_tag-playa-del-carmen","11":"actividad-certificates","12":"ubicacion-playa-del-carmen","13":"desktop-align-left","14":"tablet-align-left","15":"mobile-align-left","16":"tm-no-options","18":"first","19":"instock","20":"sold-individually","21":"shipping-taxable","22":"purchasable","23":"product-type-booking"},"booking_location":"","booking_location_type":"","booking_duration":1,"booking_duration_unit":"day","booking_buffer":0,"booking_cost":2800,"booking_resources":[],"_links":{"self":[{"href":"https:\/\/mexplor.co\/es\/wp-json\/wp\/v2\/product\/28973","targetHints":{"allow":["GET"]}}],"collection":[{"href":"https:\/\/mexplor.co\/es\/wp-json\/wp\/v2\/product"}],"about":[{"href":"https:\/\/mexplor.co\/es\/wp-json\/wp\/v2\/types\/product"}],"replies":[{"embeddable":true,"href":"https:\/\/mexplor.co\/es\/wp-json\/wp\/v2\/comments?post=28973"}],"version-history":[{"count":2,"href":"https:\/\/mexplor.co\/es\/wp-json\/wp\/v2\/product\/28973\/revisions"}],"predecessor-version":[{"id":39606,"href":"https:\/\/mexplor.co\/es\/wp-json\/wp\/v2\/product\/28973\/revisions\/39606"}],"wp:featuredmedia":[{"embeddable":true,"href":"https:\/\/mexplor.co\/es\/wp-json\/wp\/v2\/media\/28976"}],"wp:attachment":[{"href":"https:\/\/mexplor.co\/es\/wp-json\/wp\/v2\/media?parent=28973"}],"wp:term":[{"taxonomy":"product_brand","embeddable":true,"href":"https:\/\/mexplor.co\/es\/wp-json\/wp\/v2\/product_brand?post=28973"},{"taxonomy":"product_cat","embeddable":true,"href":"https:\/\/mexplor.co\/es\/wp-json\/wp\/v2\/product_cat?post=28973"},{"taxonomy":"product_tag","embeddable":true,"href":"https:\/\/mexplor.co\/es\/wp-json\/wp\/v2\/product_tag?post=28973"},{"taxonomy":"actividad","embeddable":true,"href":"https:\/\/mexplor.co\/es\/wp-json\/wp\/v2\/actividad?post=28973"},{"taxonomy":"ubicacion","embeddable":true,"href":"https:\/\/mexplor.co\/es\/wp-json\/wp\/v2\/ubicacion?post=28973"}],"curies":[{"name":"wp","href":"https:\/\/api.w.org\/{rel}","templated":true}]}}