{"id":28984,"date":"2024-07-08T13:07:49","date_gmt":"2024-07-08T18:07:49","guid":{"rendered":"https:\/\/mexplor.co\/?post_type=product&#038;p=28984"},"modified":"2025-12-08T17:00:31","modified_gmt":"2025-12-08T22:00:31","slug":"playa-del-carmen-discover-scuba-diving","status":"publish","type":"product","link":"https:\/\/mexplor.co\/es\/playa-del-carmen-discover-scuba-diving\/","title":{"rendered":"DESCUBRIMIENTO (2 TANQUES) (Playa del Carmen)"},"content":{"rendered":"<p data-start=\"519\" data-end=\"780\">Rodeado por las c\u00e1lidas aguas del Caribe, te deslizar\u00e1s sobre arrecifes llenos de color, vida y tranquila maravilla. Los peces tropicales se deslizan en nubes resplandecientes, las rayas se mueven con elegancia sobre la arena y cada movimiento parece parte de una danza lenta y pac\u00edfica con el mar.<\/p>\n<h1 data-start=\"519\" data-end=\"780\">Precios de buceo en Playa del Carmen<\/h1>\n<p data-start=\"782\" data-end=\"1081\">Nuestros instructores certificados te acompa\u00f1ar\u00e1n en cada paso del camino: pacientes, apasionados y dedicados a hacer que tu primera inmersi\u00f3n sea inolvidable. Te ense\u00f1ar\u00e1n los conceptos b\u00e1sicos, te ayudar\u00e1n a sentirte seguro en el agua y te guiar\u00e1n de forma segura a lo largo de tus dos inmersiones para que puedas disfrutar plenamente de la experiencia.<\/p>\n<p data-start=\"1083\" data-end=\"1165\">Con dos tanques, no solo descubres el oc\u00e9ano... te enamoras de \u00e9l.<\/p>\n<p>Incluye:<\/p>\n<ul>\n<li>Equipo completo<\/li>\n<li>Clase te\u00f3rica y pr\u00e1ctica<\/li>\n<li>Agua<\/li>\n<li>4 hrs<\/li>\n<\/ul>\n<p>Requisitos<\/p>\n<ul>\n<li>No tener miedo al agua<\/li>\n<li>Estar en buen estado de salud y condici\u00f3n f\u00edsica.<\/li>\n<\/ul>\n<p>Recomendaciones:<\/p>\n<ul>\n<li>18 horas antes del vuelo<\/li>\n<\/ul>","protected":false},"excerpt":{"rendered":"<p>Esto es m\u00e1s que una aventura, es el comienzo de tu historia bajo la superficie, un momento que llevar\u00e1s contigo mucho tiempo despu\u00e9s de regresar a la orilla.<\/p>\n<p>Incluye:<\/p>\n<ul>\n<li>Equipo completo<\/li>\n<li>Clase te\u00f3rica y pr\u00e1ctica<\/li>\n<li>Agua<\/li>\n<li>4 hrs<\/li>\n<\/ul>\n<p>Requisitos<\/p>\n<ul>\n<li>No tener miedo al agua<\/li>\n<li>Estar en buen estado de salud y condici\u00f3n f\u00edsica.<\/li>\n<\/ul>\n<p>Recomendaciones:<\/p>\n<ul>\n<li style=\"list-style-type: none;\">\n<ul>\n<li>18 horas antes del vuelo<\/li>\n<\/ul>\n<\/li>\n<\/ul>","protected":false},"featured_media":28985,"comment_status":"closed","ping_status":"closed","template":"","meta":{"site-sidebar-layout":"default","site-content-layout":"","ast-site-content-layout":"default","site-content-style":"default","site-sidebar-style":"default","ast-global-header-display":"","ast-banner-title-visibility":"","ast-main-header-display":"","ast-hfb-above-header-display":"","ast-hfb-below-header-display":"","ast-hfb-mobile-header-display":"","site-post-title":"","ast-breadcrumbs-content":"","ast-featured-img":"","footer-sml-layout":"","ast-disable-related-posts":"","theme-transparent-header-meta":"default","adv-header-id-meta":"","stick-header-meta":"","header-above-stick-meta":"","header-main-stick-meta":"","header-below-stick-meta":"","astra-migrate-meta-layouts":"set","ast-page-background-enabled":"default","ast-page-background-meta":{"desktop":{"background-color":"","background-image":"","background-repeat":"repeat","background-position":"center center","background-size":"auto","background-attachment":"scroll","background-type":"","background-media":"","overlay-type":"","overlay-color":"","overlay-opacity":"","overlay-gradient":""},"tablet":{"background-color":"","background-image":"","background-repeat":"repeat","background-position":"center center","background-size":"auto","background-attachment":"scroll","background-type":"","background-media":"","overlay-type":"","overlay-color":"","overlay-opacity":"","overlay-gradient":""},"mobile":{"background-color":"","background-image":"","background-repeat":"repeat","background-position":"center center","background-size":"auto","background-attachment":"scroll","background-type":"","background-media":"","overlay-type":"","overlay-color":"","overlay-opacity":"","overlay-gradient":""}},"ast-content-background-meta":{"desktop":{"background-color":"var(--ast-global-color-5)","background-image":"","background-repeat":"repeat","background-position":"center center","background-size":"auto","background-attachment":"scroll","background-type":"","background-media":"","overlay-type":"","overlay-color":"","overlay-opacity":"","overlay-gradient":""},"tablet":{"background-color":"var(--ast-global-color-5)","background-image":"","background-repeat":"repeat","background-position":"center center","background-size":"auto","background-attachment":"scroll","background-type":"","background-media":"","overlay-type":"","overlay-color":"","overlay-opacity":"","overlay-gradient":""},"mobile":{"background-color":"var(--ast-global-color-5)","background-image":"","background-repeat":"repeat","background-position":"center center","background-size":"auto","background-attachment":"scroll","background-type":"","background-media":"","overlay-type":"","overlay-color":"","overlay-opacity":"","overlay-gradient":""}}},"product_brand":[],"product_cat":[4158,1464,1888],"product_tag":[1561,1556,1573,1574],"actividad":[1882,3701],"ubicacion":[1880],"class_list":{"0":"post-28984","1":"product","2":"type-product","3":"status-publish","4":"has-post-thumbnail","6":"product_cat-certificates","7":"product_cat-scuba-diving","8":"product_cat-store","9":"product_tag-discovery","10":"product_tag-diving","11":"product_tag-dsd","12":"product_tag-playa-del-carmen","13":"actividad-certificates","14":"actividad-scuba-diving","15":"ubicacion-playa-del-carmen","16":"desktop-align-left","17":"tablet-align-left","18":"mobile-align-left","19":"tm-no-options","21":"first","22":"instock","23":"sold-individually","24":"shipping-taxable","25":"purchasable","26":"product-type-booking"},"booking_location":"","booking_location_type":"","booking_duration":1,"booking_duration_unit":"day","booking_buffer":0,"booking_cost":2600,"booking_resources":[],"_links":{"self":[{"href":"https:\/\/mexplor.co\/es\/wp-json\/wp\/v2\/product\/28984","targetHints":{"allow":["GET"]}}],"collection":[{"href":"https:\/\/mexplor.co\/es\/wp-json\/wp\/v2\/product"}],"about":[{"href":"https:\/\/mexplor.co\/es\/wp-json\/wp\/v2\/types\/product"}],"replies":[{"embeddable":true,"href":"https:\/\/mexplor.co\/es\/wp-json\/wp\/v2\/comments?post=28984"}],"version-history":[{"count":2,"href":"https:\/\/mexplor.co\/es\/wp-json\/wp\/v2\/product\/28984\/revisions"}],"predecessor-version":[{"id":39607,"href":"https:\/\/mexplor.co\/es\/wp-json\/wp\/v2\/product\/28984\/revisions\/39607"}],"wp:featuredmedia":[{"embeddable":true,"href":"https:\/\/mexplor.co\/es\/wp-json\/wp\/v2\/media\/28985"}],"wp:attachment":[{"href":"https:\/\/mexplor.co\/es\/wp-json\/wp\/v2\/media?parent=28984"}],"wp:term":[{"taxonomy":"product_brand","embeddable":true,"href":"https:\/\/mexplor.co\/es\/wp-json\/wp\/v2\/product_brand?post=28984"},{"taxonomy":"product_cat","embeddable":true,"href":"https:\/\/mexplor.co\/es\/wp-json\/wp\/v2\/product_cat?post=28984"},{"taxonomy":"product_tag","embeddable":true,"href":"https:\/\/mexplor.co\/es\/wp-json\/wp\/v2\/product_tag?post=28984"},{"taxonomy":"actividad","embeddable":true,"href":"https:\/\/mexplor.co\/es\/wp-json\/wp\/v2\/actividad?post=28984"},{"taxonomy":"ubicacion","embeddable":true,"href":"https:\/\/mexplor.co\/es\/wp-json\/wp\/v2\/ubicacion?post=28984"}],"curies":[{"name":"wp","href":"https:\/\/api.w.org\/{rel}","templated":true}]}}