{"id":28986,"date":"2024-07-08T13:12:41","date_gmt":"2024-07-08T18:12:41","guid":{"rendered":"https:\/\/mexplor.co\/?post_type=product&#038;p=28986"},"modified":"2026-02-10T12:47:42","modified_gmt":"2026-02-10T17:47:42","slug":"snorkel-cancun","status":"publish","type":"product","link":"https:\/\/mexplor.co\/es\/snorkel-cancun\/","title":{"rendered":"SNORKEL (Cancun)"},"content":{"rendered":"<h1>Cancun Snorkeling Package<\/h1>\n<p>&nbsp;<\/p>\n<p>Canc\u00fan, con sus aguas turquesas y sus playas de arena blanca, es un destino de ensue\u00f1o para cualquier amante del snorkel. Aqu\u00ed, las maravillas del Caribe mexicano te invitan a bucear y descubrir un vibrante mundo submarino lleno de vida. Como experto en snorkel, te puedo asegurar que no hay mejor manera de explorar este para\u00edso acu\u00e1tico que con un paquete completo de snorkel en Canc\u00fan.<\/p>\n<h2>Snorkeling tours in Cancun<\/h2>\n<ul>\n<li>Incluye:<\/li>\n<li>Equipo de Snorkel<\/li>\n<li>2 sitios de snorkel<\/li>\n<li>Guia<\/li>\n<li>idiomas: espa\u00f1ol, ingl\u00e9s<\/li>\n<li>Duraci\u00f3n: de 12 a 4 de la tarde.<\/li>\n<\/ul>\n<p>Nuestro paquete de snorkel en Canc\u00fan ofrece la combinaci\u00f3n perfecta de aventura, aprendizaje y relajaci\u00f3n. Con acceso a algunos de los mejores sitios de snorkel del mundo, gu\u00edas expertos y todo el equipo necesario, tienes garantizada una experiencia verdaderamente inolvidable.<\/p>","protected":false},"excerpt":{"rendered":"<p>Sum\u00e9rgete en el cristalino paisaje de ensue\u00f1o de Canc\u00fan, donde cada ola susurra aventura. Hacer snorkel aqu\u00ed es como flotar en un cuadro viviente de peces tropicales y arrecifes de colores vibrantes.<\/p>\n<ul>\n<li>Incluye:<\/li>\n<li>Equipo de Snorkel<\/li>\n<li>2 sitios de snorkel<\/li>\n<li>Guia<\/li>\n<li>idiomas: espa\u00f1ol, ingl\u00e9s<\/li>\n<li>Duraci\u00f3n: de 12 a 4 de la tarde.<\/li>\n<\/ul>","protected":false},"featured_media":28988,"comment_status":"closed","ping_status":"closed","template":"","meta":{"site-sidebar-layout":"default","site-content-layout":"","ast-site-content-layout":"default","site-content-style":"default","site-sidebar-style":"default","ast-global-header-display":"","ast-banner-title-visibility":"","ast-main-header-display":"","ast-hfb-above-header-display":"","ast-hfb-below-header-display":"","ast-hfb-mobile-header-display":"","site-post-title":"","ast-breadcrumbs-content":"","ast-featured-img":"","footer-sml-layout":"","ast-disable-related-posts":"","theme-transparent-header-meta":"default","adv-header-id-meta":"","stick-header-meta":"","header-above-stick-meta":"","header-main-stick-meta":"","header-below-stick-meta":"","astra-migrate-meta-layouts":"set","ast-page-background-enabled":"default","ast-page-background-meta":{"desktop":{"background-color":"","background-image":"","background-repeat":"repeat","background-position":"center center","background-size":"auto","background-attachment":"scroll","background-type":"","background-media":"","overlay-type":"","overlay-color":"","overlay-opacity":"","overlay-gradient":""},"tablet":{"background-color":"","background-image":"","background-repeat":"repeat","background-position":"center center","background-size":"auto","background-attachment":"scroll","background-type":"","background-media":"","overlay-type":"","overlay-color":"","overlay-opacity":"","overlay-gradient":""},"mobile":{"background-color":"","background-image":"","background-repeat":"repeat","background-position":"center center","background-size":"auto","background-attachment":"scroll","background-type":"","background-media":"","overlay-type":"","overlay-color":"","overlay-opacity":"","overlay-gradient":""}},"ast-content-background-meta":{"desktop":{"background-color":"var(--ast-global-color-5)","background-image":"","background-repeat":"repeat","background-position":"center center","background-size":"auto","background-attachment":"scroll","background-type":"","background-media":"","overlay-type":"","overlay-color":"","overlay-opacity":"","overlay-gradient":""},"tablet":{"background-color":"var(--ast-global-color-5)","background-image":"","background-repeat":"repeat","background-position":"center center","background-size":"auto","background-attachment":"scroll","background-type":"","background-media":"","overlay-type":"","overlay-color":"","overlay-opacity":"","overlay-gradient":""},"mobile":{"background-color":"var(--ast-global-color-5)","background-image":"","background-repeat":"repeat","background-position":"center center","background-size":"auto","background-attachment":"scroll","background-type":"","background-media":"","overlay-type":"","overlay-color":"","overlay-opacity":"","overlay-gradient":""}}},"product_brand":[],"product_cat":[3963,1888],"product_tag":[1563,1557,1620],"actividad":[3673],"ubicacion":[],"class_list":{"0":"post-28986","1":"product","2":"type-product","3":"status-publish","4":"has-post-thumbnail","6":"product_cat-snorkel","7":"product_cat-store","8":"product_tag-cancun","9":"product_tag-scuba-diving","10":"product_tag-snorkel","11":"actividad-snorkel","12":"desktop-align-left","13":"tablet-align-left","14":"mobile-align-left","15":"tm-no-options","17":"first","18":"instock","19":"sold-individually","20":"shipping-taxable","21":"purchasable","22":"product-type-booking"},"booking_location":"","booking_location_type":"","booking_duration":1,"booking_duration_unit":"day","booking_buffer":0,"booking_cost":1105,"booking_resources":[],"_links":{"self":[{"href":"https:\/\/mexplor.co\/es\/wp-json\/wp\/v2\/product\/28986","targetHints":{"allow":["GET"]}}],"collection":[{"href":"https:\/\/mexplor.co\/es\/wp-json\/wp\/v2\/product"}],"about":[{"href":"https:\/\/mexplor.co\/es\/wp-json\/wp\/v2\/types\/product"}],"replies":[{"embeddable":true,"href":"https:\/\/mexplor.co\/es\/wp-json\/wp\/v2\/comments?post=28986"}],"version-history":[{"count":2,"href":"https:\/\/mexplor.co\/es\/wp-json\/wp\/v2\/product\/28986\/revisions"}],"predecessor-version":[{"id":39597,"href":"https:\/\/mexplor.co\/es\/wp-json\/wp\/v2\/product\/28986\/revisions\/39597"}],"wp:featuredmedia":[{"embeddable":true,"href":"https:\/\/mexplor.co\/es\/wp-json\/wp\/v2\/media\/28988"}],"wp:attachment":[{"href":"https:\/\/mexplor.co\/es\/wp-json\/wp\/v2\/media?parent=28986"}],"wp:term":[{"taxonomy":"product_brand","embeddable":true,"href":"https:\/\/mexplor.co\/es\/wp-json\/wp\/v2\/product_brand?post=28986"},{"taxonomy":"product_cat","embeddable":true,"href":"https:\/\/mexplor.co\/es\/wp-json\/wp\/v2\/product_cat?post=28986"},{"taxonomy":"product_tag","embeddable":true,"href":"https:\/\/mexplor.co\/es\/wp-json\/wp\/v2\/product_tag?post=28986"},{"taxonomy":"actividad","embeddable":true,"href":"https:\/\/mexplor.co\/es\/wp-json\/wp\/v2\/actividad?post=28986"},{"taxonomy":"ubicacion","embeddable":true,"href":"https:\/\/mexplor.co\/es\/wp-json\/wp\/v2\/ubicacion?post=28986"}],"curies":[{"name":"wp","href":"https:\/\/api.w.org\/{rel}","templated":true}]}}