{"id":28994,"date":"2024-07-08T13:51:14","date_gmt":"2024-07-08T18:51:14","guid":{"rendered":"https:\/\/mexplor.co\/?post_type=product&#038;p=28994"},"modified":"2026-02-09T13:07:23","modified_gmt":"2026-02-09T18:07:23","slug":"cenote-snorkel-puerto-morelos","status":"publish","type":"product","link":"https:\/\/mexplor.co\/es\/cenote-snorkel-puerto-morelos\/","title":{"rendered":"CENOTE SNORKEL (Puerto Morelos)"},"content":{"rendered":"<h1>Snorkeling in a Cenote in Puerto Morelos<\/h1>\n<p>Puerto Morelos, un encantador puerto pesquero en la Riviera Maya, es famoso por su belleza natural y sus arrecifes de coral. Sin embargo, uno de sus tesoros m\u00e1s ocultos y fascinantes se encuentra bajo tierra: los cenotes. Estas incre\u00edbles masas de agua dulce, formadas por la erosi\u00f3n de la piedra caliza, ofrecen una experiencia de buceo completamente diferente y m\u00e1gica. Buceo en cenotes<\/p>\n<p>Incluye:<\/p>\n<ul>\n<li>Snorkel en cenote durante 1 hora.<\/li>\n<li>Todo el equipo<\/li>\n<\/ul>\n<p>No incluye:<\/p>\n<ul>\n<li>Entrada al cenote: de 300 a 600 pesos.<\/li>\n<\/ul>\n<p>Descubre la belleza oculta de la selva de Yucat\u00e1n con nuestra aventura de buceo en cenotes en Puerto Morelos. Mientras la luz del sol se filtra a trav\u00e9s del frondoso dosel y baila sobre el agua, descubrir\u00e1s un paisaje submarino esculpido por el tiempo: antiguas formaciones rocosas, cavernas serenas y una atm\u00f3sfera tan tranquila que parece que estuvieras entrando en otro mundo.<\/p>","protected":false},"excerpt":{"rendered":"<p>Los cenotes son pozos naturales de agua dulce que se formaron hace miles de a\u00f1os. Estas masas de agua, consideradas sagradas por los antiguos mayas, se encuentran principalmente en la pen\u00ednsula de Yucat\u00e1n. Los cenotes pueden ser abiertos, semiabiertos o completamente cerrados en forma de cuevas, y cada tipo ofrece una experiencia \u00fanica para practicar snorkel.<\/p>\n<p>Incluye:<\/p>\n<ul>\n<li>Snorkel en cenote durante 1 hora.<\/li>\n<li>Todo el equipo<\/li>\n<\/ul>\n<p>No incluye:<\/p>\n<ul>\n<li>Entrada al cenote: de 300 a 600 pesos.<\/li>\n<\/ul>","protected":false},"featured_media":28960,"comment_status":"closed","ping_status":"closed","template":"","meta":{"site-sidebar-layout":"default","site-content-layout":"","ast-site-content-layout":"default","site-content-style":"default","site-sidebar-style":"default","ast-global-header-display":"","ast-banner-title-visibility":"","ast-main-header-display":"","ast-hfb-above-header-display":"","ast-hfb-below-header-display":"","ast-hfb-mobile-header-display":"","site-post-title":"","ast-breadcrumbs-content":"","ast-featured-img":"","footer-sml-layout":"","ast-disable-related-posts":"","theme-transparent-header-meta":"default","adv-header-id-meta":"","stick-header-meta":"","header-above-stick-meta":"","header-main-stick-meta":"","header-below-stick-meta":"","astra-migrate-meta-layouts":"set","ast-page-background-enabled":"default","ast-page-background-meta":{"desktop":{"background-color":"","background-image":"","background-repeat":"repeat","background-position":"center center","background-size":"auto","background-attachment":"scroll","background-type":"","background-media":"","overlay-type":"","overlay-color":"","overlay-opacity":"","overlay-gradient":""},"tablet":{"background-color":"","background-image":"","background-repeat":"repeat","background-position":"center center","background-size":"auto","background-attachment":"scroll","background-type":"","background-media":"","overlay-type":"","overlay-color":"","overlay-opacity":"","overlay-gradient":""},"mobile":{"background-color":"","background-image":"","background-repeat":"repeat","background-position":"center center","background-size":"auto","background-attachment":"scroll","background-type":"","background-media":"","overlay-type":"","overlay-color":"","overlay-opacity":"","overlay-gradient":""}},"ast-content-background-meta":{"desktop":{"background-color":"var(--ast-global-color-5)","background-image":"","background-repeat":"repeat","background-position":"center center","background-size":"auto","background-attachment":"scroll","background-type":"","background-media":"","overlay-type":"","overlay-color":"","overlay-opacity":"","overlay-gradient":""},"tablet":{"background-color":"var(--ast-global-color-5)","background-image":"","background-repeat":"repeat","background-position":"center center","background-size":"auto","background-attachment":"scroll","background-type":"","background-media":"","overlay-type":"","overlay-color":"","overlay-opacity":"","overlay-gradient":""},"mobile":{"background-color":"var(--ast-global-color-5)","background-image":"","background-repeat":"repeat","background-position":"center center","background-size":"auto","background-attachment":"scroll","background-type":"","background-media":"","overlay-type":"","overlay-color":"","overlay-opacity":"","overlay-gradient":""}}},"product_brand":[],"product_cat":[3959,3963,1888],"product_tag":[1575,1556,1571,1620],"actividad":[3709,3673],"ubicacion":[1879],"class_list":{"0":"post-28994","1":"product","2":"type-product","3":"status-publish","4":"has-post-thumbnail","6":"product_cat-cenotes","7":"product_cat-snorkel","8":"product_cat-store","9":"product_tag-cenotes","10":"product_tag-diving","11":"product_tag-puerto-morelos","12":"product_tag-snorkel","13":"actividad-certificates-en-en","14":"actividad-snorkel","15":"ubicacion-puerto-morelos","16":"desktop-align-left","17":"tablet-align-left","18":"mobile-align-left","19":"tm-no-options","21":"first","22":"instock","23":"sold-individually","24":"shipping-taxable","25":"purchasable","26":"product-type-booking"},"booking_location":"","booking_location_type":"","booking_duration":1,"booking_duration_unit":"day","booking_buffer":0,"booking_cost":1500,"booking_resources":[],"_links":{"self":[{"href":"https:\/\/mexplor.co\/es\/wp-json\/wp\/v2\/product\/28994","targetHints":{"allow":["GET"]}}],"collection":[{"href":"https:\/\/mexplor.co\/es\/wp-json\/wp\/v2\/product"}],"about":[{"href":"https:\/\/mexplor.co\/es\/wp-json\/wp\/v2\/types\/product"}],"replies":[{"embeddable":true,"href":"https:\/\/mexplor.co\/es\/wp-json\/wp\/v2\/comments?post=28994"}],"version-history":[{"count":2,"href":"https:\/\/mexplor.co\/es\/wp-json\/wp\/v2\/product\/28994\/revisions"}],"predecessor-version":[{"id":40180,"href":"https:\/\/mexplor.co\/es\/wp-json\/wp\/v2\/product\/28994\/revisions\/40180"}],"wp:featuredmedia":[{"embeddable":true,"href":"https:\/\/mexplor.co\/es\/wp-json\/wp\/v2\/media\/28960"}],"wp:attachment":[{"href":"https:\/\/mexplor.co\/es\/wp-json\/wp\/v2\/media?parent=28994"}],"wp:term":[{"taxonomy":"product_brand","embeddable":true,"href":"https:\/\/mexplor.co\/es\/wp-json\/wp\/v2\/product_brand?post=28994"},{"taxonomy":"product_cat","embeddable":true,"href":"https:\/\/mexplor.co\/es\/wp-json\/wp\/v2\/product_cat?post=28994"},{"taxonomy":"product_tag","embeddable":true,"href":"https:\/\/mexplor.co\/es\/wp-json\/wp\/v2\/product_tag?post=28994"},{"taxonomy":"actividad","embeddable":true,"href":"https:\/\/mexplor.co\/es\/wp-json\/wp\/v2\/actividad?post=28994"},{"taxonomy":"ubicacion","embeddable":true,"href":"https:\/\/mexplor.co\/es\/wp-json\/wp\/v2\/ubicacion?post=28994"}],"curies":[{"name":"wp","href":"https:\/\/api.w.org\/{rel}","templated":true}]}}