{"id":29411,"date":"2024-07-23T11:21:41","date_gmt":"2024-07-23T16:21:41","guid":{"rendered":"https:\/\/mexplor.co\/?post_type=product&#038;p=29411"},"modified":"2025-07-02T01:18:02","modified_gmt":"2025-07-02T06:18:02","slug":"scuba-diving-2-tanques-cancun","status":"publish","type":"product","link":"https:\/\/mexplor.co\/es\/scuba-diving-2-tanques-cancun\/","title":{"rendered":"DSD 2 TANQUES (Cancun)"},"content":{"rendered":"<h1>Curso Discover Scuba Diving (DSD) en Cancun: Tu Primera Aventura Subacuatica<\/h1>\n<p>&nbsp;<\/p>\n<h6>Descubre el Mundo del Buceo con Total Seguridad y Diversi\u00f3n<\/h6>\n<p>&nbsp;<\/p>\n<p>\u00bfAlguna vez has so\u00f1ado con explorar las profundidades del oc\u00e9ano pero no sabes por d\u00f3nde empezar? El curso Discover Scuba Diving (DSD) en Canc\u00fan es la introducci\u00f3n perfecta para aquellos que quieren experimentar la emoci\u00f3n del buceo sin comprometerse a un curso de certificaci\u00f3n completa. Dise\u00f1ado para principiantes absolutos, este curso le permite descubrir el fascinante mundo submarino en un entorno seguro y controlado, bajo la supervisi\u00f3n de instructores certificados.<\/p>\n<p><strong>\u00bfQu\u00e9 es el curso Discover Scuba Diving (DSD)?<\/strong><\/p>\n<p>El curso DSD es un programa de iniciaci\u00f3n al submarinismo que te proporciona una experiencia te\u00f3rica y pr\u00e1ctica b\u00e1sica para que puedas probar el submarinismo por primera vez. No es necesario tener experiencia previa en buceo, s\u00f3lo ganas de aprender y explorar.<\/p>\n<p>&nbsp;<\/p>\n<ul>\n<li><strong>Incluye: equipo<\/strong><\/li>\n<li>Incluye:gu\u00eda biling\u00fce transporte en barco<\/li>\n<li>D\u00edas disponibles: Solo con reservaci\u00f3n<\/li>\n<li>Ubicaci\u00f3n : Hotel Blue Day Grand Esmeralda \/ Hotel blue Diamond<\/li>\n<li>Idioma: espa\u00f1ol, ingl\u00e9s, franc\u00e9s<\/li>\n<li>Equipo completo<\/li>\n<li>Hora de inicio: ( var\u00eda seg\u00fan la localizaci\u00f3n del cliente) Recogida en el hotel<\/li>\n<\/ul>\n<p>Duracion 5 hrs aprox<br \/>\n<strong>Requisitos de inscripci\u00f3n<\/strong><\/p>\n<p>Edad m\u00ednima: Debes tener al menos 12 a\u00f1os para inscribirte en el curso DSD<\/p>\n<p>Estado de salud: Debe gozar de buena salud y rellenar un cuestionario m\u00e9dico. En algunos casos, puede ser necesaria la autorizaci\u00f3n de un m\u00e9dico.<\/p>\n<p>Conocimientos de nataci\u00f3n: No es necesario ser un nadador experto, pero debe sentirse c\u00f3modo en el agua.<\/p>\n<p>Reserva hoy tu curso Discover Scuba Diving (DSD) en Canc\u00fan<\/p>\n<p>No esperes m\u00e1s para descubrir la magia del mundo submarino. Reserva tu curso Discover Scuba Diving en Canc\u00fan con nosotros y prep\u00e1rate para una aventura que te abrir\u00e1 las puertas a nuevas y emocionantes experiencias submarinas en Playa del Carmen.<\/p>","protected":false},"excerpt":{"rendered":"<p>2 dep\u00f3sitos<br \/>\nIncluye: Transporte iyv hotel<br \/>\nAgua y fruta en el barco<br \/>\nEquipo completo<br \/>\nSnacks (baguets o sandwich) *Opci\u00f3n para veganos\/vegetarianos)<br \/>\nNo Incluye: Equipo $100 USD (uso del muelle )<br \/>\nEdad m\u00ednima 12 a\u00f1os<br \/>\nNo volar durante los pr\u00f3ximos 12HS<\/p>","protected":false},"featured_media":28727,"comment_status":"closed","ping_status":"closed","template":"","meta":{"site-sidebar-layout":"default","site-content-layout":"","ast-site-content-layout":"default","site-content-style":"default","site-sidebar-style":"default","ast-global-header-display":"","ast-banner-title-visibility":"","ast-main-header-display":"","ast-hfb-above-header-display":"","ast-hfb-below-header-display":"","ast-hfb-mobile-header-display":"","site-post-title":"","ast-breadcrumbs-content":"","ast-featured-img":"","footer-sml-layout":"","ast-disable-related-posts":"","theme-transparent-header-meta":"default","adv-header-id-meta":"","stick-header-meta":"","header-above-stick-meta":"","header-main-stick-meta":"","header-below-stick-meta":"","astra-migrate-meta-layouts":"set","ast-page-background-enabled":"default","ast-page-background-meta":{"desktop":{"background-color":"","background-image":"","background-repeat":"repeat","background-position":"center center","background-size":"auto","background-attachment":"scroll","background-type":"","background-media":"","overlay-type":"","overlay-color":"","overlay-opacity":"","overlay-gradient":""},"tablet":{"background-color":"","background-image":"","background-repeat":"repeat","background-position":"center center","background-size":"auto","background-attachment":"scroll","background-type":"","background-media":"","overlay-type":"","overlay-color":"","overlay-opacity":"","overlay-gradient":""},"mobile":{"background-color":"","background-image":"","background-repeat":"repeat","background-position":"center center","background-size":"auto","background-attachment":"scroll","background-type":"","background-media":"","overlay-type":"","overlay-color":"","overlay-opacity":"","overlay-gradient":""}},"ast-content-background-meta":{"desktop":{"background-color":"var(--ast-global-color-5)","background-image":"","background-repeat":"repeat","background-position":"center center","background-size":"auto","background-attachment":"scroll","background-type":"","background-media":"","overlay-type":"","overlay-color":"","overlay-opacity":"","overlay-gradient":""},"tablet":{"background-color":"var(--ast-global-color-5)","background-image":"","background-repeat":"repeat","background-position":"center center","background-size":"auto","background-attachment":"scroll","background-type":"","background-media":"","overlay-type":"","overlay-color":"","overlay-opacity":"","overlay-gradient":""},"mobile":{"background-color":"var(--ast-global-color-5)","background-image":"","background-repeat":"repeat","background-position":"center center","background-size":"auto","background-attachment":"scroll","background-type":"","background-media":"","overlay-type":"","overlay-color":"","overlay-opacity":"","overlay-gradient":""}}},"product_brand":[],"product_cat":[3417],"product_tag":[],"actividad":[],"ubicacion":[3739],"class_list":{"0":"post-29411","1":"product","2":"type-product","3":"status-publish","4":"has-post-thumbnail","6":"product_cat-caribe","7":"ubicacion-cancun-es","8":"desktop-align-left","9":"tablet-align-left","10":"mobile-align-left","11":"tm-no-options","13":"first","14":"instock","15":"sold-individually","16":"shipping-taxable","17":"purchasable","18":"product-type-booking"},"booking_location":"","booking_location_type":"","booking_duration":1,"booking_duration_unit":"day","booking_buffer":0,"booking_cost":3150,"booking_resources":[],"_links":{"self":[{"href":"https:\/\/mexplor.co\/es\/wp-json\/wp\/v2\/product\/29411","targetHints":{"allow":["GET"]}}],"collection":[{"href":"https:\/\/mexplor.co\/es\/wp-json\/wp\/v2\/product"}],"about":[{"href":"https:\/\/mexplor.co\/es\/wp-json\/wp\/v2\/types\/product"}],"replies":[{"embeddable":true,"href":"https:\/\/mexplor.co\/es\/wp-json\/wp\/v2\/comments?post=29411"}],"version-history":[{"count":1,"href":"https:\/\/mexplor.co\/es\/wp-json\/wp\/v2\/product\/29411\/revisions"}],"predecessor-version":[{"id":36650,"href":"https:\/\/mexplor.co\/es\/wp-json\/wp\/v2\/product\/29411\/revisions\/36650"}],"wp:featuredmedia":[{"embeddable":true,"href":"https:\/\/mexplor.co\/es\/wp-json\/wp\/v2\/media\/28727"}],"wp:attachment":[{"href":"https:\/\/mexplor.co\/es\/wp-json\/wp\/v2\/media?parent=29411"}],"wp:term":[{"taxonomy":"product_brand","embeddable":true,"href":"https:\/\/mexplor.co\/es\/wp-json\/wp\/v2\/product_brand?post=29411"},{"taxonomy":"product_cat","embeddable":true,"href":"https:\/\/mexplor.co\/es\/wp-json\/wp\/v2\/product_cat?post=29411"},{"taxonomy":"product_tag","embeddable":true,"href":"https:\/\/mexplor.co\/es\/wp-json\/wp\/v2\/product_tag?post=29411"},{"taxonomy":"actividad","embeddable":true,"href":"https:\/\/mexplor.co\/es\/wp-json\/wp\/v2\/actividad?post=29411"},{"taxonomy":"ubicacion","embeddable":true,"href":"https:\/\/mexplor.co\/es\/wp-json\/wp\/v2\/ubicacion?post=29411"}],"curies":[{"name":"wp","href":"https:\/\/api.w.org\/{rel}","templated":true}]}}