{"id":29452,"date":"2024-07-24T14:04:47","date_gmt":"2024-07-24T19:04:47","guid":{"rendered":"https:\/\/mexplor.co\/?post_type=product&#038;p=29452"},"modified":"2025-07-02T01:15:26","modified_gmt":"2025-07-02T06:15:26","slug":"entrenamiento-en-cenote","status":"publish","type":"product","link":"https:\/\/mexplor.co\/es\/entrenamiento-en-cenote\/","title":{"rendered":"ENTRENAMIENTO EN CENOTE (playa del carmen)"},"content":{"rendered":"<h2>Paquete de formaci\u00f3n de apnea en cenotes: Sum\u00e9rgete en la aventura subterr\u00e1nea<\/h2>\n<p>&nbsp;<\/p>\n<p>\u00bfEst\u00e1 listo para explorar las profundidades de un cenote y desafiar sus l\u00edmites en un entorno natural espectacular? Nuestro exclusivo paquete de formaci\u00f3n en apnea en cenotes le ofrece una experiencia \u00fanica y transformadora en las aguas cristalinas de la Pen\u00ednsula de Yucat\u00e1n. Dise\u00f1ado para todos los niveles, desde principiantes hasta apne\u00edstas avanzados, este paquete te llevar\u00e1 a un viaje de descubrimiento personal y conexi\u00f3n con la naturaleza.<\/p>\n<p>\u00bfQu\u00e9 incluye el Paquete de Entrenamiento de Apnea?<\/p>\n<p>Sesiones de entrenamiento personalizadas: Nuestro paquete incluye sesiones de entrenamiento personalizadas impartidas por instructores certificados y experimentados. Tanto si eres un principiante como un apne\u00edsta avanzado, recibir\u00e1s instrucci\u00f3n adaptada a tu nivel y objetivos.<\/p>\n<p>&nbsp;<\/p>\n<p><strong>INCLUYE:<\/strong><\/p>\n<p>Transportaci\u00f3n de la escuela pdc al cenote<br \/>\nEntrada al cenote<br \/>\nComida de regreso. Quesadillas, o vale de $150<br \/>\nNo Incluye EQUIPO $150 EXTRA<br \/>\nDuraci\u00f3n 5 hrs por d\u00eda<br \/>\ndependiendo del estudiante<br \/>\nComienzo: 8:30 am<br \/>\nLIMITACIONES<br \/>\nMujeres embarazadas, coraz\u00f3n<br \/>\nproblemas card\u00edacos<br \/>\nEdad m\u00ednima 16 a\u00f1os<\/p>\n<p>&nbsp;<\/p>\n<p>Nuestro paquete de entrenamiento de apnea en cenotes es una oportunidad \u00fanica para sumergirse en las maravillas subterr\u00e1neas de la Pen\u00ednsula de Yucat\u00e1n mientras desarrolla sus habilidades de apnea. Con la gu\u00eda de instructores experimentados, equipo de alta calidad y acceso a algunos de los cenotes m\u00e1s impresionantes del mundo, esta experiencia te llevar\u00e1 a nuevos niveles de confianza y conexi\u00f3n con el entorno natural.<\/p>","protected":false},"excerpt":{"rendered":"<p><strong>INCLUYE:<\/strong><\/p>\n<ul>\n<li>Transportaci\u00f3n de la escuela pdc al cenote<\/li>\n<li>Entrada al cenote<\/li>\n<li>Comida de regreso. Quesadillas, o vale de $150<\/li>\n<li>No Incluye EQUIPO $150 EXTRA<\/li>\n<li>Duraci\u00f3n 5 hrs por d\u00eda<\/li>\n<li>dependiendo del estudiante<\/li>\n<li>Comienzo: 8:30 am<br \/>\n<strong>LIMITACIONES<\/strong><\/li>\n<li>Mujeres embarazadas, coraz\u00f3n<\/li>\n<li>problemas card\u00edacos<\/li>\n<li>Edad m\u00ednima 16 a\u00f1os<\/li>\n<\/ul>","protected":false},"featured_media":28976,"comment_status":"closed","ping_status":"closed","template":"","meta":{"site-sidebar-layout":"default","site-content-layout":"","ast-site-content-layout":"default","site-content-style":"default","site-sidebar-style":"default","ast-global-header-display":"","ast-banner-title-visibility":"","ast-main-header-display":"","ast-hfb-above-header-display":"","ast-hfb-below-header-display":"","ast-hfb-mobile-header-display":"","site-post-title":"","ast-breadcrumbs-content":"","ast-featured-img":"","footer-sml-layout":"","ast-disable-related-posts":"","theme-transparent-header-meta":"default","adv-header-id-meta":"","stick-header-meta":"","header-above-stick-meta":"","header-main-stick-meta":"","header-below-stick-meta":"","astra-migrate-meta-layouts":"set","ast-page-background-enabled":"default","ast-page-background-meta":{"desktop":{"background-color":"","background-image":"","background-repeat":"repeat","background-position":"center center","background-size":"auto","background-attachment":"scroll","background-type":"","background-media":"","overlay-type":"","overlay-color":"","overlay-opacity":"","overlay-gradient":""},"tablet":{"background-color":"","background-image":"","background-repeat":"repeat","background-position":"center center","background-size":"auto","background-attachment":"scroll","background-type":"","background-media":"","overlay-type":"","overlay-color":"","overlay-opacity":"","overlay-gradient":""},"mobile":{"background-color":"","background-image":"","background-repeat":"repeat","background-position":"center center","background-size":"auto","background-attachment":"scroll","background-type":"","background-media":"","overlay-type":"","overlay-color":"","overlay-opacity":"","overlay-gradient":""}},"ast-content-background-meta":{"desktop":{"background-color":"var(--ast-global-color-5)","background-image":"","background-repeat":"repeat","background-position":"center center","background-size":"auto","background-attachment":"scroll","background-type":"","background-media":"","overlay-type":"","overlay-color":"","overlay-opacity":"","overlay-gradient":""},"tablet":{"background-color":"var(--ast-global-color-5)","background-image":"","background-repeat":"repeat","background-position":"center center","background-size":"auto","background-attachment":"scroll","background-type":"","background-media":"","overlay-type":"","overlay-color":"","overlay-opacity":"","overlay-gradient":""},"mobile":{"background-color":"var(--ast-global-color-5)","background-image":"","background-repeat":"repeat","background-position":"center center","background-size":"auto","background-attachment":"scroll","background-type":"","background-media":"","overlay-type":"","overlay-color":"","overlay-opacity":"","overlay-gradient":""}}},"product_brand":[],"product_cat":[3959],"product_tag":[],"actividad":[],"ubicacion":[],"class_list":{"0":"post-29452","1":"product","2":"type-product","3":"status-publish","4":"has-post-thumbnail","6":"product_cat-cenotes","7":"desktop-align-left","8":"tablet-align-left","9":"mobile-align-left","10":"tm-no-options","12":"first","13":"instock","14":"sold-individually","15":"shipping-taxable","16":"purchasable","17":"product-type-booking"},"booking_location":"","booking_location_type":"","booking_duration":1,"booking_duration_unit":"day","booking_buffer":0,"booking_cost":1800,"booking_resources":[],"_links":{"self":[{"href":"https:\/\/mexplor.co\/es\/wp-json\/wp\/v2\/product\/29452","targetHints":{"allow":["GET"]}}],"collection":[{"href":"https:\/\/mexplor.co\/es\/wp-json\/wp\/v2\/product"}],"about":[{"href":"https:\/\/mexplor.co\/es\/wp-json\/wp\/v2\/types\/product"}],"replies":[{"embeddable":true,"href":"https:\/\/mexplor.co\/es\/wp-json\/wp\/v2\/comments?post=29452"}],"version-history":[{"count":1,"href":"https:\/\/mexplor.co\/es\/wp-json\/wp\/v2\/product\/29452\/revisions"}],"predecessor-version":[{"id":36649,"href":"https:\/\/mexplor.co\/es\/wp-json\/wp\/v2\/product\/29452\/revisions\/36649"}],"wp:featuredmedia":[{"embeddable":true,"href":"https:\/\/mexplor.co\/es\/wp-json\/wp\/v2\/media\/28976"}],"wp:attachment":[{"href":"https:\/\/mexplor.co\/es\/wp-json\/wp\/v2\/media?parent=29452"}],"wp:term":[{"taxonomy":"product_brand","embeddable":true,"href":"https:\/\/mexplor.co\/es\/wp-json\/wp\/v2\/product_brand?post=29452"},{"taxonomy":"product_cat","embeddable":true,"href":"https:\/\/mexplor.co\/es\/wp-json\/wp\/v2\/product_cat?post=29452"},{"taxonomy":"product_tag","embeddable":true,"href":"https:\/\/mexplor.co\/es\/wp-json\/wp\/v2\/product_tag?post=29452"},{"taxonomy":"actividad","embeddable":true,"href":"https:\/\/mexplor.co\/es\/wp-json\/wp\/v2\/actividad?post=29452"},{"taxonomy":"ubicacion","embeddable":true,"href":"https:\/\/mexplor.co\/es\/wp-json\/wp\/v2\/ubicacion?post=29452"}],"curies":[{"name":"wp","href":"https:\/\/api.w.org\/{rel}","templated":true}]}}