{"id":29492,"date":"2024-07-24T16:35:08","date_gmt":"2024-07-24T21:35:08","guid":{"rendered":"https:\/\/mexplor.co\/?post_type=product&#038;p=29492"},"modified":"2026-03-04T03:00:21","modified_gmt":"2026-03-04T08:00:21","slug":"sinked-ship-2-tanks-diving-in-puerto-morelos","status":"publish","type":"product","link":"https:\/\/mexplor.co\/es\/sinked-ship-2-tanks-diving-in-puerto-morelos\/","title":{"rendered":"ShipWreck (2 TANKS) (Puerto Morelos)"},"content":{"rendered":"<h1>El naufragio de Puerto Morelos: Un tesoro sumergido en el Caribe mexicano<\/h1>\n<p>&nbsp;<\/p>\n<p>&nbsp;<\/p>\n<h6>Puerto Morelos, un pintoresco puerto pesquero de la Riviera Maya, no s\u00f3lo es conocido por sus hermosas playas y su ambiente tranquilo, sino tambi\u00e9n por un fascinante tesoro submarino.<\/h6>\n<p>&nbsp;<\/p>\n<p>\u00bfQu\u00e9 le espera?<\/p>\n<p><strong>Incluye<\/strong>:<br \/>\nTransportes playa del carmen\/Puerto Morelos<br \/>\nGu\u00eda certificado<br \/>\nagua<br \/>\nTanque y plomo<br \/>\n8:30 AM A 02:00 PM<br \/>\nNO INCLUYE $400 EQUIPO<br \/>\nREQUISITOS<br \/>\nEstar certificado<br \/>\nEstar a m\u00e1s de 20m de profundidad<br \/>\n18hs antes de volar<\/p>\n<p>\u00a1Visite el barco hundido ahora!<\/p>\n<p>El pecio de Puerto Morelos es m\u00e1s que un destino de buceo; es una ventana al pasado y un santuario para la vida marina. Tanto si eres un buceador experimentado en busca de tu pr\u00f3xima gran inmersi\u00f3n o un principiante deseoso de explorar las profundidades del oc\u00e9ano, este es un gran lugar para explorar.<\/p>","protected":false},"excerpt":{"rendered":"<ul>\n<li>Incluye:<br \/>\nTransportes playa del carmen\/Puerto Morelos<br \/>\nGu\u00eda certificado<br \/>\nagua<br \/>\nTanque y plomo<br \/>\n8:30 AM A 02:00 PM<br \/>\nNO INCLUYE $400 EQUIPO<br \/>\nREQUISITOS<br \/>\nEstar certificado<br \/>\nEstar a m\u00e1s de 20m de profundidad<br \/>\n18hs antes de volar<\/li>\n<\/ul>","protected":false},"featured_media":28905,"comment_status":"closed","ping_status":"closed","template":"","meta":{"site-sidebar-layout":"default","site-content-layout":"","ast-site-content-layout":"default","site-content-style":"default","site-sidebar-style":"default","ast-global-header-display":"","ast-banner-title-visibility":"","ast-main-header-display":"","ast-hfb-above-header-display":"","ast-hfb-below-header-display":"","ast-hfb-mobile-header-display":"","site-post-title":"","ast-breadcrumbs-content":"","ast-featured-img":"","footer-sml-layout":"","ast-disable-related-posts":"","theme-transparent-header-meta":"default","adv-header-id-meta":"","stick-header-meta":"","header-above-stick-meta":"","header-main-stick-meta":"","header-below-stick-meta":"","astra-migrate-meta-layouts":"set","ast-page-background-enabled":"default","ast-page-background-meta":{"desktop":{"background-color":"","background-image":"","background-repeat":"repeat","background-position":"center center","background-size":"auto","background-attachment":"scroll","background-type":"","background-media":"","overlay-type":"","overlay-color":"","overlay-opacity":"","overlay-gradient":""},"tablet":{"background-color":"","background-image":"","background-repeat":"repeat","background-position":"center center","background-size":"auto","background-attachment":"scroll","background-type":"","background-media":"","overlay-type":"","overlay-color":"","overlay-opacity":"","overlay-gradient":""},"mobile":{"background-color":"","background-image":"","background-repeat":"repeat","background-position":"center center","background-size":"auto","background-attachment":"scroll","background-type":"","background-media":"","overlay-type":"","overlay-color":"","overlay-opacity":"","overlay-gradient":""}},"ast-content-background-meta":{"desktop":{"background-color":"var(--ast-global-color-5)","background-image":"","background-repeat":"repeat","background-position":"center center","background-size":"auto","background-attachment":"scroll","background-type":"","background-media":"","overlay-type":"","overlay-color":"","overlay-opacity":"","overlay-gradient":""},"tablet":{"background-color":"var(--ast-global-color-5)","background-image":"","background-repeat":"repeat","background-position":"center center","background-size":"auto","background-attachment":"scroll","background-type":"","background-media":"","overlay-type":"","overlay-color":"","overlay-opacity":"","overlay-gradient":""},"mobile":{"background-color":"var(--ast-global-color-5)","background-image":"","background-repeat":"repeat","background-position":"center center","background-size":"auto","background-attachment":"scroll","background-type":"","background-media":"","overlay-type":"","overlay-color":"","overlay-opacity":"","overlay-gradient":""}}},"product_brand":[],"product_cat":[3417,1464],"product_tag":[],"actividad":[3701],"ubicacion":[],"class_list":{"0":"post-29492","1":"product","2":"type-product","3":"status-publish","4":"has-post-thumbnail","6":"product_cat-caribe","7":"product_cat-scuba-diving","8":"actividad-scuba-diving","9":"desktop-align-left","10":"tablet-align-left","11":"mobile-align-left","12":"tm-no-options","14":"first","15":"instock","16":"sold-individually","17":"shipping-taxable","18":"purchasable","19":"product-type-booking"},"booking_location":"","booking_location_type":"","booking_duration":1,"booking_duration_unit":"day","booking_buffer":0,"booking_cost":2900,"booking_resources":[],"_links":{"self":[{"href":"https:\/\/mexplor.co\/es\/wp-json\/wp\/v2\/product\/29492","targetHints":{"allow":["GET"]}}],"collection":[{"href":"https:\/\/mexplor.co\/es\/wp-json\/wp\/v2\/product"}],"about":[{"href":"https:\/\/mexplor.co\/es\/wp-json\/wp\/v2\/types\/product"}],"replies":[{"embeddable":true,"href":"https:\/\/mexplor.co\/es\/wp-json\/wp\/v2\/comments?post=29492"}],"version-history":[{"count":3,"href":"https:\/\/mexplor.co\/es\/wp-json\/wp\/v2\/product\/29492\/revisions"}],"predecessor-version":[{"id":40787,"href":"https:\/\/mexplor.co\/es\/wp-json\/wp\/v2\/product\/29492\/revisions\/40787"}],"wp:featuredmedia":[{"embeddable":true,"href":"https:\/\/mexplor.co\/es\/wp-json\/wp\/v2\/media\/28905"}],"wp:attachment":[{"href":"https:\/\/mexplor.co\/es\/wp-json\/wp\/v2\/media?parent=29492"}],"wp:term":[{"taxonomy":"product_brand","embeddable":true,"href":"https:\/\/mexplor.co\/es\/wp-json\/wp\/v2\/product_brand?post=29492"},{"taxonomy":"product_cat","embeddable":true,"href":"https:\/\/mexplor.co\/es\/wp-json\/wp\/v2\/product_cat?post=29492"},{"taxonomy":"product_tag","embeddable":true,"href":"https:\/\/mexplor.co\/es\/wp-json\/wp\/v2\/product_tag?post=29492"},{"taxonomy":"actividad","embeddable":true,"href":"https:\/\/mexplor.co\/es\/wp-json\/wp\/v2\/actividad?post=29492"},{"taxonomy":"ubicacion","embeddable":true,"href":"https:\/\/mexplor.co\/es\/wp-json\/wp\/v2\/ubicacion?post=29492"}],"curies":[{"name":"wp","href":"https:\/\/api.w.org\/{rel}","templated":true}]}}