{"id":29494,"date":"2024-07-24T16:45:17","date_gmt":"2024-07-24T21:45:17","guid":{"rendered":"https:\/\/mexplor.co\/?post_type=product&#038;p=29494"},"modified":"2025-01-03T17:34:39","modified_gmt":"2025-01-03T22:34:39","slug":"2-cenotes-puerto-morelos-diving","status":"publish","type":"product","link":"https:\/\/mexplor.co\/es\/2-cenotes-puerto-morelos-diving\/","title":{"rendered":"2 CENOTES  (Puerto Morelos)"},"content":{"rendered":"<h2>Explora la magia de los cenotes en Puerto Morelos<\/h2>\n<p>&nbsp;<\/p>\n<p>Puerto Morelos, un encantador rinc\u00f3n de la Riviera Maya, es conocido por sus aguas cristalinas, sus tranquilas playas y, sobre todo, por sus impresionantes cenotes. Estas m\u00edsticas masas de agua, consideradas sagradas por los antiguos mayas, son una visita obligada para cualquier amante de la naturaleza y la aventura. Te invitamos a explorar dos de los cenotes m\u00e1s espectaculares de la regi\u00f3n con la gu\u00eda experta de un profesional biling\u00fce, asegurando que tu experiencia sea educativa, segura y absolutamente inolvidable.<\/p>\n<p>&nbsp;<\/p>\n<h6>\u00bfQu\u00e9 es un cenote?<\/h6>\n<p>&nbsp;<\/p>\n<p>Un cenote es una cueva natural que se ha formado por el colapso de la piedra caliza, creando un pozo o piscina de agua dulce. Los mayas consideraban los cenotes portales al inframundo y los utilizaban para rituales religiosos y como fuente de agua potable. Hoy en d\u00eda, estas masas de agua son destinos populares para la nataci\u00f3n, el buceo y el submarinismo, y ofrecen una visi\u00f3n \u00fanica de la geolog\u00eda y la ecolog\u00eda de la pen\u00ednsula de Yucat\u00e1n.<\/p>\n<p>&nbsp;<\/p>\n<p><strong>incluye:<\/strong><\/p>\n<p>Precios en PESOS MXN<br \/>\nGu\u00eda biling\u00fce<br \/>\nEquipo completo<br \/>\nTaxis<br \/>\nComida y agua<br \/>\nexperiencia completa<br \/>\n2 tanques<\/p>","protected":false},"excerpt":{"rendered":"<p>Precios en PESOS MXN<br \/>\nGu\u00eda biling\u00fce<br \/>\nEquipo completo<br \/>\nTaxis<br \/>\nComida y agua<br \/>\n2 tanques<\/p>","protected":false},"featured_media":28960,"comment_status":"closed","ping_status":"closed","template":"","meta":{"site-sidebar-layout":"default","site-content-layout":"","ast-site-content-layout":"default","site-content-style":"default","site-sidebar-style":"default","ast-global-header-display":"","ast-banner-title-visibility":"","ast-main-header-display":"","ast-hfb-above-header-display":"","ast-hfb-below-header-display":"","ast-hfb-mobile-header-display":"","site-post-title":"","ast-breadcrumbs-content":"","ast-featured-img":"","footer-sml-layout":"","ast-disable-related-posts":"","theme-transparent-header-meta":"default","adv-header-id-meta":"","stick-header-meta":"","header-above-stick-meta":"","header-main-stick-meta":"","header-below-stick-meta":"","astra-migrate-meta-layouts":"set","ast-page-background-enabled":"default","ast-page-background-meta":{"desktop":{"background-color":"","background-image":"","background-repeat":"repeat","background-position":"center center","background-size":"auto","background-attachment":"scroll","background-type":"","background-media":"","overlay-type":"","overlay-color":"","overlay-opacity":"","overlay-gradient":""},"tablet":{"background-color":"","background-image":"","background-repeat":"repeat","background-position":"center center","background-size":"auto","background-attachment":"scroll","background-type":"","background-media":"","overlay-type":"","overlay-color":"","overlay-opacity":"","overlay-gradient":""},"mobile":{"background-color":"","background-image":"","background-repeat":"repeat","background-position":"center center","background-size":"auto","background-attachment":"scroll","background-type":"","background-media":"","overlay-type":"","overlay-color":"","overlay-opacity":"","overlay-gradient":""}},"ast-content-background-meta":{"desktop":{"background-color":"var(--ast-global-color-5)","background-image":"","background-repeat":"repeat","background-position":"center center","background-size":"auto","background-attachment":"scroll","background-type":"","background-media":"","overlay-type":"","overlay-color":"","overlay-opacity":"","overlay-gradient":""},"tablet":{"background-color":"var(--ast-global-color-5)","background-image":"","background-repeat":"repeat","background-position":"center center","background-size":"auto","background-attachment":"scroll","background-type":"","background-media":"","overlay-type":"","overlay-color":"","overlay-opacity":"","overlay-gradient":""},"mobile":{"background-color":"var(--ast-global-color-5)","background-image":"","background-repeat":"repeat","background-position":"center center","background-size":"auto","background-attachment":"scroll","background-type":"","background-media":"","overlay-type":"","overlay-color":"","overlay-opacity":"","overlay-gradient":""}}},"product_brand":[],"product_cat":[3417,3959],"product_tag":[],"actividad":[],"ubicacion":[],"class_list":{"0":"post-29494","1":"product","2":"type-product","3":"status-publish","4":"has-post-thumbnail","6":"product_cat-caribe","7":"product_cat-cenotes","8":"desktop-align-left","9":"tablet-align-left","10":"mobile-align-left","11":"tm-no-options","13":"first","14":"instock","15":"sold-individually","16":"shipping-taxable","17":"purchasable","18":"product-type-booking"},"booking_location":"","booking_location_type":"","booking_duration":1,"booking_duration_unit":"day","booking_buffer":0,"booking_cost":3750,"booking_resources":[],"_links":{"self":[{"href":"https:\/\/mexplor.co\/es\/wp-json\/wp\/v2\/product\/29494","targetHints":{"allow":["GET"]}}],"collection":[{"href":"https:\/\/mexplor.co\/es\/wp-json\/wp\/v2\/product"}],"about":[{"href":"https:\/\/mexplor.co\/es\/wp-json\/wp\/v2\/types\/product"}],"replies":[{"embeddable":true,"href":"https:\/\/mexplor.co\/es\/wp-json\/wp\/v2\/comments?post=29494"}],"version-history":[{"count":1,"href":"https:\/\/mexplor.co\/es\/wp-json\/wp\/v2\/product\/29494\/revisions"}],"predecessor-version":[{"id":36647,"href":"https:\/\/mexplor.co\/es\/wp-json\/wp\/v2\/product\/29494\/revisions\/36647"}],"wp:featuredmedia":[{"embeddable":true,"href":"https:\/\/mexplor.co\/es\/wp-json\/wp\/v2\/media\/28960"}],"wp:attachment":[{"href":"https:\/\/mexplor.co\/es\/wp-json\/wp\/v2\/media?parent=29494"}],"wp:term":[{"taxonomy":"product_brand","embeddable":true,"href":"https:\/\/mexplor.co\/es\/wp-json\/wp\/v2\/product_brand?post=29494"},{"taxonomy":"product_cat","embeddable":true,"href":"https:\/\/mexplor.co\/es\/wp-json\/wp\/v2\/product_cat?post=29494"},{"taxonomy":"product_tag","embeddable":true,"href":"https:\/\/mexplor.co\/es\/wp-json\/wp\/v2\/product_tag?post=29494"},{"taxonomy":"actividad","embeddable":true,"href":"https:\/\/mexplor.co\/es\/wp-json\/wp\/v2\/actividad?post=29494"},{"taxonomy":"ubicacion","embeddable":true,"href":"https:\/\/mexplor.co\/es\/wp-json\/wp\/v2\/ubicacion?post=29494"}],"curies":[{"name":"wp","href":"https:\/\/api.w.org\/{rel}","templated":true}]}}