{"id":29499,"date":"2024-07-24T16:54:33","date_gmt":"2024-07-24T21:54:33","guid":{"rendered":"https:\/\/mexplor.co\/?post_type=product&#038;p=29499"},"modified":"2025-07-01T19:13:05","modified_gmt":"2025-07-02T00:13:05","slug":"buceo-en-puerto-morelos-2-tanques-bote","status":"publish","type":"product","link":"https:\/\/mexplor.co\/es\/buceo-en-puerto-morelos-2-tanques-bote\/","title":{"rendered":"DSD 2 TANQUES (BOTE) (Puerto Morelos)"},"content":{"rendered":"<h1>Discover Scuba Diving (DSD) en Barco<\/h1>\n<p>&nbsp;<\/p>\n<p><strong>Descubra el mundo del submarinismo con total seguridad y diversi\u00f3n en un barco.<\/strong><\/p>\n<p>&nbsp;<\/p>\n<p>\u00bfAlguna vez has so\u00f1ado con explorar las profundidades del oc\u00e9ano pero no sabes por d\u00f3nde empezar? El curso Discover Scuba Diving (DSD) en Canc\u00fan es la introducci\u00f3n perfecta para aquellos que quieren experimentar la emoci\u00f3n del buceo sin comprometerse a un curso de certificaci\u00f3n completa. Dise\u00f1ado para principiantes absolutos, este curso le permite descubrir el fascinante mundo submarino en un entorno seguro y controlado, bajo la supervisi\u00f3n de instructores certificados.<\/p>\n<p><strong>\u00bfQu\u00e9 es el curso Discover Scuba Diving (DSD)?<\/strong><\/p>\n<p>El curso DSD es un programa de iniciaci\u00f3n al submarinismo que te proporciona una experiencia te\u00f3rica y pr\u00e1ctica b\u00e1sica para que puedas probar el submarinismo por primera vez. No necesitas tener experiencia previa en buceo, s\u00f3lo ganas de aprender y explorar.<\/p>\n<p>&nbsp;<\/p>\n<p>Incluye: equipo<br \/>\nIncluye:gu\u00eda biling\u00fce transportaci\u00f3n en barco<br \/>\nD\u00edas disponibles: Solo con reservaci\u00f3n<br \/>\nIdioma: espa\u00f1ol, ingl\u00e9s,<br \/>\nEquipo completo<br \/>\nHora de inicio: 9 am<br \/>\nDuraci\u00f3n: 4 a 5 horas aprox: 4 a 5 hrs aprox<\/p>","protected":false},"excerpt":{"rendered":"<p><strong>Incluye: equipo<\/strong><br \/>\nIncluye:gu\u00eda biling\u00fce transportaci\u00f3n en barco<br \/>\nD\u00edas disponibles: Solo con reservaci\u00f3n<br \/>\nIdioma: espa\u00f1ol, ingl\u00e9s,<br \/>\nEquipo completo<br \/>\nHora de inicio: 9 am<br \/>\nDuraci\u00f3n: 4 a 5 horas aprox: 4 a 5 hrs aprox<\/p>","protected":false},"featured_media":3707,"comment_status":"closed","ping_status":"closed","template":"","meta":{"site-sidebar-layout":"default","site-content-layout":"","ast-site-content-layout":"default","site-content-style":"default","site-sidebar-style":"default","ast-global-header-display":"","ast-banner-title-visibility":"","ast-main-header-display":"","ast-hfb-above-header-display":"","ast-hfb-below-header-display":"","ast-hfb-mobile-header-display":"","site-post-title":"","ast-breadcrumbs-content":"","ast-featured-img":"","footer-sml-layout":"","ast-disable-related-posts":"","theme-transparent-header-meta":"default","adv-header-id-meta":"","stick-header-meta":"","header-above-stick-meta":"","header-main-stick-meta":"","header-below-stick-meta":"","astra-migrate-meta-layouts":"set","ast-page-background-enabled":"default","ast-page-background-meta":{"desktop":{"background-color":"","background-image":"","background-repeat":"repeat","background-position":"center center","background-size":"auto","background-attachment":"scroll","background-type":"","background-media":"","overlay-type":"","overlay-color":"","overlay-opacity":"","overlay-gradient":""},"tablet":{"background-color":"","background-image":"","background-repeat":"repeat","background-position":"center center","background-size":"auto","background-attachment":"scroll","background-type":"","background-media":"","overlay-type":"","overlay-color":"","overlay-opacity":"","overlay-gradient":""},"mobile":{"background-color":"","background-image":"","background-repeat":"repeat","background-position":"center center","background-size":"auto","background-attachment":"scroll","background-type":"","background-media":"","overlay-type":"","overlay-color":"","overlay-opacity":"","overlay-gradient":""}},"ast-content-background-meta":{"desktop":{"background-color":"var(--ast-global-color-5)","background-image":"","background-repeat":"repeat","background-position":"center center","background-size":"auto","background-attachment":"scroll","background-type":"","background-media":"","overlay-type":"","overlay-color":"","overlay-opacity":"","overlay-gradient":""},"tablet":{"background-color":"var(--ast-global-color-5)","background-image":"","background-repeat":"repeat","background-position":"center center","background-size":"auto","background-attachment":"scroll","background-type":"","background-media":"","overlay-type":"","overlay-color":"","overlay-opacity":"","overlay-gradient":""},"mobile":{"background-color":"var(--ast-global-color-5)","background-image":"","background-repeat":"repeat","background-position":"center center","background-size":"auto","background-attachment":"scroll","background-type":"","background-media":"","overlay-type":"","overlay-color":"","overlay-opacity":"","overlay-gradient":""}}},"product_brand":[],"product_cat":[1888],"product_tag":[],"actividad":[],"ubicacion":[],"class_list":{"0":"post-29499","1":"product","2":"type-product","3":"status-publish","4":"has-post-thumbnail","6":"product_cat-store","7":"desktop-align-left","8":"tablet-align-left","9":"mobile-align-left","10":"tm-no-options","12":"first","13":"instock","14":"sold-individually","15":"shipping-taxable","16":"purchasable","17":"product-type-booking"},"booking_location":"","booking_location_type":"","booking_duration":1,"booking_duration_unit":"day","booking_buffer":0,"booking_cost":2500,"booking_resources":[],"_links":{"self":[{"href":"https:\/\/mexplor.co\/es\/wp-json\/wp\/v2\/product\/29499","targetHints":{"allow":["GET"]}}],"collection":[{"href":"https:\/\/mexplor.co\/es\/wp-json\/wp\/v2\/product"}],"about":[{"href":"https:\/\/mexplor.co\/es\/wp-json\/wp\/v2\/types\/product"}],"replies":[{"embeddable":true,"href":"https:\/\/mexplor.co\/es\/wp-json\/wp\/v2\/comments?post=29499"}],"version-history":[{"count":2,"href":"https:\/\/mexplor.co\/es\/wp-json\/wp\/v2\/product\/29499\/revisions"}],"predecessor-version":[{"id":31776,"href":"https:\/\/mexplor.co\/es\/wp-json\/wp\/v2\/product\/29499\/revisions\/31776"}],"wp:featuredmedia":[{"embeddable":true,"href":"https:\/\/mexplor.co\/es\/wp-json\/wp\/v2\/media\/3707"}],"wp:attachment":[{"href":"https:\/\/mexplor.co\/es\/wp-json\/wp\/v2\/media?parent=29499"}],"wp:term":[{"taxonomy":"product_brand","embeddable":true,"href":"https:\/\/mexplor.co\/es\/wp-json\/wp\/v2\/product_brand?post=29499"},{"taxonomy":"product_cat","embeddable":true,"href":"https:\/\/mexplor.co\/es\/wp-json\/wp\/v2\/product_cat?post=29499"},{"taxonomy":"product_tag","embeddable":true,"href":"https:\/\/mexplor.co\/es\/wp-json\/wp\/v2\/product_tag?post=29499"},{"taxonomy":"actividad","embeddable":true,"href":"https:\/\/mexplor.co\/es\/wp-json\/wp\/v2\/actividad?post=29499"},{"taxonomy":"ubicacion","embeddable":true,"href":"https:\/\/mexplor.co\/es\/wp-json\/wp\/v2\/ubicacion?post=29499"}],"curies":[{"name":"wp","href":"https:\/\/api.w.org\/{rel}","templated":true}]}}