{"id":29515,"date":"2024-07-24T17:31:37","date_gmt":"2024-07-24T22:31:37","guid":{"rendered":"https:\/\/mexplor.co\/?post_type=product&#038;p=29515"},"modified":"2025-07-01T18:58:59","modified_gmt":"2025-07-01T23:58:59","slug":"certificados-2-tanques-playa-del-carmen-diving","status":"publish","type":"product","link":"https:\/\/mexplor.co\/es\/certificados-2-tanques-playa-del-carmen-diving\/","title":{"rendered":"Certificados (2 Tanques) Playa del Carmen"},"content":{"rendered":"<h6>Si buscas una aventura inolvidable, te invito a unirte a mi empresa de buceo, donde cada inmersi\u00f3n es una puerta a un mundo lleno de colores, vida marina y experiencias que te dejar\u00e1n sin aliento.<\/h6>\n<p>\u00bfPor qu\u00e9 bucear con nosotros?<br \/>\nExperiencia y Profesionalidad: Como buceador certificado, me aseguro de que cada inmersi\u00f3n sea segura y emocionante. Contamos con un equipo profesional y altamente capacitado que te guiar\u00e1 y asistir\u00e1 en todo momento.<\/p>\n<p>Equipo de alta calidad: Contamos con equipos de buceo de \u00faltima generaci\u00f3n que garantizan tu seguridad y comodidad bajo el agua. Adem\u00e1s, mantenemos nuestro equipo en \u00f3ptimas condiciones para que s\u00f3lo tengas que preocuparte de disfrutar.<\/p>\n<p>&nbsp;<\/p>\n<p><strong>\u00daNETE A NOSOTROS AHORA, NUESTROS SERVICIOS INCLUYEN:<\/strong><\/p>\n<p>Incluye: equipo completo<br \/>\nD\u00edas disponibles: Solo con reserva<br \/>\nLocalizaci\u00f3n : Cerebos, cabezoz, arcos<br \/>\nIdioma: espa\u00f1ol, ingl\u00e9s<br \/>\nAGUA y fruta<br \/>\nHora de inicio: 10:00 AM (BARCO)<br \/>\nDuraci\u00f3n de la excursi\u00f3n: 3 hrs aprox<br \/>\nRequisitos:<br \/>\nNo volar durante las pr\u00f3ximas 18hs<br \/>\nLicencia de buceo (o n\u00famero PADI)<\/p>\n<p>No esperes m\u00e1s para vivir una de las mejores experiencias de tu vida. Cont\u00e1ctanos para m\u00e1s informaci\u00f3n y reserva tu plaza en nuestras pr\u00f3ximas aventuras submarinas, \u00a1te esperamos bajo el agua!<\/p>","protected":false},"excerpt":{"rendered":"<p>Incluye: Transporte iyv hotel<br \/>\nAgua y fruta en el barco<br \/>\nEquipo completo<br \/>\nSnacks (baguets o sandwich) *Opci\u00f3n para veganos\/vegetarianos)<br \/>\nNo Incluye: Equipo $100 USD (uso del muelle )<br \/>\nRequisitos:<br \/>\nNo volar durante las proximas 18hs<br \/>\nLicencia de buceo (o n\u00famero PADI)<\/p>","protected":false},"featured_media":28656,"comment_status":"closed","ping_status":"closed","template":"","meta":{"site-sidebar-layout":"default","site-content-layout":"","ast-site-content-layout":"default","site-content-style":"default","site-sidebar-style":"default","ast-global-header-display":"","ast-banner-title-visibility":"","ast-main-header-display":"","ast-hfb-above-header-display":"","ast-hfb-below-header-display":"","ast-hfb-mobile-header-display":"","site-post-title":"","ast-breadcrumbs-content":"","ast-featured-img":"","footer-sml-layout":"","ast-disable-related-posts":"","theme-transparent-header-meta":"default","adv-header-id-meta":"","stick-header-meta":"","header-above-stick-meta":"","header-main-stick-meta":"","header-below-stick-meta":"","astra-migrate-meta-layouts":"set","ast-page-background-enabled":"default","ast-page-background-meta":{"desktop":{"background-color":"","background-image":"","background-repeat":"repeat","background-position":"center center","background-size":"auto","background-attachment":"scroll","background-type":"","background-media":"","overlay-type":"","overlay-color":"","overlay-opacity":"","overlay-gradient":""},"tablet":{"background-color":"","background-image":"","background-repeat":"repeat","background-position":"center center","background-size":"auto","background-attachment":"scroll","background-type":"","background-media":"","overlay-type":"","overlay-color":"","overlay-opacity":"","overlay-gradient":""},"mobile":{"background-color":"","background-image":"","background-repeat":"repeat","background-position":"center center","background-size":"auto","background-attachment":"scroll","background-type":"","background-media":"","overlay-type":"","overlay-color":"","overlay-opacity":"","overlay-gradient":""}},"ast-content-background-meta":{"desktop":{"background-color":"var(--ast-global-color-5)","background-image":"","background-repeat":"repeat","background-position":"center center","background-size":"auto","background-attachment":"scroll","background-type":"","background-media":"","overlay-type":"","overlay-color":"","overlay-opacity":"","overlay-gradient":""},"tablet":{"background-color":"var(--ast-global-color-5)","background-image":"","background-repeat":"repeat","background-position":"center center","background-size":"auto","background-attachment":"scroll","background-type":"","background-media":"","overlay-type":"","overlay-color":"","overlay-opacity":"","overlay-gradient":""},"mobile":{"background-color":"var(--ast-global-color-5)","background-image":"","background-repeat":"repeat","background-position":"center center","background-size":"auto","background-attachment":"scroll","background-type":"","background-media":"","overlay-type":"","overlay-color":"","overlay-opacity":"","overlay-gradient":""}}},"product_brand":[],"product_cat":[3417],"product_tag":[],"actividad":[],"ubicacion":[],"class_list":{"0":"post-29515","1":"product","2":"type-product","3":"status-publish","4":"has-post-thumbnail","6":"product_cat-caribe","7":"desktop-align-left","8":"tablet-align-left","9":"mobile-align-left","10":"tm-no-options","12":"first","13":"instock","14":"sold-individually","15":"shipping-taxable","16":"purchasable","17":"product-type-booking"},"booking_location":"","booking_location_type":"","booking_duration":1,"booking_duration_unit":"day","booking_buffer":0,"booking_cost":1785,"booking_resources":[],"_links":{"self":[{"href":"https:\/\/mexplor.co\/es\/wp-json\/wp\/v2\/product\/29515","targetHints":{"allow":["GET"]}}],"collection":[{"href":"https:\/\/mexplor.co\/es\/wp-json\/wp\/v2\/product"}],"about":[{"href":"https:\/\/mexplor.co\/es\/wp-json\/wp\/v2\/types\/product"}],"replies":[{"embeddable":true,"href":"https:\/\/mexplor.co\/es\/wp-json\/wp\/v2\/comments?post=29515"}],"version-history":[{"count":1,"href":"https:\/\/mexplor.co\/es\/wp-json\/wp\/v2\/product\/29515\/revisions"}],"predecessor-version":[{"id":31416,"href":"https:\/\/mexplor.co\/es\/wp-json\/wp\/v2\/product\/29515\/revisions\/31416"}],"wp:featuredmedia":[{"embeddable":true,"href":"https:\/\/mexplor.co\/es\/wp-json\/wp\/v2\/media\/28656"}],"wp:attachment":[{"href":"https:\/\/mexplor.co\/es\/wp-json\/wp\/v2\/media?parent=29515"}],"wp:term":[{"taxonomy":"product_brand","embeddable":true,"href":"https:\/\/mexplor.co\/es\/wp-json\/wp\/v2\/product_brand?post=29515"},{"taxonomy":"product_cat","embeddable":true,"href":"https:\/\/mexplor.co\/es\/wp-json\/wp\/v2\/product_cat?post=29515"},{"taxonomy":"product_tag","embeddable":true,"href":"https:\/\/mexplor.co\/es\/wp-json\/wp\/v2\/product_tag?post=29515"},{"taxonomy":"actividad","embeddable":true,"href":"https:\/\/mexplor.co\/es\/wp-json\/wp\/v2\/actividad?post=29515"},{"taxonomy":"ubicacion","embeddable":true,"href":"https:\/\/mexplor.co\/es\/wp-json\/wp\/v2\/ubicacion?post=29515"}],"curies":[{"name":"wp","href":"https:\/\/api.w.org\/{rel}","templated":true}]}}