{"id":29523,"date":"2024-07-25T09:21:55","date_gmt":"2024-07-25T14:21:55","guid":{"rendered":"https:\/\/mexplor.co\/?post_type=product&#038;p=29523"},"modified":"2026-03-04T02:59:53","modified_gmt":"2026-03-04T07:59:53","slug":"scuba-diving-cancun-discovery","status":"publish","type":"product","link":"https:\/\/mexplor.co\/es\/scuba-diving-cancun-discovery\/","title":{"rendered":"DISCOVERY (CANCUN)"},"content":{"rendered":"<h1>Descubre el fascinante mundo del buceo en Canc\u00fan<\/h1>\n<h6>Bucea en las cristalinas aguas de Canc\u00fan<\/h6>\n<p>&nbsp;<\/p>\n<p>Canc\u00fan es un destino de buceo que ofrece experiencias inolvidables tanto para principiantes como para buceadores certificados. Aqu\u00ed te presentamos una gu\u00eda detallada para que descubras lo que este para\u00edso tiene para ofrecerte.<\/p>\n<p>&nbsp;<\/p>\n<p><strong>Buceo para principiantes en Canc\u00fan<\/strong><\/p>\n<p>&nbsp;<\/p>\n<p>Canc\u00fan es un lugar ideal para quienes desean iniciarse en el mundo del buceo. Aqu\u00ed, los principiantes pueden aprender y disfrutar de su primera experiencia de buceo en un ambiente seguro y controlado.<\/p>\n<p>Primera inmersi\u00f3n en aguas abiertas: Despu\u00e9s de practicar, los nuevos buceadores realizan su primera inmersi\u00f3n en aguas abiertas bajo la supervisi\u00f3n de instructores titulados. Sitios como el Museo Subacu\u00e1tico de Arte (MUSA) y los arrecifes de Manchones son perfectos para esta primera experiencia, con profundidades accesibles y abundante vida marina.<br \/>\nDuraci\u00f3n: Generalmente, el bautismo de buceo dura medio d\u00eda, lo que lo convierte en una excelente actividad para quienes disponen de poco tiempo pero desean experimentar el buceo.<\/p>\n<p>&nbsp;<\/p>\n<p>Incluye: equipo<br \/>\nIncluye:gu\u00eda biling\u00fce transporte en barco<br \/>\nD\u00edas disponibles: Solo con reservaci\u00f3n<br \/>\nUbicaci\u00f3n : 4 puntos Chitales, Santo Remedio, (En ISLA MUJERES): Machones y el museo<br \/>\nGu\u00eda biling\u00fce<br \/>\nEquipo completo<br \/>\nHora de inicio<br \/>\nprincipiantes :10 am a 4 pm<br \/>\nCertificados: 8 am a 12 pm o 12 pm a 4 pm<br \/>\nDuraci\u00f3n: principiantes 6 hrs certificados 4 hrs<br \/>\nBuceo en Canc\u00fan para Buzos Certificados<\/p>\n<p>Para los buzos certificados, Canc\u00fan ofrece una diversidad de sitios y experiencias que garantizan emocionantes aventuras submarinas en Buceo<\/p>\n<p>Descubra la magia del submarinismo en Isla Mujeres y Santo Remedio<br \/>\nBucea en dos para\u00edsos submarinos \u00fanicos<\/p>\n<p>\u00bfPor qu\u00e9 elegir el buceo en Isla Mujeres y Santo Remedio?<\/p>\n<p>Diversidad y belleza natural: Ambos destinos ofrecen paisajes submarinos \u00fanicos y diversos, desde esculturas y cuevas submarinas hasta pr\u00edstinos arrecifes.<br \/>\nExperiencias \u00fanicas: Ya sea buceando entre obras de arte en MUSA o explorando arrecifes v\u00edrgenes en Santo Remedio, cada inmersi\u00f3n es una nueva aventura.<br \/>\nCompromiso con la conservaci\u00f3n: Al elegir estos destinos, apoyas los esfuerzos de conservaci\u00f3n y sostenibilidad que protegen y preservan los ecosistemas marinos con un impresionante Buceo.<\/p>","protected":false},"excerpt":{"rendered":"<p>2 inmersiones<br \/>\nGu\u00eda biling\u00fce<br \/>\nEquipo completo<br \/>\n4 a 6 hrs (seg\u00fan experiencia)<br \/>\nTasa del parque marino<br \/>\nAgua a bordo<br \/>\nNo incluye Snacks y comida<\/p>","protected":false},"featured_media":24184,"comment_status":"closed","ping_status":"closed","template":"","meta":{"site-sidebar-layout":"default","site-content-layout":"","ast-site-content-layout":"default","site-content-style":"default","site-sidebar-style":"default","ast-global-header-display":"","ast-banner-title-visibility":"","ast-main-header-display":"","ast-hfb-above-header-display":"","ast-hfb-below-header-display":"","ast-hfb-mobile-header-display":"","site-post-title":"","ast-breadcrumbs-content":"","ast-featured-img":"","footer-sml-layout":"","ast-disable-related-posts":"","theme-transparent-header-meta":"default","adv-header-id-meta":"","stick-header-meta":"","header-above-stick-meta":"","header-main-stick-meta":"","header-below-stick-meta":"","astra-migrate-meta-layouts":"set","ast-page-background-enabled":"default","ast-page-background-meta":{"desktop":{"background-color":"","background-image":"","background-repeat":"repeat","background-position":"center center","background-size":"auto","background-attachment":"scroll","background-type":"","background-media":"","overlay-type":"","overlay-color":"","overlay-opacity":"","overlay-gradient":""},"tablet":{"background-color":"","background-image":"","background-repeat":"repeat","background-position":"center center","background-size":"auto","background-attachment":"scroll","background-type":"","background-media":"","overlay-type":"","overlay-color":"","overlay-opacity":"","overlay-gradient":""},"mobile":{"background-color":"","background-image":"","background-repeat":"repeat","background-position":"center center","background-size":"auto","background-attachment":"scroll","background-type":"","background-media":"","overlay-type":"","overlay-color":"","overlay-opacity":"","overlay-gradient":""}},"ast-content-background-meta":{"desktop":{"background-color":"var(--ast-global-color-5)","background-image":"","background-repeat":"repeat","background-position":"center center","background-size":"auto","background-attachment":"scroll","background-type":"","background-media":"","overlay-type":"","overlay-color":"","overlay-opacity":"","overlay-gradient":""},"tablet":{"background-color":"var(--ast-global-color-5)","background-image":"","background-repeat":"repeat","background-position":"center center","background-size":"auto","background-attachment":"scroll","background-type":"","background-media":"","overlay-type":"","overlay-color":"","overlay-opacity":"","overlay-gradient":""},"mobile":{"background-color":"var(--ast-global-color-5)","background-image":"","background-repeat":"repeat","background-position":"center center","background-size":"auto","background-attachment":"scroll","background-type":"","background-media":"","overlay-type":"","overlay-color":"","overlay-opacity":"","overlay-gradient":""}}},"product_brand":[],"product_cat":[3417,1464],"product_tag":[],"actividad":[3701],"ubicacion":[3739],"class_list":{"0":"post-29523","1":"product","2":"type-product","3":"status-publish","4":"has-post-thumbnail","6":"product_cat-caribe","7":"product_cat-scuba-diving","8":"actividad-scuba-diving","9":"ubicacion-cancun-es","10":"desktop-align-left","11":"tablet-align-left","12":"mobile-align-left","13":"tm-no-options","15":"first","16":"instock","17":"sold-individually","18":"shipping-taxable","19":"purchasable","20":"product-type-booking"},"booking_location":"","booking_location_type":"","booking_duration":1,"booking_duration_unit":"day","booking_buffer":0,"booking_cost":1900,"booking_resources":[],"_links":{"self":[{"href":"https:\/\/mexplor.co\/es\/wp-json\/wp\/v2\/product\/29523","targetHints":{"allow":["GET"]}}],"collection":[{"href":"https:\/\/mexplor.co\/es\/wp-json\/wp\/v2\/product"}],"about":[{"href":"https:\/\/mexplor.co\/es\/wp-json\/wp\/v2\/types\/product"}],"replies":[{"embeddable":true,"href":"https:\/\/mexplor.co\/es\/wp-json\/wp\/v2\/comments?post=29523"}],"version-history":[{"count":1,"href":"https:\/\/mexplor.co\/es\/wp-json\/wp\/v2\/product\/29523\/revisions"}],"predecessor-version":[{"id":40785,"href":"https:\/\/mexplor.co\/es\/wp-json\/wp\/v2\/product\/29523\/revisions\/40785"}],"wp:featuredmedia":[{"embeddable":true,"href":"https:\/\/mexplor.co\/es\/wp-json\/wp\/v2\/media\/24184"}],"wp:attachment":[{"href":"https:\/\/mexplor.co\/es\/wp-json\/wp\/v2\/media?parent=29523"}],"wp:term":[{"taxonomy":"product_brand","embeddable":true,"href":"https:\/\/mexplor.co\/es\/wp-json\/wp\/v2\/product_brand?post=29523"},{"taxonomy":"product_cat","embeddable":true,"href":"https:\/\/mexplor.co\/es\/wp-json\/wp\/v2\/product_cat?post=29523"},{"taxonomy":"product_tag","embeddable":true,"href":"https:\/\/mexplor.co\/es\/wp-json\/wp\/v2\/product_tag?post=29523"},{"taxonomy":"actividad","embeddable":true,"href":"https:\/\/mexplor.co\/es\/wp-json\/wp\/v2\/actividad?post=29523"},{"taxonomy":"ubicacion","embeddable":true,"href":"https:\/\/mexplor.co\/es\/wp-json\/wp\/v2\/ubicacion?post=29523"}],"curies":[{"name":"wp","href":"https:\/\/api.w.org\/{rel}","templated":true}]}}