{"id":29524,"date":"2024-07-25T09:24:37","date_gmt":"2024-07-25T14:24:37","guid":{"rendered":"https:\/\/mexplor.co\/?post_type=product&#038;p=29524"},"modified":"2025-07-01T18:56:13","modified_gmt":"2025-07-01T23:56:13","slug":"buceo-en-cozumel-2-tanques-barco","status":"publish","type":"product","link":"https:\/\/mexplor.co\/es\/buceo-en-cozumel-2-tanques-barco\/","title":{"rendered":"Discovery 2 TANQUES cozumel (BARCO)"},"content":{"rendered":"<h1>Descubrimiento de Cozumel<\/h1>\n<h6>Explore las maravillas submarinas de Cozumel<\/h6>\n<p>&nbsp;<\/p>\n<p>Como experto en submarinismo, puedo afirmar con certeza que Cozumel es uno de los destinos de buceo m\u00e1s impresionantes del mundo. Esta isla caribe\u00f1a, situada frente a la costa de la pen\u00ednsula de Yucat\u00e1n, es un para\u00edso para los amantes del mar. Las playas de Cozumel no s\u00f3lo ofrecen belleza natural en la superficie, sino tambi\u00e9n un rico y vibrante mundo submarino que espera ser explorado.<\/p>\n<p>&nbsp;<\/p>\n<p><strong>\u00bfEst\u00e1 listo para una aventura submarina que le dejar\u00e1 sin aliento?<\/strong><\/p>\n<p>&nbsp;<\/p>\n<p>Le invitamos a descubrir las maravillas que se esconden bajo las cristalinas aguas de Cozumel, uno de los destinos de buceo m\u00e1s espectaculares del mundo. Nuestro exclusivo tour de buceo en la playa de Cozumel le llevar\u00e1 a explorar vibrantes arrecifes y asombrosa vida marina, creando recuerdos que durar\u00e1n toda la vida.<\/p>\n<p>&nbsp;<\/p>\n<p>Por qu\u00e9 elegir nuestro paquete de buceo en Cozumel<\/p>\n<p>&nbsp;<\/p>\n<p>Experiencia sin igual: Cozumel es famoso por su visibilidad cristalina, rica biodiversidad y emocionantes corrientes de buceo a la deriva. Nuestro paquete te ofrece la oportunidad de explorar estos tesoros submarinos con total comodidad y seguridad.<br \/>\nCalidad y Profesionalidad: Desde el transporte en barco de lujo hasta el equipo de buceo de alta calidad y los gu\u00edas expertos, cada aspecto de nuestro paquete est\u00e1 dise\u00f1ado para ofrecerle una experiencia de buceo de primera clase.<\/p>\n<p>&nbsp;<\/p>\n<p>Precio: $3060 pesos por persona por 2 tanque<\/p>\n<p>&nbsp;<\/p>\n<p>Incluye: Acceso al club de playa ,Equipo completo,Comida y agua, Taxis, instructor<\/p>\n<p>D\u00edas disponibles: S\u00f3lo con reserva<\/p>\n<p>&nbsp;<\/p>\n<p>Ubicaci\u00f3n : Paraiso<br \/>\nHora de inicio: 09:00 AM (LA RECOGIDA EMPIEZA 1 HORA ANTES)<\/p>\n<p>&nbsp;<\/p>\n<p>Duracion 6 hrs<\/p>\n<p>&nbsp;<\/p>\n<p>Sin cargo extra<br \/>\nReserva tu pr\u00f3xima aventura de buceo<br \/>\nNo espere m\u00e1s para sumergirse en el fascinante mundo submarino. P\u00f3ngase en contacto con nosotros hoy mismo para reservar su curso, excursi\u00f3n o alquiler de equipo y prep\u00e1rese para una experiencia de buceo que recordar\u00e1 toda la vida.<\/p>","protected":false},"excerpt":{"rendered":"<p>Bucear en las playas de Cozumel es una experiencia que todo amante del submarinismo deber\u00eda vivir al menos una vez en la vida. Con sus aguas cristalinas, impresionantes arrecifes de coral y rica biodiversidad marina, Cozumel ofrece una aventura submarina inolvidable.<\/p>\n<p>2 tanques<br \/>\n6 hrs<br \/>\nInstructor<br \/>\ncabinas y agua<\/p>","protected":false},"featured_media":28683,"comment_status":"closed","ping_status":"closed","template":"","meta":{"site-sidebar-layout":"default","site-content-layout":"","ast-site-content-layout":"default","site-content-style":"default","site-sidebar-style":"default","ast-global-header-display":"","ast-banner-title-visibility":"","ast-main-header-display":"","ast-hfb-above-header-display":"","ast-hfb-below-header-display":"","ast-hfb-mobile-header-display":"","site-post-title":"","ast-breadcrumbs-content":"","ast-featured-img":"","footer-sml-layout":"","ast-disable-related-posts":"","theme-transparent-header-meta":"default","adv-header-id-meta":"","stick-header-meta":"","header-above-stick-meta":"","header-main-stick-meta":"","header-below-stick-meta":"","astra-migrate-meta-layouts":"set","ast-page-background-enabled":"default","ast-page-background-meta":{"desktop":{"background-color":"","background-image":"","background-repeat":"repeat","background-position":"center center","background-size":"auto","background-attachment":"scroll","background-type":"","background-media":"","overlay-type":"","overlay-color":"","overlay-opacity":"","overlay-gradient":""},"tablet":{"background-color":"","background-image":"","background-repeat":"repeat","background-position":"center center","background-size":"auto","background-attachment":"scroll","background-type":"","background-media":"","overlay-type":"","overlay-color":"","overlay-opacity":"","overlay-gradient":""},"mobile":{"background-color":"","background-image":"","background-repeat":"repeat","background-position":"center center","background-size":"auto","background-attachment":"scroll","background-type":"","background-media":"","overlay-type":"","overlay-color":"","overlay-opacity":"","overlay-gradient":""}},"ast-content-background-meta":{"desktop":{"background-color":"var(--ast-global-color-5)","background-image":"","background-repeat":"repeat","background-position":"center center","background-size":"auto","background-attachment":"scroll","background-type":"","background-media":"","overlay-type":"","overlay-color":"","overlay-opacity":"","overlay-gradient":""},"tablet":{"background-color":"var(--ast-global-color-5)","background-image":"","background-repeat":"repeat","background-position":"center center","background-size":"auto","background-attachment":"scroll","background-type":"","background-media":"","overlay-type":"","overlay-color":"","overlay-opacity":"","overlay-gradient":""},"mobile":{"background-color":"var(--ast-global-color-5)","background-image":"","background-repeat":"repeat","background-position":"center center","background-size":"auto","background-attachment":"scroll","background-type":"","background-media":"","overlay-type":"","overlay-color":"","overlay-opacity":"","overlay-gradient":""}}},"product_brand":[],"product_cat":[3417],"product_tag":[],"actividad":[],"ubicacion":[3737],"class_list":{"0":"post-29524","1":"product","2":"type-product","3":"status-publish","4":"has-post-thumbnail","6":"product_cat-caribe","7":"ubicacion-cozumel-es","8":"desktop-align-left","9":"tablet-align-left","10":"mobile-align-left","11":"tm-no-options","13":"first","14":"instock","15":"sold-individually","16":"shipping-taxable","17":"purchasable","18":"product-type-booking"},"booking_location":"","booking_location_type":"","booking_duration":1,"booking_duration_unit":"day","booking_buffer":0,"booking_cost":3060,"booking_resources":[],"_links":{"self":[{"href":"https:\/\/mexplor.co\/es\/wp-json\/wp\/v2\/product\/29524","targetHints":{"allow":["GET"]}}],"collection":[{"href":"https:\/\/mexplor.co\/es\/wp-json\/wp\/v2\/product"}],"about":[{"href":"https:\/\/mexplor.co\/es\/wp-json\/wp\/v2\/types\/product"}],"replies":[{"embeddable":true,"href":"https:\/\/mexplor.co\/es\/wp-json\/wp\/v2\/comments?post=29524"}],"version-history":[{"count":1,"href":"https:\/\/mexplor.co\/es\/wp-json\/wp\/v2\/product\/29524\/revisions"}],"predecessor-version":[{"id":31741,"href":"https:\/\/mexplor.co\/es\/wp-json\/wp\/v2\/product\/29524\/revisions\/31741"}],"wp:featuredmedia":[{"embeddable":true,"href":"https:\/\/mexplor.co\/es\/wp-json\/wp\/v2\/media\/28683"}],"wp:attachment":[{"href":"https:\/\/mexplor.co\/es\/wp-json\/wp\/v2\/media?parent=29524"}],"wp:term":[{"taxonomy":"product_brand","embeddable":true,"href":"https:\/\/mexplor.co\/es\/wp-json\/wp\/v2\/product_brand?post=29524"},{"taxonomy":"product_cat","embeddable":true,"href":"https:\/\/mexplor.co\/es\/wp-json\/wp\/v2\/product_cat?post=29524"},{"taxonomy":"product_tag","embeddable":true,"href":"https:\/\/mexplor.co\/es\/wp-json\/wp\/v2\/product_tag?post=29524"},{"taxonomy":"actividad","embeddable":true,"href":"https:\/\/mexplor.co\/es\/wp-json\/wp\/v2\/actividad?post=29524"},{"taxonomy":"ubicacion","embeddable":true,"href":"https:\/\/mexplor.co\/es\/wp-json\/wp\/v2\/ubicacion?post=29524"}],"curies":[{"name":"wp","href":"https:\/\/api.w.org\/{rel}","templated":true}]}}