{"id":29544,"date":"2024-07-25T10:12:00","date_gmt":"2024-07-25T15:12:00","guid":{"rendered":"https:\/\/mexplor.co\/?post_type=product&#038;p=29544"},"modified":"2026-02-20T13:50:16","modified_gmt":"2026-02-20T18:50:16","slug":"tulum-scuba-diving-en-cenotes","status":"publish","type":"product","link":"https:\/\/mexplor.co\/es\/tulum-scuba-diving-en-cenotes\/","title":{"rendered":"Scuba Diving en Cenotes (tulum)"},"content":{"rendered":"<h2>Buceo en Cenotes<\/h2>\n<p>&nbsp;<\/p>\n<p>Prueba la incre\u00edble experiencia de bucear en Cenotes. Normalmente, los CENOTES est\u00e1n interconectados por t\u00faneles subterr\u00e1neos, siendo as\u00ed la RIVIERA MAYA un lugar \u00fanico para los buceadores que quieran sumergirse en las ic\u00f3nicas piscinas naturales de la selva maya.<\/p>\n<p>La Riviera Maya cuenta con el sistema de aguas subterr\u00e1neas m\u00e1s grande del mundo. En estas frescas aguas, encontraras una gran cantidad de biodiversidad asi como estalactitas, estalagmitas, nubes de gas (acido sulfurico) y haloclinas (mezcla de agua salada con agua dulce), vive esta magica e inolvidable experiencia de bucear cenote Mexico con nosotros.<\/p>\n<p>Sitios<\/p>\n<p>Cenote Dos Ojos | Tulum<br \/>\nPuertas del Sue\u00f1o | Tulum<br \/>\nTajma-Ha | Playa del Carmen<br \/>\nChac Mool | Tulum<br \/>\nCasa Cenote | Tulum<br \/>\nCenote The Pit | Tulum + Cenote Dos Ojos | Tulum<br \/>\nCenote Campanas del Infierno | Puerto Morelos + Cenote Maravilla | Puerto Morelos<br \/>\nCenote Angelita | Tulum + Cenote Poco Profundo<\/p>\n<p>Duraci\u00f3n<\/p>\n<p><strong>Buceo en Cenote dura alrededor de 5 horas, recogida alrededor de las 7am, regreso alrededor de la 1pm. La duraci\u00f3n puede cambiar dependiendo del clima o las condiciones del grupo.<\/strong><\/p>\n<p>BUCEO CENOTE<\/p>\n<p>Incluye<\/p>\n<p>Equipo completo y linterna<br \/>\n2 inmersiones en 2 cenotes<br \/>\nGu\u00eda certificado de cuevas (multiling\u00fce)<br \/>\nTransporte desde y hasta Playa del Carmen (centro)<br \/>\nSnacks y agua<br \/>\nEntradas a los cenotes<\/p>\n<p>No incluye<\/p>\n<p>Propinas y no especificado<br \/>\nFotos y videos (servicio multimedia bajo demanda)<\/p>\n<p>Requisitos<\/p>\n<p>Su licencia de buceo (o al menos su n\u00famero PADI)<br \/>\nCertificaci\u00f3n m\u00ednima en aguas abiertas o equivalente.<br \/>\nNo volar durante las pr\u00f3ximas 18 horas.<\/p>","protected":false},"excerpt":{"rendered":"<p>2 inmersiones en cenotes<\/p>\n<p>&nbsp;<\/p>","protected":false},"featured_media":24800,"comment_status":"open","ping_status":"closed","template":"","meta":{"site-sidebar-layout":"default","site-content-layout":"default","ast-site-content-layout":"default","site-content-style":"default","site-sidebar-style":"default","ast-global-header-display":"","ast-banner-title-visibility":"","ast-main-header-display":"","ast-hfb-above-header-display":"","ast-hfb-below-header-display":"","ast-hfb-mobile-header-display":"","site-post-title":"","ast-breadcrumbs-content":"","ast-featured-img":"","footer-sml-layout":"","ast-disable-related-posts":"","theme-transparent-header-meta":"default","adv-header-id-meta":"","stick-header-meta":"","header-above-stick-meta":"","header-main-stick-meta":"","header-below-stick-meta":"","astra-migrate-meta-layouts":"set","ast-page-background-enabled":"default","ast-page-background-meta":{"desktop":{"background-color":"","background-image":"","background-repeat":"repeat","background-position":"center center","background-size":"auto","background-attachment":"scroll","background-type":"","background-media":"","overlay-type":"","overlay-color":"","overlay-opacity":"","overlay-gradient":""},"tablet":{"background-color":"","background-image":"","background-repeat":"repeat","background-position":"center center","background-size":"auto","background-attachment":"scroll","background-type":"","background-media":"","overlay-type":"","overlay-color":"","overlay-opacity":"","overlay-gradient":""},"mobile":{"background-color":"","background-image":"","background-repeat":"repeat","background-position":"center center","background-size":"auto","background-attachment":"scroll","background-type":"","background-media":"","overlay-type":"","overlay-color":"","overlay-opacity":"","overlay-gradient":""}},"ast-content-background-meta":{"desktop":{"background-color":"var(--ast-global-color-5)","background-image":"","background-repeat":"repeat","background-position":"center center","background-size":"auto","background-attachment":"scroll","background-type":"","background-media":"","overlay-type":"","overlay-color":"","overlay-opacity":"","overlay-gradient":""},"tablet":{"background-color":"var(--ast-global-color-5)","background-image":"","background-repeat":"repeat","background-position":"center center","background-size":"auto","background-attachment":"scroll","background-type":"","background-media":"","overlay-type":"","overlay-color":"","overlay-opacity":"","overlay-gradient":""},"mobile":{"background-color":"var(--ast-global-color-5)","background-image":"","background-repeat":"repeat","background-position":"center center","background-size":"auto","background-attachment":"scroll","background-type":"","background-media":"","overlay-type":"","overlay-color":"","overlay-opacity":"","overlay-gradient":""}}},"product_brand":[],"product_cat":[3959,1464],"product_tag":[],"actividad":[3701],"ubicacion":[],"class_list":{"0":"post-29544","1":"product","2":"type-product","3":"status-publish","4":"has-post-thumbnail","6":"product_cat-cenotes","7":"product_cat-scuba-diving","8":"actividad-scuba-diving","9":"desktop-align-left","10":"tablet-align-left","11":"mobile-align-left","12":"tm-no-options","14":"first","15":"instock","16":"sold-individually","17":"shipping-taxable","18":"purchasable","19":"product-type-booking"},"booking_location":"","booking_location_type":"","booking_duration":1,"booking_duration_unit":"day","booking_buffer":0,"booking_cost":3850,"booking_resources":[],"_links":{"self":[{"href":"https:\/\/mexplor.co\/es\/wp-json\/wp\/v2\/product\/29544","targetHints":{"allow":["GET"]}}],"collection":[{"href":"https:\/\/mexplor.co\/es\/wp-json\/wp\/v2\/product"}],"about":[{"href":"https:\/\/mexplor.co\/es\/wp-json\/wp\/v2\/types\/product"}],"replies":[{"embeddable":true,"href":"https:\/\/mexplor.co\/es\/wp-json\/wp\/v2\/comments?post=29544"}],"version-history":[{"count":2,"href":"https:\/\/mexplor.co\/es\/wp-json\/wp\/v2\/product\/29544\/revisions"}],"predecessor-version":[{"id":40570,"href":"https:\/\/mexplor.co\/es\/wp-json\/wp\/v2\/product\/29544\/revisions\/40570"}],"wp:featuredmedia":[{"embeddable":true,"href":"https:\/\/mexplor.co\/es\/wp-json\/wp\/v2\/media\/24800"}],"wp:attachment":[{"href":"https:\/\/mexplor.co\/es\/wp-json\/wp\/v2\/media?parent=29544"}],"wp:term":[{"taxonomy":"product_brand","embeddable":true,"href":"https:\/\/mexplor.co\/es\/wp-json\/wp\/v2\/product_brand?post=29544"},{"taxonomy":"product_cat","embeddable":true,"href":"https:\/\/mexplor.co\/es\/wp-json\/wp\/v2\/product_cat?post=29544"},{"taxonomy":"product_tag","embeddable":true,"href":"https:\/\/mexplor.co\/es\/wp-json\/wp\/v2\/product_tag?post=29544"},{"taxonomy":"actividad","embeddable":true,"href":"https:\/\/mexplor.co\/es\/wp-json\/wp\/v2\/actividad?post=29544"},{"taxonomy":"ubicacion","embeddable":true,"href":"https:\/\/mexplor.co\/es\/wp-json\/wp\/v2\/ubicacion?post=29544"}],"curies":[{"name":"wp","href":"https:\/\/api.w.org\/{rel}","templated":true}]}}