{"id":35602,"date":"2025-04-29T11:30:21","date_gmt":"2025-04-29T16:30:21","guid":{"rendered":"https:\/\/mexplor.co\/?post_type=product&#038;p=35602"},"modified":"2025-12-05T02:47:30","modified_gmt":"2025-12-05T07:47:30","slug":"group-dance-lessons","status":"publish","type":"product","link":"https:\/\/mexplor.co\/es\/group-dance-lessons\/","title":{"rendered":"Clases de baile para grupos privados"},"content":{"rendered":"<p>Clases privadas de salsa en grupo, a partir de 3 personas.<\/p>\n<p>Puedes organizar tu grupo de personas para tomar la clase. Puede ser 1 clase de 1 hora o de forma recurrente a trav\u00e9s de nuestros paquetes de 4 clases de 1 hora. T\u00fa decides qu\u00e9 d\u00edas y horas puedes hacerlo. Tenemos una metodolog\u00eda para que aprendas m\u00e1s r\u00e1pido y de la mejor calidad de ense\u00f1anza. Podemos cubrir todo lo que necesites, manejamos niveles y especialidad de acuerdo al nivel que quieras alcanzar.<\/p>\n<p>Qu\u00e9 incluye:<\/p>\n<ul>\n<li>Calentamientos, ejercicios t\u00e9cnicos, rutinas coreografiadas adecuadas al nivel.<\/li>\n<li>Compa\u00f1eros de pr\u00e1ctica o rotaci\u00f3n de compa\u00f1eros, si procede.<\/li>\n<li>Comentarios del instructor sobre la coreograf\u00eda grupal, la musicalidad, la postura y el ritmo.<\/li>\n<li>Etiqueta b\u00e1sica en la pista de baile, seguridad en el trabajo con la pareja (si procede).<\/li>\n<li>profesor de baile profesional<\/li>\n<li>Bocina<\/li>\n<\/ul>\n<p data-start=\"1267\" data-end=\"1293\">Lo que no est\u00e1 incluido:<\/p>\n<ul data-start=\"1294\" data-end=\"1610\">\n<li data-start=\"1294\" data-end=\"1347\">\n<p data-start=\"1296\" data-end=\"1347\">Instrucci\u00f3n individualizada (enfoque privado)<\/p>\n<\/li>\n<li data-start=\"1294\" data-end=\"1347\">Coreograf\u00eda personalizada para eventos especiales (por ejemplo, primer baile de boda), a menos que se ofrezca expl\u00edcitamente.<\/li>\n<\/ul>\n<p data-start=\"1612\" data-end=\"1647\">Requisitos previos \/ Requisitos:<\/p>\n<ul data-start=\"1648\" data-end=\"1894\">\n<li data-start=\"1648\" data-end=\"1778\">\n<p data-start=\"1650\" data-end=\"1778\">No se requiere experiencia previa en danza para las clases de principiantes; las clases de nivel intermedio presuponen conocimientos b\u00e1sicos o haber asistido previamente a clases.<\/p>\n<\/li>\n<li data-start=\"1779\" data-end=\"1847\">\n<p data-start=\"1781\" data-end=\"1847\">Ropa c\u00f3moda que permita moverse con libertad y zapatos adecuados para bailar.<\/p>\n<\/li>\n<\/ul>\n<p>El lugar de la clase puede ser en tu casa o en un espacio abierto que utilizamos para las clases.<\/p>\n<p>\u00bfQu\u00e9 d\u00eda empezamos a bailar?<\/p>","protected":false},"excerpt":{"rendered":"<p>Consulte los precios en el cuadro de ubicaci\u00f3n.<\/p>\n<p>Clases para grupos reducidos. Re\u00fana a sus amigos o familiares para crear su clase de salsa. Puede ser una clase o cuatro clases (mensuales).<\/p>\n<p>\u00a1Sal a la pista de baile con energ\u00eda y en comunidad! Nuestras clases de baile en grupo son perfectas para bailarines principiantes e intermedios que desean aprender nuevos estilos, mejorar su t\u00e9cnica, ponerse en forma y disfrutar bailando con otros. Cada clase ofrece un ambiente divertido y de apoyo en el que podr\u00e1s relacionarte con otros alumnos, mientras te gu\u00eda un instructor experimentado.<\/p>\n<p>Es necesario seleccionar la ubicaci\u00f3n donde desea que se preste el servicio.<\/p>\n<h4><\/h4>","protected":false},"featured_media":36434,"comment_status":"closed","ping_status":"closed","template":"","meta":{"site-sidebar-layout":"default","site-content-layout":"","ast-site-content-layout":"default","site-content-style":"default","site-sidebar-style":"default","ast-global-header-display":"","ast-banner-title-visibility":"","ast-main-header-display":"","ast-hfb-above-header-display":"","ast-hfb-below-header-display":"","ast-hfb-mobile-header-display":"","site-post-title":"","ast-breadcrumbs-content":"","ast-featured-img":"","footer-sml-layout":"","ast-disable-related-posts":"","theme-transparent-header-meta":"default","adv-header-id-meta":"","stick-header-meta":"","header-above-stick-meta":"","header-main-stick-meta":"","header-below-stick-meta":"","astra-migrate-meta-layouts":"set","ast-page-background-enabled":"default","ast-page-background-meta":{"desktop":{"background-color":"","background-image":"","background-repeat":"repeat","background-position":"center center","background-size":"auto","background-attachment":"scroll","background-type":"","background-media":"","overlay-type":"","overlay-color":"","overlay-opacity":"","overlay-gradient":""},"tablet":{"background-color":"","background-image":"","background-repeat":"repeat","background-position":"center center","background-size":"auto","background-attachment":"scroll","background-type":"","background-media":"","overlay-type":"","overlay-color":"","overlay-opacity":"","overlay-gradient":""},"mobile":{"background-color":"","background-image":"","background-repeat":"repeat","background-position":"center center","background-size":"auto","background-attachment":"scroll","background-type":"","background-media":"","overlay-type":"","overlay-color":"","overlay-opacity":"","overlay-gradient":""}},"ast-content-background-meta":{"desktop":{"background-color":"var(--ast-global-color-5)","background-image":"","background-repeat":"repeat","background-position":"center center","background-size":"auto","background-attachment":"scroll","background-type":"","background-media":"","overlay-type":"","overlay-color":"","overlay-opacity":"","overlay-gradient":""},"tablet":{"background-color":"var(--ast-global-color-5)","background-image":"","background-repeat":"repeat","background-position":"center center","background-size":"auto","background-attachment":"scroll","background-type":"","background-media":"","overlay-type":"","overlay-color":"","overlay-opacity":"","overlay-gradient":""},"mobile":{"background-color":"var(--ast-global-color-5)","background-image":"","background-repeat":"repeat","background-position":"center center","background-size":"auto","background-attachment":"scroll","background-type":"","background-media":"","overlay-type":"","overlay-color":"","overlay-opacity":"","overlay-gradient":""}}},"product_brand":[],"product_cat":[3985,1888,4162],"product_tag":[],"actividad":[3713],"ubicacion":[],"class_list":{"0":"post-35602","1":"product","2":"type-product","3":"status-publish","4":"has-post-thumbnail","6":"product_cat-dance","7":"product_cat-store","8":"product_cat-top-products","9":"actividad-dance","10":"desktop-align-left","11":"tablet-align-left","12":"mobile-align-left","13":"tm-has-options","15":"first","16":"instock","17":"sold-individually","18":"shipping-taxable","19":"purchasable","20":"product-type-booking"},"booking_location":"","booking_location_type":"","booking_duration":1,"booking_duration_unit":"day","booking_buffer":0,"booking_cost":0,"booking_resources":[],"_links":{"self":[{"href":"https:\/\/mexplor.co\/es\/wp-json\/wp\/v2\/product\/35602","targetHints":{"allow":["GET"]}}],"collection":[{"href":"https:\/\/mexplor.co\/es\/wp-json\/wp\/v2\/product"}],"about":[{"href":"https:\/\/mexplor.co\/es\/wp-json\/wp\/v2\/types\/product"}],"replies":[{"embeddable":true,"href":"https:\/\/mexplor.co\/es\/wp-json\/wp\/v2\/comments?post=35602"}],"version-history":[{"count":2,"href":"https:\/\/mexplor.co\/es\/wp-json\/wp\/v2\/product\/35602\/revisions"}],"predecessor-version":[{"id":39368,"href":"https:\/\/mexplor.co\/es\/wp-json\/wp\/v2\/product\/35602\/revisions\/39368"}],"wp:featuredmedia":[{"embeddable":true,"href":"https:\/\/mexplor.co\/es\/wp-json\/wp\/v2\/media\/36434"}],"wp:attachment":[{"href":"https:\/\/mexplor.co\/es\/wp-json\/wp\/v2\/media?parent=35602"}],"wp:term":[{"taxonomy":"product_brand","embeddable":true,"href":"https:\/\/mexplor.co\/es\/wp-json\/wp\/v2\/product_brand?post=35602"},{"taxonomy":"product_cat","embeddable":true,"href":"https:\/\/mexplor.co\/es\/wp-json\/wp\/v2\/product_cat?post=35602"},{"taxonomy":"product_tag","embeddable":true,"href":"https:\/\/mexplor.co\/es\/wp-json\/wp\/v2\/product_tag?post=35602"},{"taxonomy":"actividad","embeddable":true,"href":"https:\/\/mexplor.co\/es\/wp-json\/wp\/v2\/actividad?post=35602"},{"taxonomy":"ubicacion","embeddable":true,"href":"https:\/\/mexplor.co\/es\/wp-json\/wp\/v2\/ubicacion?post=35602"}],"curies":[{"name":"wp","href":"https:\/\/api.w.org\/{rel}","templated":true}]}}