{"id":35687,"date":"2025-05-09T18:28:33","date_gmt":"2025-05-09T23:28:33","guid":{"rendered":"https:\/\/mexplor.co\/?post_type=product&#038;p=35687"},"modified":"2025-12-17T18:21:33","modified_gmt":"2025-12-17T23:21:33","slug":"dance-lessons","status":"publish","type":"product","link":"https:\/\/mexplor.co\/es\/dance-lessons\/","title":{"rendered":"Clases privadas de baile"},"content":{"rendered":"<p>Clase individual de salsa o bachata.\u00a0<strong>M\u00e1ximo 2 personas.<\/strong>.<br \/>\nClase de una hora de salsa o bachata.<\/p>\n<p>Tenemos una metodolog\u00eda para que aprendas m\u00e1s r\u00e1pido y con la mejor calidad. Podemos abarcar todo lo que necesites, manejamos niveles y especialidad de acuerdo al nivel que quieras alcanzar.<\/p>\n<p data-start=\"2906\" data-end=\"2928\"><strong data-start=\"2906\" data-end=\"2926\">Qu\u00e9 incluye:<\/strong><\/p>\n<ul data-start=\"2929\" data-end=\"3379\">\n<li data-start=\"2929\" data-end=\"3012\">\n<p data-start=\"2931\" data-end=\"3012\">Sesiones individuales con un instructor de baile profesional (solo o con pareja)<\/p>\n<\/li>\n<li data-start=\"2929\" data-end=\"3012\">Plan de clases personalizado seg\u00fan tu nivel, objetivos y preferencias de estilo.<\/li>\n<li data-start=\"2929\" data-end=\"3012\">Oportunidad de repasar pasos dif\u00edciles, perfeccionar la coreograf\u00eda y trabajar con la pareja.<\/li>\n<li data-start=\"2929\" data-end=\"3012\">Horarios flexibles que se adaptan a tu disponibilidad.<\/li>\n<li>Bocina<\/li>\n<\/ul>\n<p data-start=\"3381\" data-end=\"3407\"><strong data-start=\"3381\" data-end=\"3405\">Lo que no est\u00e1 incluido:<\/strong><\/p>\n<ul data-start=\"3408\" data-end=\"3639\">\n<li data-start=\"3408\" data-end=\"3500\">\n<p data-start=\"3410\" data-end=\"3500\">Entorno de clase compartido; la interacci\u00f3n grupal es limitada (a menos que forme parte de un paquete h\u00edbrido).<\/p>\n<\/li>\n<li data-start=\"3408\" data-end=\"3500\">Transporte o desplazamiento al estudio<\/li>\n<\/ul>\n<p data-start=\"3641\" data-end=\"3676\"><strong data-start=\"3641\" data-end=\"3674\">Requisitos previos \/ Requisitos:<\/strong><\/p>\n<ul data-start=\"3677\" data-end=\"3881\">\n<li data-start=\"3677\" data-end=\"3764\">\n<p data-start=\"3679\" data-end=\"3764\">Cualquier nivel de experiencia (desde principiante hasta avanzado), pero debes comunicar tus objetivos con claridad.<\/p>\n<\/li>\n<li data-start=\"3765\" data-end=\"3820\">\n<p data-start=\"3767\" data-end=\"3820\">Ropa c\u00f3moda y calzado adecuado para bailar.<\/p>\n<\/li>\n<li data-start=\"3821\" data-end=\"3881\">\n<p data-start=\"3823\" data-end=\"3881\">Puntualidad y constancia en la asistencia para obtener los mejores resultados.<\/p>\n<\/li>\n<\/ul>","protected":false},"excerpt":{"rendered":"<p>Consulte los precios en el cuadro de ubicaci\u00f3n.<\/p>\n<p>Para aquellos que desean un aprendizaje acelerado, comentarios personalizados o centrarse en objetivos espec\u00edficos (como la mejora de la t\u00e9cnica, la coreograf\u00eda, la interpretaci\u00f3n o un evento pr\u00f3ximo), nuestro <em data-start=\"2718\" data-end=\"2741\">Clases privadas de baile<\/em> Ofrecemos clases particulares personalizadas para ti (o para ti y tu pareja). Son ideales si prefieres recibir atenci\u00f3n individualizada o quieres progresar m\u00e1s r\u00e1pido que en un entorno grupal.<\/p>\n<p>Es necesario seleccionar la ubicaci\u00f3n donde desea que se preste el servicio.<\/p>\n<h4><\/h4>","protected":false},"featured_media":34313,"comment_status":"closed","ping_status":"closed","template":"","meta":{"site-sidebar-layout":"default","site-content-layout":"","ast-site-content-layout":"default","site-content-style":"default","site-sidebar-style":"default","ast-global-header-display":"","ast-banner-title-visibility":"","ast-main-header-display":"","ast-hfb-above-header-display":"","ast-hfb-below-header-display":"","ast-hfb-mobile-header-display":"","site-post-title":"","ast-breadcrumbs-content":"","ast-featured-img":"","footer-sml-layout":"","ast-disable-related-posts":"","theme-transparent-header-meta":"default","adv-header-id-meta":"","stick-header-meta":"","header-above-stick-meta":"","header-main-stick-meta":"","header-below-stick-meta":"","astra-migrate-meta-layouts":"set","ast-page-background-enabled":"default","ast-page-background-meta":{"desktop":{"background-color":"","background-image":"","background-repeat":"repeat","background-position":"center center","background-size":"auto","background-attachment":"scroll","background-type":"","background-media":"","overlay-type":"","overlay-color":"","overlay-opacity":"","overlay-gradient":""},"tablet":{"background-color":"","background-image":"","background-repeat":"repeat","background-position":"center center","background-size":"auto","background-attachment":"scroll","background-type":"","background-media":"","overlay-type":"","overlay-color":"","overlay-opacity":"","overlay-gradient":""},"mobile":{"background-color":"","background-image":"","background-repeat":"repeat","background-position":"center center","background-size":"auto","background-attachment":"scroll","background-type":"","background-media":"","overlay-type":"","overlay-color":"","overlay-opacity":"","overlay-gradient":""}},"ast-content-background-meta":{"desktop":{"background-color":"var(--ast-global-color-5)","background-image":"","background-repeat":"repeat","background-position":"center center","background-size":"auto","background-attachment":"scroll","background-type":"","background-media":"","overlay-type":"","overlay-color":"","overlay-opacity":"","overlay-gradient":""},"tablet":{"background-color":"var(--ast-global-color-5)","background-image":"","background-repeat":"repeat","background-position":"center center","background-size":"auto","background-attachment":"scroll","background-type":"","background-media":"","overlay-type":"","overlay-color":"","overlay-opacity":"","overlay-gradient":""},"mobile":{"background-color":"var(--ast-global-color-5)","background-image":"","background-repeat":"repeat","background-position":"center center","background-size":"auto","background-attachment":"scroll","background-type":"","background-media":"","overlay-type":"","overlay-color":"","overlay-opacity":"","overlay-gradient":""}}},"product_brand":[],"product_cat":[3985,1888,4162],"product_tag":[],"actividad":[3713],"ubicacion":[],"class_list":{"0":"post-35687","1":"product","2":"type-product","3":"status-publish","4":"has-post-thumbnail","6":"product_cat-dance","7":"product_cat-store","8":"product_cat-top-products","9":"actividad-dance","10":"desktop-align-left","11":"tablet-align-left","12":"mobile-align-left","13":"tm-has-options","15":"first","16":"instock","17":"sold-individually","18":"shipping-taxable","19":"purchasable","20":"product-type-booking"},"booking_location":"","booking_location_type":"","booking_duration":1,"booking_duration_unit":"day","booking_buffer":0,"booking_cost":0,"booking_resources":[],"_links":{"self":[{"href":"https:\/\/mexplor.co\/es\/wp-json\/wp\/v2\/product\/35687","targetHints":{"allow":["GET"]}}],"collection":[{"href":"https:\/\/mexplor.co\/es\/wp-json\/wp\/v2\/product"}],"about":[{"href":"https:\/\/mexplor.co\/es\/wp-json\/wp\/v2\/types\/product"}],"replies":[{"embeddable":true,"href":"https:\/\/mexplor.co\/es\/wp-json\/wp\/v2\/comments?post=35687"}],"version-history":[{"count":2,"href":"https:\/\/mexplor.co\/es\/wp-json\/wp\/v2\/product\/35687\/revisions"}],"predecessor-version":[{"id":39367,"href":"https:\/\/mexplor.co\/es\/wp-json\/wp\/v2\/product\/35687\/revisions\/39367"}],"wp:featuredmedia":[{"embeddable":true,"href":"https:\/\/mexplor.co\/es\/wp-json\/wp\/v2\/media\/34313"}],"wp:attachment":[{"href":"https:\/\/mexplor.co\/es\/wp-json\/wp\/v2\/media?parent=35687"}],"wp:term":[{"taxonomy":"product_brand","embeddable":true,"href":"https:\/\/mexplor.co\/es\/wp-json\/wp\/v2\/product_brand?post=35687"},{"taxonomy":"product_cat","embeddable":true,"href":"https:\/\/mexplor.co\/es\/wp-json\/wp\/v2\/product_cat?post=35687"},{"taxonomy":"product_tag","embeddable":true,"href":"https:\/\/mexplor.co\/es\/wp-json\/wp\/v2\/product_tag?post=35687"},{"taxonomy":"actividad","embeddable":true,"href":"https:\/\/mexplor.co\/es\/wp-json\/wp\/v2\/actividad?post=35687"},{"taxonomy":"ubicacion","embeddable":true,"href":"https:\/\/mexplor.co\/es\/wp-json\/wp\/v2\/ubicacion?post=35687"}],"curies":[{"name":"wp","href":"https:\/\/api.w.org\/{rel}","templated":true}]}}