{"id":35690,"date":"2025-05-09T19:11:32","date_gmt":"2025-05-10T00:11:32","guid":{"rendered":"https:\/\/mexplor.co\/?post_type=product&#038;p=35690"},"modified":"2026-03-03T10:18:01","modified_gmt":"2026-03-03T15:18:01","slug":"package-dance","status":"publish","type":"product","link":"https:\/\/mexplor.co\/es\/package-dance\/","title":{"rendered":"Paquete de clases de baile"},"content":{"rendered":"<p>If you really want to learn how to dance salsa or bachata, you have to take several classes. 4 Classes of 1 hour at home or in an open space, maximum one couple or two people. We are experts in two left feet and shy \u2026 and YES, we have trunk level as well. Max 2 people.<\/p>\n<p>Tenemos una metodolog\u00eda para que aprendas m\u00e1s r\u00e1pido y con la mejor calidad. Podemos abarcar todo lo que necesites, manejamos niveles y especialidad de acuerdo al nivel que quieras alcanzar.<\/p>\n<p>&nbsp;<\/p>\n<p>Recomendamos los paquetes de 4 clases de 1 hora, en los que acordamos entre nosotros los d\u00edas y las horas para realizarlas. T\u00fa decides con qu\u00e9 frecuencia quieres consumir las horas, por ejemplo, una o dos veces por semana. Las clases pueden impartirse en tu domicilio o en un espacio abierto que utilizamos para impartir clases.<\/p>\n<p data-start=\"4980\" data-end=\"5002\">Qu\u00e9 incluye:<\/p>\n<ul data-start=\"5003\" data-end=\"5400\">\n<li data-start=\"5003\" data-end=\"5123\">\n<p data-start=\"5005\" data-end=\"5123\">Un n\u00famero determinado de lecciones<\/p>\n<\/li>\n<li data-start=\"5003\" data-end=\"5123\">Prioridad en la programaci\u00f3n o reserva de clases frente a los alumnos que solo asisten a una clase.<\/li>\n<li data-start=\"5003\" data-end=\"5123\">Progresi\u00f3n estructurada: las clases se complementan entre s\u00ed; sesiones privadas para corregir o acelerar el aprendizaje.<\/li>\n<li data-start=\"5003\" data-end=\"5123\">Instructor<\/li>\n<li data-start=\"5003\" data-end=\"5123\">Bocina<\/li>\n<\/ul>\n<p>Lo que no est\u00e1 incluido:<\/p>\n<p>Coreograf\u00eda o actuaci\u00f3n especial, salvo que se especifique lo contrario.<\/p>\n<p data-start=\"5906\" data-end=\"5942\">Beneficios y habilidades que obtendr\u00e1s:<\/p>\n<ul data-start=\"5943\" data-end=\"6167\">\n<li data-start=\"5943\" data-end=\"5997\">\n<p data-start=\"5945\" data-end=\"5997\">Constancia: pr\u00e1ctica regular = mejora m\u00e1s r\u00e1pida<\/p>\n<\/li>\n<li data-start=\"5998\" data-end=\"6056\">\n<p data-start=\"6000\" data-end=\"6056\">Mejor memoria muscular, ritmo y confianza con el tiempo.<\/p>\n<\/li>\n<\/ul>\n<p data-start=\"3641\" data-end=\"3676\">Requisitos previos \/ Requisitos:<\/p>\n<ul data-start=\"3677\" data-end=\"3881\">\n<li data-start=\"3677\" data-end=\"3764\">\n<p data-start=\"3679\" data-end=\"3764\">Cualquier nivel de experiencia (desde principiante hasta avanzado), pero debes comunicar tus objetivos con claridad.<\/p>\n<\/li>\n<li data-start=\"3765\" data-end=\"3820\">\n<p data-start=\"3767\" data-end=\"3820\">Ropa c\u00f3moda y calzado adecuado para bailar.<\/p>\n<\/li>\n<li data-start=\"3821\" data-end=\"3881\">\n<p data-start=\"3823\" data-end=\"3881\">Puntualidad y constancia en la asistencia para obtener los mejores resultados.<\/p>\n<\/li>\n<\/ul>\n<p>Si son m\u00e1s de dos personas, consulte nuestras clases grupales.<\/p>\n<p><a href=\"https:\/\/mexplor.co\/es\/group-dance-lessons\/\">\u203b GROUP DANCE LESSONS &#8211; MExplor Travel<\/a><\/p>","protected":false},"excerpt":{"rendered":"<p>Consulte los precios en el cuadro de ubicaci\u00f3n.<\/p>\n<p>If you\u2019re serious about dancing and want consistent improvement, our Dance Lesson Packages are designed to deliver results. These bundles combine group classes and\/or private lessons over a set period, often offering savings compared to paying per class. Whether you\u2019re preparing for a performance, special occasion, or simply working to build skills, a package gives you structure, commitment, and better value.<\/p>\n<p>Cualquier duda, env\u00edanos un whatsapp o email para ayudarte.<\/p>\n<p>Es necesario seleccionar la ubicaci\u00f3n donde desea que se preste el servicio.<\/p>","protected":false},"featured_media":35147,"comment_status":"closed","ping_status":"closed","template":"","meta":{"site-sidebar-layout":"default","site-content-layout":"","ast-site-content-layout":"default","site-content-style":"default","site-sidebar-style":"default","ast-global-header-display":"","ast-banner-title-visibility":"","ast-main-header-display":"","ast-hfb-above-header-display":"","ast-hfb-below-header-display":"","ast-hfb-mobile-header-display":"","site-post-title":"","ast-breadcrumbs-content":"","ast-featured-img":"","footer-sml-layout":"","ast-disable-related-posts":"","theme-transparent-header-meta":"default","adv-header-id-meta":"","stick-header-meta":"","header-above-stick-meta":"","header-main-stick-meta":"","header-below-stick-meta":"","astra-migrate-meta-layouts":"set","ast-page-background-enabled":"default","ast-page-background-meta":{"desktop":{"background-color":"","background-image":"","background-repeat":"repeat","background-position":"center center","background-size":"auto","background-attachment":"scroll","background-type":"","background-media":"","overlay-type":"","overlay-color":"","overlay-opacity":"","overlay-gradient":""},"tablet":{"background-color":"","background-image":"","background-repeat":"repeat","background-position":"center center","background-size":"auto","background-attachment":"scroll","background-type":"","background-media":"","overlay-type":"","overlay-color":"","overlay-opacity":"","overlay-gradient":""},"mobile":{"background-color":"","background-image":"","background-repeat":"repeat","background-position":"center center","background-size":"auto","background-attachment":"scroll","background-type":"","background-media":"","overlay-type":"","overlay-color":"","overlay-opacity":"","overlay-gradient":""}},"ast-content-background-meta":{"desktop":{"background-color":"var(--ast-global-color-5)","background-image":"","background-repeat":"repeat","background-position":"center center","background-size":"auto","background-attachment":"scroll","background-type":"","background-media":"","overlay-type":"","overlay-color":"","overlay-opacity":"","overlay-gradient":""},"tablet":{"background-color":"var(--ast-global-color-5)","background-image":"","background-repeat":"repeat","background-position":"center center","background-size":"auto","background-attachment":"scroll","background-type":"","background-media":"","overlay-type":"","overlay-color":"","overlay-opacity":"","overlay-gradient":""},"mobile":{"background-color":"var(--ast-global-color-5)","background-image":"","background-repeat":"repeat","background-position":"center center","background-size":"auto","background-attachment":"scroll","background-type":"","background-media":"","overlay-type":"","overlay-color":"","overlay-opacity":"","overlay-gradient":""}}},"product_brand":[],"product_cat":[3985,1888,4162],"product_tag":[],"actividad":[3713],"ubicacion":[],"class_list":{"0":"post-35690","1":"product","2":"type-product","3":"status-publish","4":"has-post-thumbnail","6":"product_cat-dance","7":"product_cat-store","8":"product_cat-top-products","9":"actividad-dance","10":"desktop-align-left","11":"tablet-align-left","12":"mobile-align-left","13":"tm-has-options","15":"first","16":"instock","17":"sold-individually","18":"shipping-taxable","19":"purchasable","20":"product-type-booking"},"booking_location":"","booking_location_type":"","booking_duration":1,"booking_duration_unit":"day","booking_buffer":0,"booking_cost":0,"booking_resources":[],"_links":{"self":[{"href":"https:\/\/mexplor.co\/es\/wp-json\/wp\/v2\/product\/35690","targetHints":{"allow":["GET"]}}],"collection":[{"href":"https:\/\/mexplor.co\/es\/wp-json\/wp\/v2\/product"}],"about":[{"href":"https:\/\/mexplor.co\/es\/wp-json\/wp\/v2\/types\/product"}],"replies":[{"embeddable":true,"href":"https:\/\/mexplor.co\/es\/wp-json\/wp\/v2\/comments?post=35690"}],"version-history":[{"count":2,"href":"https:\/\/mexplor.co\/es\/wp-json\/wp\/v2\/product\/35690\/revisions"}],"predecessor-version":[{"id":37692,"href":"https:\/\/mexplor.co\/es\/wp-json\/wp\/v2\/product\/35690\/revisions\/37692"}],"wp:featuredmedia":[{"embeddable":true,"href":"https:\/\/mexplor.co\/es\/wp-json\/wp\/v2\/media\/35147"}],"wp:attachment":[{"href":"https:\/\/mexplor.co\/es\/wp-json\/wp\/v2\/media?parent=35690"}],"wp:term":[{"taxonomy":"product_brand","embeddable":true,"href":"https:\/\/mexplor.co\/es\/wp-json\/wp\/v2\/product_brand?post=35690"},{"taxonomy":"product_cat","embeddable":true,"href":"https:\/\/mexplor.co\/es\/wp-json\/wp\/v2\/product_cat?post=35690"},{"taxonomy":"product_tag","embeddable":true,"href":"https:\/\/mexplor.co\/es\/wp-json\/wp\/v2\/product_tag?post=35690"},{"taxonomy":"actividad","embeddable":true,"href":"https:\/\/mexplor.co\/es\/wp-json\/wp\/v2\/actividad?post=35690"},{"taxonomy":"ubicacion","embeddable":true,"href":"https:\/\/mexplor.co\/es\/wp-json\/wp\/v2\/ubicacion?post=35690"}],"curies":[{"name":"wp","href":"https:\/\/api.w.org\/{rel}","templated":true}]}}