{"id":36340,"date":"2025-06-18T21:15:10","date_gmt":"2025-06-19T02:15:10","guid":{"rendered":"https:\/\/mexplor.co\/?post_type=product&#038;p=36340"},"modified":"2025-11-28T18:53:12","modified_gmt":"2025-11-28T23:53:12","slug":"underwater-portrait","status":"publish","type":"product","link":"https:\/\/mexplor.co\/es\/underwater-portrait\/","title":{"rendered":"Sesi\u00f3n fotogr\u00e1fica de retratos bajo el agua"},"content":{"rendered":"<h1>Retrato submarino<\/h1>\n<p>Estoy aqu\u00ed para ayudarte a crear retratos \u00fanicos e inolvidables que cuenten tu historia. Una sesi\u00f3n de fotos bajo el agua conmigo es mucho m\u00e1s que una sesi\u00f3n: es una experiencia personalizada dise\u00f1ada para celebrar tu belleza y crear recuerdos extraordinarios. Juntos transformaremos tus momentos favoritos en verdaderas obras de arte que querr\u00e1s exhibir con orgullo en tu hogar.<\/p>\n<h2>Underwater portraits<\/h2>\n<p>Con la forma en que la luz se mueve bajo el agua y la fluidez de las telas y el cabello, tus retratos tendr\u00e1n una calidad m\u00e1gica y surrealista imposible de recrear en la superficie. Ya sea que est\u00e9s celebrando un momento especial, marcando un logro o simplemente buscando algo \u00fanico y art\u00edstico, una sesi\u00f3n bajo el agua es una experiencia incomparable.<\/p>\n<h2>Portrait Underwater<\/h2>\n<p>Tu aventura comienza en el momento en que decides sumergirte con nosotros. Iniciaremos con una consulta amigable para conocer tu visi\u00f3n y asegurarnos de que todo est\u00e9 completamente personalizado para ti. El d\u00eda de tu sesi\u00f3n, te guiar\u00e9 en cada paso \u2014desde t\u00e9cnicas de respiraci\u00f3n hasta poses suaves\u2014 para que te sientas c\u00f3moda y segura en el agua. Mi objetivo es capturar im\u00e1genes hermosas y \u00fanicas que realmente te representen.<br \/>\nQue incluye:<\/p>\n<h2>Underwater Portrait Photography<\/h2>\n<p>Nuestros Servicios:<\/p>\n<p>\u2013 Experiencia de sesi\u00f3n fotogr\u00e1fica personalizada: Cada sesi\u00f3n se adapta a tu personalidad y tus preferencias. Desde la idea inicial hasta la ejecuci\u00f3n, nos aseguramos de que tu sesi\u00f3n bajo el agua sea tan \u00fanica como t\u00fa.<\/p>\n<p>\u2013 Asesor\u00eda profesional: \u00bfNunca has posado frente a una c\u00e1mara bajo el agua? No te preocupes, nuestro equipo estar\u00e1 contigo para ayudarte en todo momento.<\/p>","protected":false},"excerpt":{"rendered":"<p>Creamos experiencias fotogr\u00e1ficas personalizadas y \u00fanicas que te permitir\u00e1n obtener im\u00e1genes impresionantes para toda la vida.<\/p>\n<p>4 horas<br \/>\nEntrega: 5 d\u00edas despu\u00e9s<br \/>\nIdioma: ingl\u00e9s, espa\u00f1ol<br \/>\nSesi\u00f3n de planificaci\u00f3n personalizada<br \/>\nVarios cambios de vestuario<br \/>\n10 fotos editadas digitalmente<br \/>\nEntrenamiento completo de posturas y control de la respiraci\u00f3n<br \/>\nEntrada al cenote<\/p>\n<p>\u00a1No pierdas la oportunidad de revivir tu aventura submarina con unas fotos espectaculares!<\/p>","protected":false},"featured_media":36221,"comment_status":"open","ping_status":"closed","template":"","meta":{"site-sidebar-layout":"default","site-content-layout":"","ast-site-content-layout":"default","site-content-style":"default","site-sidebar-style":"default","ast-global-header-display":"","ast-banner-title-visibility":"","ast-main-header-display":"","ast-hfb-above-header-display":"","ast-hfb-below-header-display":"","ast-hfb-mobile-header-display":"","site-post-title":"","ast-breadcrumbs-content":"","ast-featured-img":"","footer-sml-layout":"","ast-disable-related-posts":"","theme-transparent-header-meta":"default","adv-header-id-meta":"","stick-header-meta":"","header-above-stick-meta":"","header-main-stick-meta":"","header-below-stick-meta":"","astra-migrate-meta-layouts":"set","ast-page-background-enabled":"default","ast-page-background-meta":{"desktop":{"background-color":"","background-image":"","background-repeat":"repeat","background-position":"center center","background-size":"auto","background-attachment":"scroll","background-type":"","background-media":"","overlay-type":"","overlay-color":"","overlay-opacity":"","overlay-gradient":""},"tablet":{"background-color":"","background-image":"","background-repeat":"repeat","background-position":"center center","background-size":"auto","background-attachment":"scroll","background-type":"","background-media":"","overlay-type":"","overlay-color":"","overlay-opacity":"","overlay-gradient":""},"mobile":{"background-color":"","background-image":"","background-repeat":"repeat","background-position":"center center","background-size":"auto","background-attachment":"scroll","background-type":"","background-media":"","overlay-type":"","overlay-color":"","overlay-opacity":"","overlay-gradient":""}},"ast-content-background-meta":{"desktop":{"background-color":"var(--ast-global-color-5)","background-image":"","background-repeat":"repeat","background-position":"center center","background-size":"auto","background-attachment":"scroll","background-type":"","background-media":"","overlay-type":"","overlay-color":"","overlay-opacity":"","overlay-gradient":""},"tablet":{"background-color":"var(--ast-global-color-5)","background-image":"","background-repeat":"repeat","background-position":"center center","background-size":"auto","background-attachment":"scroll","background-type":"","background-media":"","overlay-type":"","overlay-color":"","overlay-opacity":"","overlay-gradient":""},"mobile":{"background-color":"var(--ast-global-color-5)","background-image":"","background-repeat":"repeat","background-position":"center center","background-size":"auto","background-attachment":"scroll","background-type":"","background-media":"","overlay-type":"","overlay-color":"","overlay-opacity":"","overlay-gradient":""}}},"product_brand":[],"product_cat":[3887,2034,3989,4162],"product_tag":[],"actividad":[3711,4126,3701],"ubicacion":[],"class_list":{"0":"post-36340","1":"product","2":"type-product","3":"status-publish","4":"has-post-thumbnail","6":"product_cat-drones","7":"product_cat-excursions-en","8":"product_cat-photography-trips","9":"product_cat-top-products","10":"actividad-expedition","11":"actividad-photography","12":"actividad-scuba-diving","13":"desktop-align-left","14":"tablet-align-left","15":"mobile-align-left","16":"tm-no-options","18":"first","19":"instock","20":"sold-individually","21":"shipping-taxable","22":"purchasable","23":"product-type-booking"},"booking_location":"","booking_location_type":"","booking_duration":1,"booking_duration_unit":"day","booking_buffer":0,"booking_cost":6500,"booking_resources":[],"_links":{"self":[{"href":"https:\/\/mexplor.co\/es\/wp-json\/wp\/v2\/product\/36340","targetHints":{"allow":["GET"]}}],"collection":[{"href":"https:\/\/mexplor.co\/es\/wp-json\/wp\/v2\/product"}],"about":[{"href":"https:\/\/mexplor.co\/es\/wp-json\/wp\/v2\/types\/product"}],"replies":[{"embeddable":true,"href":"https:\/\/mexplor.co\/es\/wp-json\/wp\/v2\/comments?post=36340"}],"version-history":[{"count":2,"href":"https:\/\/mexplor.co\/es\/wp-json\/wp\/v2\/product\/36340\/revisions"}],"predecessor-version":[{"id":39373,"href":"https:\/\/mexplor.co\/es\/wp-json\/wp\/v2\/product\/36340\/revisions\/39373"}],"wp:featuredmedia":[{"embeddable":true,"href":"https:\/\/mexplor.co\/es\/wp-json\/wp\/v2\/media\/36221"}],"wp:attachment":[{"href":"https:\/\/mexplor.co\/es\/wp-json\/wp\/v2\/media?parent=36340"}],"wp:term":[{"taxonomy":"product_brand","embeddable":true,"href":"https:\/\/mexplor.co\/es\/wp-json\/wp\/v2\/product_brand?post=36340"},{"taxonomy":"product_cat","embeddable":true,"href":"https:\/\/mexplor.co\/es\/wp-json\/wp\/v2\/product_cat?post=36340"},{"taxonomy":"product_tag","embeddable":true,"href":"https:\/\/mexplor.co\/es\/wp-json\/wp\/v2\/product_tag?post=36340"},{"taxonomy":"actividad","embeddable":true,"href":"https:\/\/mexplor.co\/es\/wp-json\/wp\/v2\/actividad?post=36340"},{"taxonomy":"ubicacion","embeddable":true,"href":"https:\/\/mexplor.co\/es\/wp-json\/wp\/v2\/ubicacion?post=36340"}],"curies":[{"name":"wp","href":"https:\/\/api.w.org\/{rel}","templated":true}]}}