{"id":36342,"date":"2025-06-18T21:24:39","date_gmt":"2025-06-19T02:24:39","guid":{"rendered":"https:\/\/mexplor.co\/?post_type=product&#038;p=36342"},"modified":"2025-11-28T18:52:31","modified_gmt":"2025-11-28T23:52:31","slug":"mermaid-photoshoot","status":"publish","type":"product","link":"https:\/\/mexplor.co\/es\/mermaid-photoshoot\/","title":{"rendered":"Mermaid Photoshoot"},"content":{"rendered":"<h1>Mermaid Photoshoot<\/h1>\n<p data-pm-slice=\"1 1 []\">Captura la magia y la belleza de convertirte en una sirena real con nuestra sesi\u00f3n fotogr\u00e1fica profesional. Disfruta una experiencia \u00fanica mientras nuestros expertos resaltan tu belleza natural y tu lado m\u00e1s fant\u00e1stico en un escenario m\u00e1gico y completamente natural.<\/p>\n<h2>Mermaid Underwater Photography<\/h2>\n<p data-pm-slice=\"1 1 []\">Explora las maravillas del mundo submarino con nuestra exclusiva sesi\u00f3n de fotograf\u00eda tem\u00e1tica de sirena. Utilizando t\u00e9cnicas especializadas y equipo profesional, capturamos im\u00e1genes impactantes dignas de un cuento de hadas.<\/p>\n<p>Con la forma en que la luz se mueve bajo el agua y la fluidez de las telas y el cabello, tus retratos tendr\u00e1n una calidad m\u00e1gica y surrealista imposible de recrear en la superficie. Ya sea que est\u00e9s celebrando un momento especial, marcando un logro o simplemente buscando algo \u00fanico y art\u00edstico, una sesi\u00f3n bajo el agua es una experiencia incomparable.<\/p>\n<h2>Underwater Photography Mermaid<\/h2>\n<p data-pm-slice=\"1 1 []\">Sum\u00e9rgete en un mundo de encanto y fantas\u00eda con nuestro servicio especializado de fotograf\u00eda submarina estilo sirena. Nuestros fot\u00f3grafos expertos capturan momentos \u00fanicos e inolvidables, resaltando tu lado m\u00e1s m\u00edstico.<\/p>\n<p>Tu aventura comienza en el momento en que decides sumergirte con nosotros. Iniciaremos con una consulta amigable para conocer tu visi\u00f3n y asegurarnos de que todo est\u00e9 completamente personalizado para ti. El d\u00eda de tu sesi\u00f3n, te guiar\u00e9 en cada paso \u2014desde t\u00e9cnicas de respiraci\u00f3n hasta poses suaves\u2014 para que te sientas c\u00f3moda y segura en el agua. Mi objetivo es capturar im\u00e1genes hermosas y \u00fanicas que realmente te representen.<br \/>\nQue incluye:<\/p>\n<h2>Underwater Mermaid Photography<\/h2>\n<p data-pm-slice=\"1 1 []\">Haz realidad tus sue\u00f1os con nuestro servicio de fotograf\u00eda submarina con tem\u00e1tica de sirenas. Creamos im\u00e1genes espectaculares que podr\u00e1s atesorar para siempre, capturando la esencia m\u00e1gica de convertirte en una aut\u00e9ntica sirena.<\/p>\n<p>Nuestros Servicios:<\/p>\n<p>\u2013 Experiencia de sesi\u00f3n fotogr\u00e1fica personalizada: Cada sesi\u00f3n se adapta a tu personalidad y tus preferencias. Desde la idea inicial hasta la ejecuci\u00f3n, nos aseguramos de que tu sesi\u00f3n bajo el agua sea tan \u00fanica como t\u00fa.<\/p>\n<p>\u2013 Asesor\u00eda profesional: \u00bfNunca has posado frente a una c\u00e1mara bajo el agua? No te preocupes, nuestro equipo estar\u00e1 contigo para ayudarte en todo momento.<\/p>\n<h2>Mermaid Underwater Photoshoot<\/h2>\n<p data-pm-slice=\"1 1 []\">Sum\u00e9rgete en la magia de una sesi\u00f3n fotogr\u00e1fica submarina estilo sirena. Nuestro equipo altamente capacitado se asegura de que cada imagen refleje tu belleza natural y la elegante armon\u00eda del entorno bajo el agua.<\/p>\n<h2>Underwater Mermaid Photography<\/h2>\n<p data-pm-slice=\"1 1 []\">Descubre la experiencia extraordinaria de protagonizar una sesi\u00f3n de fotograf\u00eda submarina estilo sirena. Nuestros profesionales utilizan iluminaci\u00f3n avanzada y t\u00e9cnicas innovadoras para crear im\u00e1genes reconocidas por su belleza y originalidad.<\/p>","protected":false},"excerpt":{"rendered":"<p>Creamos experiencias fotogr\u00e1ficas personalizadas y \u00fanicas que te permitir\u00e1n obtener im\u00e1genes impresionantes para toda la vida.<\/p>\n<p>4 horas<br \/>\nEntrega: 5 d\u00edas despu\u00e9s<br \/>\nIdioma: ingl\u00e9s, espa\u00f1ol<br \/>\nSesi\u00f3n de planificaci\u00f3n personalizada<br \/>\nVarios cambios de vestuario<br \/>\n10 fotos editadas digitalmente<br \/>\nEntrenamiento completo de posturas y control de la respiraci\u00f3n<br \/>\nEntrada al cenote<\/p>\n<p>\u00a1No pierdas la oportunidad de revivir tu aventura submarina con unas fotos espectaculares!<\/p>","protected":false},"featured_media":36345,"comment_status":"open","ping_status":"closed","template":"","meta":{"site-sidebar-layout":"default","site-content-layout":"","ast-site-content-layout":"default","site-content-style":"default","site-sidebar-style":"default","ast-global-header-display":"","ast-banner-title-visibility":"","ast-main-header-display":"","ast-hfb-above-header-display":"","ast-hfb-below-header-display":"","ast-hfb-mobile-header-display":"","site-post-title":"","ast-breadcrumbs-content":"","ast-featured-img":"","footer-sml-layout":"","ast-disable-related-posts":"","theme-transparent-header-meta":"default","adv-header-id-meta":"","stick-header-meta":"","header-above-stick-meta":"","header-main-stick-meta":"","header-below-stick-meta":"","astra-migrate-meta-layouts":"set","ast-page-background-enabled":"default","ast-page-background-meta":{"desktop":{"background-color":"","background-image":"","background-repeat":"repeat","background-position":"center center","background-size":"auto","background-attachment":"scroll","background-type":"","background-media":"","overlay-type":"","overlay-color":"","overlay-opacity":"","overlay-gradient":""},"tablet":{"background-color":"","background-image":"","background-repeat":"repeat","background-position":"center center","background-size":"auto","background-attachment":"scroll","background-type":"","background-media":"","overlay-type":"","overlay-color":"","overlay-opacity":"","overlay-gradient":""},"mobile":{"background-color":"","background-image":"","background-repeat":"repeat","background-position":"center center","background-size":"auto","background-attachment":"scroll","background-type":"","background-media":"","overlay-type":"","overlay-color":"","overlay-opacity":"","overlay-gradient":""}},"ast-content-background-meta":{"desktop":{"background-color":"var(--ast-global-color-5)","background-image":"","background-repeat":"repeat","background-position":"center center","background-size":"auto","background-attachment":"scroll","background-type":"","background-media":"","overlay-type":"","overlay-color":"","overlay-opacity":"","overlay-gradient":""},"tablet":{"background-color":"var(--ast-global-color-5)","background-image":"","background-repeat":"repeat","background-position":"center center","background-size":"auto","background-attachment":"scroll","background-type":"","background-media":"","overlay-type":"","overlay-color":"","overlay-opacity":"","overlay-gradient":""},"mobile":{"background-color":"var(--ast-global-color-5)","background-image":"","background-repeat":"repeat","background-position":"center center","background-size":"auto","background-attachment":"scroll","background-type":"","background-media":"","overlay-type":"","overlay-color":"","overlay-opacity":"","overlay-gradient":""}}},"product_brand":[],"product_cat":[2034,3989,4162],"product_tag":[],"actividad":[3711,4126],"ubicacion":[],"class_list":{"0":"post-36342","1":"product","2":"type-product","3":"status-publish","4":"has-post-thumbnail","6":"product_cat-excursions-en","7":"product_cat-photography-trips","8":"product_cat-top-products","9":"actividad-expedition","10":"actividad-photography","11":"desktop-align-left","12":"tablet-align-left","13":"mobile-align-left","14":"tm-no-options","16":"first","17":"instock","18":"sold-individually","19":"shipping-taxable","20":"purchasable","21":"product-type-booking"},"booking_location":"","booking_location_type":"","booking_duration":1,"booking_duration_unit":"day","booking_buffer":0,"booking_cost":6500,"booking_resources":[],"_links":{"self":[{"href":"https:\/\/mexplor.co\/es\/wp-json\/wp\/v2\/product\/36342","targetHints":{"allow":["GET"]}}],"collection":[{"href":"https:\/\/mexplor.co\/es\/wp-json\/wp\/v2\/product"}],"about":[{"href":"https:\/\/mexplor.co\/es\/wp-json\/wp\/v2\/types\/product"}],"replies":[{"embeddable":true,"href":"https:\/\/mexplor.co\/es\/wp-json\/wp\/v2\/comments?post=36342"}],"version-history":[{"count":2,"href":"https:\/\/mexplor.co\/es\/wp-json\/wp\/v2\/product\/36342\/revisions"}],"predecessor-version":[{"id":39372,"href":"https:\/\/mexplor.co\/es\/wp-json\/wp\/v2\/product\/36342\/revisions\/39372"}],"wp:featuredmedia":[{"embeddable":true,"href":"https:\/\/mexplor.co\/es\/wp-json\/wp\/v2\/media\/36345"}],"wp:attachment":[{"href":"https:\/\/mexplor.co\/es\/wp-json\/wp\/v2\/media?parent=36342"}],"wp:term":[{"taxonomy":"product_brand","embeddable":true,"href":"https:\/\/mexplor.co\/es\/wp-json\/wp\/v2\/product_brand?post=36342"},{"taxonomy":"product_cat","embeddable":true,"href":"https:\/\/mexplor.co\/es\/wp-json\/wp\/v2\/product_cat?post=36342"},{"taxonomy":"product_tag","embeddable":true,"href":"https:\/\/mexplor.co\/es\/wp-json\/wp\/v2\/product_tag?post=36342"},{"taxonomy":"actividad","embeddable":true,"href":"https:\/\/mexplor.co\/es\/wp-json\/wp\/v2\/actividad?post=36342"},{"taxonomy":"ubicacion","embeddable":true,"href":"https:\/\/mexplor.co\/es\/wp-json\/wp\/v2\/ubicacion?post=36342"}],"curies":[{"name":"wp","href":"https:\/\/api.w.org\/{rel}","templated":true}]}}