{"id":37530,"date":"2025-09-09T16:38:56","date_gmt":"2025-09-09T21:38:56","guid":{"rendered":"https:\/\/mexplor.co\/?post_type=product&#038;p=37530"},"modified":"2025-12-05T02:54:27","modified_gmt":"2025-12-05T07:54:27","slug":"freediving-aida","status":"publish","type":"product","link":"https:\/\/mexplor.co\/es\/freediving-aida\/","title":{"rendered":"Freediving Aida 1"},"content":{"rendered":"<h1>AIDA Freediving Course<\/h1>\n<p>&nbsp;<\/p>\n<p>\u00bfSue\u00f1a con explorar las profundidades del oc\u00e9ano con la gracia y la libertad de un delf\u00edn? Nuestro paquete de cursos de apnea AIDA es la oportunidad perfecta para convertir ese sue\u00f1o en realidad. Dise\u00f1ado tanto para principiantes como para apne\u00edstas experimentados, este curso te proporcionar\u00e1 las habilidades, la confianza y la certificaci\u00f3n necesarias para disfrutar de la apnea de una forma segura y emocionante.<\/p>\n<p>&nbsp;<\/p>\n<p>&nbsp;<\/p>\n<p>Nuestro paquete de cursos de apnea AIDA es la elecci\u00f3n perfecta para aquellos que quieren explorar el apasionante mundo de la apnea con la confianza y seguridad que da una certificaci\u00f3n reconocida internacionalmente. Con la gu\u00eda de instructores expertos, equipos de alta calidad y acceso a algunos de los mejores lugares de apnea del mundo, esta experiencia te llevar\u00e1 a nuevos niveles de habilidad y conexi\u00f3n con el entorno submarino.<\/p>\n<p>&nbsp;<\/p>\n<p>Retrato submarino<br \/>\nEstoy aqu\u00ed para ayudarte a crear retratos \u00fanicos e inolvidables que cuenten tu historia. Una sesi\u00f3n de fotos bajo el agua conmigo es mucho m\u00e1s que una simple sesi\u00f3n: es una experiencia personalizada dise\u00f1ada para celebrar tu belleza y crear recuerdos extraordinarios. Juntos transformaremos tus momentos favoritos en obras de arte que querr\u00e1s exhibir con orgullo en tu hogar.<\/p>\n<p>Nuestros Servicios:<\/p>\n<p>\u2013 Experiencia de sesi\u00f3n personalizada: Cada sesi\u00f3n se adapta a tu personalidad y a tus preferencias. Desde la idea inicial hasta la ejecuci\u00f3n, nos aseguramos de que tu sesi\u00f3n bajo el agua sea tan \u00fanica como t\u00fa.<\/p>\n<p>\u2013 Asesor\u00eda profesional: \u00bfNunca has posado frente a una c\u00e1mara bajo el agua? No te preocupes, nuestro equipo estar\u00e1 contigo para ayudarte en todo momento.<\/p>","protected":false},"excerpt":{"rendered":"<p>El freediving te invita a bajar el ritmo, respirar profundo y dejar que el agua te gu\u00ede. Con una sola respiraci\u00f3n entras en un estado de calma donde el tiempo parece detenerse y el mundo exterior se desvanece en silencio.<\/p>\n<p>Consulte los precios en la descripci\u00f3n.<\/p>\n<p>Incluye:<\/p>\n<ul>\n<li>Transportaci\u00f3n de la escuela pdc al cenote.<\/li>\n<li>Equipo completo. Traje de neopreno, aletas de plomo.<\/li>\n<li>Entrada al cenote<\/li>\n<li>Almuerzo en el camino de regreso. Quesadillas o vale de 150 pesos.<\/li>\n<li>Duraci\u00f3n 5 hrs por d\u00eda dependiendo del alumno<\/li>\n<li>Idiomas: Ingl\u00e9s \/Espa\u00f1ol<\/li>\n<li>De 8 pm a 10 pm<\/li>\n<\/ul>\n<p data-start=\"1297\" data-end=\"1323\">Lo que no est\u00e1 incluido:<\/p>\n<ul data-start=\"1324\" data-end=\"1599\">\n<li data-start=\"1324\" data-end=\"1409\">\n<p data-start=\"1326\" data-end=\"1409\">Equipo personal de freediving (m\u00e1scara, aletas o monoaleta, snorkel, traje de neopreno y sistema de lastre)<\/p>\n<\/li>\n<li data-start=\"1410\" data-end=\"1474\">\n<p data-start=\"1412\" data-end=\"1474\">Tarifas de transporte, instalaciones o acceso a la piscina (si corresponde)<\/p>\n<\/li>\n<li data-start=\"1475\" data-end=\"1510\">\n<p data-start=\"1477\" data-end=\"1510\">Comidas, alojamiento, gastos de viaje.<\/p>\n<\/li>\n<li data-start=\"1511\" data-end=\"1585\">\n<p data-start=\"1513\" data-end=\"1585\">Medical clearance or doctor check-up (if required by local regulation)<\/p>\n<\/li>\n<li data-start=\"1586\" data-end=\"1599\">\n<p data-start=\"1588\" data-end=\"1599\">Seguro<\/p>\n<\/li>\n<li data-start=\"1586\" data-end=\"1599\">\n<p data-start=\"1588\" data-end=\"1599\">LIMITACIONES:<\/p>\n<\/li>\n<\/ul>\n<ul>\n<li>Mujeres embarazadas, coraz\u00f3n<br \/>\nproblemas card\u00edacos<\/li>\n<li>Edad m\u00ednima 16 a\u00f1os<\/li>\n<\/ul>\n<p>Por favor, verifique el precio final en la casilla de verificaci\u00f3n de la ubicaci\u00f3n.<\/p>","protected":false},"featured_media":30464,"comment_status":"closed","ping_status":"closed","template":"","meta":{"site-sidebar-layout":"default","site-content-layout":"","ast-site-content-layout":"default","site-content-style":"default","site-sidebar-style":"default","ast-global-header-display":"","ast-banner-title-visibility":"","ast-main-header-display":"","ast-hfb-above-header-display":"","ast-hfb-below-header-display":"","ast-hfb-mobile-header-display":"","site-post-title":"","ast-breadcrumbs-content":"","ast-featured-img":"","footer-sml-layout":"","ast-disable-related-posts":"","theme-transparent-header-meta":"default","adv-header-id-meta":"","stick-header-meta":"","header-above-stick-meta":"","header-main-stick-meta":"","header-below-stick-meta":"","astra-migrate-meta-layouts":"set","ast-page-background-enabled":"default","ast-page-background-meta":{"desktop":{"background-color":"","background-image":"","background-repeat":"repeat","background-position":"center center","background-size":"auto","background-attachment":"scroll","background-type":"","background-media":"","overlay-type":"","overlay-color":"","overlay-opacity":"","overlay-gradient":""},"tablet":{"background-color":"","background-image":"","background-repeat":"repeat","background-position":"center center","background-size":"auto","background-attachment":"scroll","background-type":"","background-media":"","overlay-type":"","overlay-color":"","overlay-opacity":"","overlay-gradient":""},"mobile":{"background-color":"","background-image":"","background-repeat":"repeat","background-position":"center center","background-size":"auto","background-attachment":"scroll","background-type":"","background-media":"","overlay-type":"","overlay-color":"","overlay-opacity":"","overlay-gradient":""}},"ast-content-background-meta":{"desktop":{"background-color":"var(--ast-global-color-5)","background-image":"","background-repeat":"repeat","background-position":"center center","background-size":"auto","background-attachment":"scroll","background-type":"","background-media":"","overlay-type":"","overlay-color":"","overlay-opacity":"","overlay-gradient":""},"tablet":{"background-color":"var(--ast-global-color-5)","background-image":"","background-repeat":"repeat","background-position":"center center","background-size":"auto","background-attachment":"scroll","background-type":"","background-media":"","overlay-type":"","overlay-color":"","overlay-opacity":"","overlay-gradient":""},"mobile":{"background-color":"var(--ast-global-color-5)","background-image":"","background-repeat":"repeat","background-position":"center center","background-size":"auto","background-attachment":"scroll","background-type":"","background-media":"","overlay-type":"","overlay-color":"","overlay-opacity":"","overlay-gradient":""}}},"product_brand":[],"product_cat":[4160,1888],"product_tag":[],"actividad":[3753],"ubicacion":[4086,3697,4090],"class_list":{"0":"post-37530","1":"product","2":"type-product","3":"status-publish","4":"has-post-thumbnail","6":"product_cat-freediving-course","7":"product_cat-store","8":"actividad-freediving","9":"ubicacion-bahia-magdalena","10":"ubicacion-la-ventana-en","11":"ubicacion-valladolid","12":"desktop-align-left","13":"tablet-align-left","14":"mobile-align-left","15":"tm-has-options","17":"first","18":"instock","19":"sold-individually","20":"shipping-taxable","21":"purchasable","22":"product-type-booking"},"booking_location":"","booking_location_type":"","booking_duration":1,"booking_duration_unit":"day","booking_buffer":0,"booking_cost":0,"booking_resources":[],"_links":{"self":[{"href":"https:\/\/mexplor.co\/es\/wp-json\/wp\/v2\/product\/37530","targetHints":{"allow":["GET"]}}],"collection":[{"href":"https:\/\/mexplor.co\/es\/wp-json\/wp\/v2\/product"}],"about":[{"href":"https:\/\/mexplor.co\/es\/wp-json\/wp\/v2\/types\/product"}],"replies":[{"embeddable":true,"href":"https:\/\/mexplor.co\/es\/wp-json\/wp\/v2\/comments?post=37530"}],"version-history":[{"count":3,"href":"https:\/\/mexplor.co\/es\/wp-json\/wp\/v2\/product\/37530\/revisions"}],"predecessor-version":[{"id":39488,"href":"https:\/\/mexplor.co\/es\/wp-json\/wp\/v2\/product\/37530\/revisions\/39488"}],"wp:featuredmedia":[{"embeddable":true,"href":"https:\/\/mexplor.co\/es\/wp-json\/wp\/v2\/media\/30464"}],"wp:attachment":[{"href":"https:\/\/mexplor.co\/es\/wp-json\/wp\/v2\/media?parent=37530"}],"wp:term":[{"taxonomy":"product_brand","embeddable":true,"href":"https:\/\/mexplor.co\/es\/wp-json\/wp\/v2\/product_brand?post=37530"},{"taxonomy":"product_cat","embeddable":true,"href":"https:\/\/mexplor.co\/es\/wp-json\/wp\/v2\/product_cat?post=37530"},{"taxonomy":"product_tag","embeddable":true,"href":"https:\/\/mexplor.co\/es\/wp-json\/wp\/v2\/product_tag?post=37530"},{"taxonomy":"actividad","embeddable":true,"href":"https:\/\/mexplor.co\/es\/wp-json\/wp\/v2\/actividad?post=37530"},{"taxonomy":"ubicacion","embeddable":true,"href":"https:\/\/mexplor.co\/es\/wp-json\/wp\/v2\/ubicacion?post=37530"}],"curies":[{"name":"wp","href":"https:\/\/api.w.org\/{rel}","templated":true}]}}