{"id":38251,"date":"2025-10-07T17:42:11","date_gmt":"2025-10-07T22:42:11","guid":{"rendered":"https:\/\/mexplor.co\/?post_type=product&#038;p=38251"},"modified":"2025-12-05T02:52:53","modified_gmt":"2025-12-05T07:52:53","slug":"freediving-aida-2","status":"publish","type":"product","link":"https:\/\/mexplor.co\/es\/freediving-aida-2\/","title":{"rendered":"Freediving Aida 2"},"content":{"rendered":"<p>The <em data-start=\"2552\" data-end=\"2570\">AIDA 2 Freediver<\/em> Este curso construye una base s\u00f3lida en freediving al combinar teor\u00eda con entrenamiento pr\u00e1ctico tanto en piscina como en aguas abiertas. Profundizar\u00e1s en fisiolog\u00eda, ecualizaci\u00f3n, seguridad y disciplinas subacu\u00e1ticas como est\u00e1tica, din\u00e1mica, inmersi\u00f3n libre y buceo en peso constante.<\/p>\n<p>&nbsp;<\/p>\n<p>Nuestro paquete de cursos de apnea AIDA es la elecci\u00f3n perfecta para aquellos que quieren explorar el apasionante mundo de la apnea con la confianza y seguridad que da una certificaci\u00f3n reconocida internacionalmente. Con la gu\u00eda de instructores expertos, equipos de alta calidad y acceso a algunos de los mejores lugares de apnea del mundo, esta experiencia te llevar\u00e1 a nuevos niveles de habilidad y conexi\u00f3n con el entorno submarino.<\/p>\n<p>&nbsp;<\/p>\n<p>&nbsp;<\/p>\n<p>Retrato submarino<br \/>\nEstoy aqu\u00ed para ayudarte a crear retratos \u00fanicos e inolvidables que cuenten tu historia. Una sesi\u00f3n de fotos bajo el agua conmigo es mucho m\u00e1s que una simple sesi\u00f3n: es una experiencia personalizada dise\u00f1ada para celebrar tu belleza y crear recuerdos extraordinarios. Juntos transformaremos tus momentos favoritos en obras de arte que querr\u00e1s exhibir con orgullo en tu hogar.<\/p>\n<p>Nuestros Servicios:<\/p>\n<p>\u2013 Experiencia de sesi\u00f3n personalizada: Cada sesi\u00f3n se adapta a tu personalidad y a tus preferencias. Desde la idea inicial hasta la ejecuci\u00f3n, nos aseguramos de que tu sesi\u00f3n bajo el agua sea tan \u00fanica como t\u00fa.<\/p>\n<p>\u2013 Asesor\u00eda profesional: \u00bfNunca has posado frente a una c\u00e1mara bajo el agua? No te preocupes, nuestro equipo estar\u00e1 contigo para ayudarte en todo momento.<\/p>","protected":false},"excerpt":{"rendered":"<p>AIDA 2 es la puerta de entrada al mundo del freediving. Aprender\u00e1s t\u00e9cnicas esenciales \u2014desde la respiraci\u00f3n y la relajaci\u00f3n hasta la ecualizaci\u00f3n y el buceo seguro\u2014 mientras profundizas tu conexi\u00f3n con el mar.<\/p>\n<p>Consulte los precios en la descripci\u00f3n.<\/p>\n<p>Incluye<\/p>\n<ul>\n<li>Equipo completo. Aletas de plomo Wetsut<\/li>\n<li>Entrada al cenote<\/li>\n<li>Comida de regreso. Quesadillas, o vale de $150.<\/li>\n<li>Duraci\u00f3n 5 hrs por d\u00eda dependiendo del alumno<\/li>\n<li>Idiomas: Ingl\u00e9s \/Espa\u00f1ol<\/li>\n<li>De 8 pm a 10 pm<\/li>\n<\/ul>\n<p>Lo que no est\u00e1 incluido:<\/p>\n<ul>\n<li data-start=\"3512\" data-end=\"3559\">\n<p data-start=\"3514\" data-end=\"3559\">Tarifas del barco, acceso a los sitios de buceo y transporte<\/p>\n<\/li>\n<li data-start=\"3560\" data-end=\"3586\">\n<p data-start=\"3562\" data-end=\"3586\">\u00a0Alojamiento, viajes<\/p>\n<\/li>\n<li data-start=\"3587\" data-end=\"3620\">\n<p data-start=\"3589\" data-end=\"3620\">Autorizaci\u00f3n m\u00e9dica (si es necesario)<\/p>\n<\/li>\n<li data-start=\"3621\" data-end=\"3634\">\n<p data-start=\"3623\" data-end=\"3634\">Seguro<\/p>\n<\/li>\n<\/ul>\n<p>LIMITACIONES:<\/p>\n<ul>\n<li>-Mujeres embarazadas, coraz\u00f3n<\/li>\n<li>-problemas card\u00edacos<\/li>\n<li>-Edad m\u00ednima: 16 a\u00f1os.<\/li>\n<\/ul>","protected":false},"featured_media":36995,"comment_status":"closed","ping_status":"closed","template":"","meta":{"site-sidebar-layout":"default","site-content-layout":"","ast-site-content-layout":"default","site-content-style":"default","site-sidebar-style":"default","ast-global-header-display":"","ast-banner-title-visibility":"","ast-main-header-display":"","ast-hfb-above-header-display":"","ast-hfb-below-header-display":"","ast-hfb-mobile-header-display":"","site-post-title":"","ast-breadcrumbs-content":"","ast-featured-img":"","footer-sml-layout":"","ast-disable-related-posts":"","theme-transparent-header-meta":"default","adv-header-id-meta":"","stick-header-meta":"","header-above-stick-meta":"","header-main-stick-meta":"","header-below-stick-meta":"","astra-migrate-meta-layouts":"set","ast-page-background-enabled":"default","ast-page-background-meta":{"desktop":{"background-color":"","background-image":"","background-repeat":"repeat","background-position":"center center","background-size":"auto","background-attachment":"scroll","background-type":"","background-media":"","overlay-type":"","overlay-color":"","overlay-opacity":"","overlay-gradient":""},"tablet":{"background-color":"","background-image":"","background-repeat":"repeat","background-position":"center center","background-size":"auto","background-attachment":"scroll","background-type":"","background-media":"","overlay-type":"","overlay-color":"","overlay-opacity":"","overlay-gradient":""},"mobile":{"background-color":"","background-image":"","background-repeat":"repeat","background-position":"center center","background-size":"auto","background-attachment":"scroll","background-type":"","background-media":"","overlay-type":"","overlay-color":"","overlay-opacity":"","overlay-gradient":""}},"ast-content-background-meta":{"desktop":{"background-color":"var(--ast-global-color-5)","background-image":"","background-repeat":"repeat","background-position":"center center","background-size":"auto","background-attachment":"scroll","background-type":"","background-media":"","overlay-type":"","overlay-color":"","overlay-opacity":"","overlay-gradient":""},"tablet":{"background-color":"var(--ast-global-color-5)","background-image":"","background-repeat":"repeat","background-position":"center center","background-size":"auto","background-attachment":"scroll","background-type":"","background-media":"","overlay-type":"","overlay-color":"","overlay-opacity":"","overlay-gradient":""},"mobile":{"background-color":"var(--ast-global-color-5)","background-image":"","background-repeat":"repeat","background-position":"center center","background-size":"auto","background-attachment":"scroll","background-type":"","background-media":"","overlay-type":"","overlay-color":"","overlay-opacity":"","overlay-gradient":""}}},"product_brand":[],"product_cat":[4160,1888],"product_tag":[],"actividad":[3753],"ubicacion":[],"class_list":{"0":"post-38251","1":"product","2":"type-product","3":"status-publish","4":"has-post-thumbnail","6":"product_cat-freediving-course","7":"product_cat-store","8":"actividad-freediving","9":"desktop-align-left","10":"tablet-align-left","11":"mobile-align-left","12":"tm-has-options","14":"first","15":"instock","16":"shipping-taxable","17":"purchasable","18":"product-type-simple"},"booking_location":null,"booking_location_type":null,"booking_duration":null,"booking_duration_unit":null,"booking_buffer":null,"booking_cost":null,"booking_resources":null,"_links":{"self":[{"href":"https:\/\/mexplor.co\/es\/wp-json\/wp\/v2\/product\/38251","targetHints":{"allow":["GET"]}}],"collection":[{"href":"https:\/\/mexplor.co\/es\/wp-json\/wp\/v2\/product"}],"about":[{"href":"https:\/\/mexplor.co\/es\/wp-json\/wp\/v2\/types\/product"}],"replies":[{"embeddable":true,"href":"https:\/\/mexplor.co\/es\/wp-json\/wp\/v2\/comments?post=38251"}],"version-history":[{"count":2,"href":"https:\/\/mexplor.co\/es\/wp-json\/wp\/v2\/product\/38251\/revisions"}],"predecessor-version":[{"id":38600,"href":"https:\/\/mexplor.co\/es\/wp-json\/wp\/v2\/product\/38251\/revisions\/38600"}],"wp:featuredmedia":[{"embeddable":true,"href":"https:\/\/mexplor.co\/es\/wp-json\/wp\/v2\/media\/36995"}],"wp:attachment":[{"href":"https:\/\/mexplor.co\/es\/wp-json\/wp\/v2\/media?parent=38251"}],"wp:term":[{"taxonomy":"product_brand","embeddable":true,"href":"https:\/\/mexplor.co\/es\/wp-json\/wp\/v2\/product_brand?post=38251"},{"taxonomy":"product_cat","embeddable":true,"href":"https:\/\/mexplor.co\/es\/wp-json\/wp\/v2\/product_cat?post=38251"},{"taxonomy":"product_tag","embeddable":true,"href":"https:\/\/mexplor.co\/es\/wp-json\/wp\/v2\/product_tag?post=38251"},{"taxonomy":"actividad","embeddable":true,"href":"https:\/\/mexplor.co\/es\/wp-json\/wp\/v2\/actividad?post=38251"},{"taxonomy":"ubicacion","embeddable":true,"href":"https:\/\/mexplor.co\/es\/wp-json\/wp\/v2\/ubicacion?post=38251"}],"curies":[{"name":"wp","href":"https:\/\/api.w.org\/{rel}","templated":true}]}}