{"id":38252,"date":"2025-10-07T17:56:26","date_gmt":"2025-10-07T22:56:26","guid":{"rendered":"https:\/\/mexplor.co\/?post_type=product&#038;p=38252"},"modified":"2025-12-05T02:57:16","modified_gmt":"2025-12-05T07:57:16","slug":"cenote-freediving-training","status":"publish","type":"product","link":"https:\/\/mexplor.co\/es\/cenote-freediving-training\/","title":{"rendered":"Entrenamiento de Freediving en Cenote"},"content":{"rendered":"<p>Entrena freediving en el entorno \u00fanico de un cenote \u2014un pozo natural de agua dulce\u2014 que ofrece aguas tranquilas y pr\u00edstinas, paredes verticales y profundidades seguras. Esta sesi\u00f3n de entrenamiento es ideal para aplicar tus habilidades de freediving en condiciones de inmersi\u00f3n vertical, perfeccionando la ecualizaci\u00f3n y la t\u00e9cnica de descenso en un ambiente claro y estable.<\/p>\n<p>Vive la m\u00e1xima conexi\u00f3n con la naturaleza con nuestro Entrenamiento de Freediving en cenote \u2014un entorno \u00fanico y sereno, perfecto para mejorar tu apnea y t\u00e9cnica. Guiado por instructores certificados, este entrenamiento est\u00e1 dise\u00f1ado para todos los niveles, desde principiantes hasta freedivers avanzados. Aprender\u00e1s respiraci\u00f3n adecuada, ecualizaci\u00f3n, t\u00e9cnicas de seguridad y relajaci\u00f3n mientras te sumerges en agua dulce cristalina, rodeado de impresionantes formaciones rocosas y luz natural.<\/p>\n<p data-start=\"8420\" data-end=\"8452\">Beneficios y habilidades de la sesi\u00f3n:<\/p>\n<ul data-start=\"8453\" data-end=\"8706\">\n<li data-start=\"8453\" data-end=\"8504\">\n<p data-start=\"8455\" data-end=\"8504\">Aplicar habilidades de freediving en un entorno vertical<\/p>\n<\/li>\n<li data-start=\"8505\" data-end=\"8556\">\n<p data-start=\"8507\" data-end=\"8556\">Mejorar la ecualizaci\u00f3n y la t\u00e9cnica de descenso y giro<\/p>\n<\/li>\n<li data-start=\"8557\" data-end=\"8615\">\n<p data-start=\"8559\" data-end=\"8615\">Ganar comodidad y confianza en aguas m\u00e1s profundas y verticales<\/p>\n<\/li>\n<li data-start=\"8616\" data-end=\"8706\">\n<p data-start=\"8618\" data-end=\"8706\">Comprender los protocolos de seguridad adecuados para cuevas (sin penetraci\u00f3n, siempre con l\u00ednea o puntos de salida visibles)<\/p>\n<\/li>\n<\/ul>\n<p data-start=\"8708\" data-end=\"8742\">Duraci\u00f3n y formato (t\u00edpico):<\/p>\n<ul data-start=\"8743\" data-end=\"8827\">\n<li data-start=\"8743\" data-end=\"8775\">\n<p data-start=\"8745\" data-end=\"8775\">Sesi\u00f3n de medio d\u00eda a d\u00eda completo<\/p>\n<\/li>\n<li data-start=\"8776\" data-end=\"8827\">\n<p data-start=\"8778\" data-end=\"8827\">Combinaci\u00f3n de teor\u00eda, calentamiento y m\u00faltiples inmersiones verticales<\/p>\n<\/li>\n<\/ul>","protected":false},"excerpt":{"rendered":"<p>El freediving en cenotes es una experiencia incomparable: rayos de luz que atraviesan aguas cristalinas, antiguas formaciones rocosas que te rodean y un silencio tan profundo que se siente sagrado.<\/p>\n<p>Consulte los precios en la descripci\u00f3n.<\/p>\n<p data-start=\"7560\" data-end=\"7582\">Qu\u00e9 incluye:<\/p>\n<ul data-start=\"7583\" data-end=\"8054\">\n<li data-start=\"7583\" data-end=\"7689\">\n<p data-start=\"7585\" data-end=\"7689\">Briefing y teor\u00eda sobre las condiciones espec\u00edficas del cenote (visibilidad, termoclina y seguridad en espacios cerrados).<\/p>\n<\/li>\n<li data-start=\"7690\" data-end=\"7776\">\n<p data-start=\"7692\" data-end=\"7776\">Equipo de freediving (m\u00e1scara, aletas\/monoaleta, snorkel, traje de neopreno y lanyard) incluido o disponible para renta.<\/p>\n<\/li>\n<li data-start=\"7690\" data-end=\"7776\">Inmersiones verticales bajo la supervisi\u00f3n del instructor, practicando t\u00e9cnicas de descenso, giros y control de flotabilidad.<\/li>\n<\/ul>\n<p data-start=\"8056\" data-end=\"8082\">Lo que no est\u00e1 incluido:<\/p>\n<ul data-start=\"8083\" data-end=\"8190\">\n<li data-start=\"8083\" data-end=\"8112\">\n<p data-start=\"8085\" data-end=\"8112\">Transporte a los cenotes<\/p>\n<\/li>\n<li data-start=\"8113\" data-end=\"8135\">\n<p data-start=\"8115\" data-end=\"8135\">Entradas o tarifas del parque<\/p>\n<\/li>\n<li data-start=\"8136\" data-end=\"8154\">\n<p data-start=\"8138\" data-end=\"8154\">Alimentos y alojamiento<\/p>\n<\/li>\n<li data-start=\"8155\" data-end=\"8176\">\n<p data-start=\"8157\" data-end=\"8176\">Aprobaci\u00f3n m\u00e9dica<\/p>\n<\/li>\n<\/ul>\n<p data-start=\"8192\" data-end=\"8227\">Requisitos previos \/ Requisitos:<\/p>\n<ul data-start=\"8228\" data-end=\"8418\">\n<li data-start=\"8228\" data-end=\"8286\">\n<p data-start=\"8230\" data-end=\"8286\">Algo de experiencia en freediving (por ejemplo, AIDA 1 o equivalente).<\/p>\n<\/li>\n<li data-start=\"8287\" data-end=\"8327\">\n<p data-start=\"8289\" data-end=\"8327\">Comodidad realizando inmersiones verticales en aguas abiertas.<\/p>\n<\/li>\n<li data-start=\"8328\" data-end=\"8382\">\n<p data-start=\"8330\" data-end=\"8382\">Capacidad para seguir los protocolos de seguridad y las reglas de buceo en pareja.<\/p>\n<\/li>\n<li data-start=\"8383\" data-end=\"8418\">\n<p data-start=\"8385\" data-end=\"8418\">Aprobaci\u00f3n del cuestionario m\u00e9dico<\/p>\n<\/li>\n<\/ul>","protected":false},"featured_media":36990,"comment_status":"closed","ping_status":"closed","template":"","meta":{"site-sidebar-layout":"default","site-content-layout":"","ast-site-content-layout":"default","site-content-style":"default","site-sidebar-style":"default","ast-global-header-display":"","ast-banner-title-visibility":"","ast-main-header-display":"","ast-hfb-above-header-display":"","ast-hfb-below-header-display":"","ast-hfb-mobile-header-display":"","site-post-title":"","ast-breadcrumbs-content":"","ast-featured-img":"","footer-sml-layout":"","ast-disable-related-posts":"","theme-transparent-header-meta":"default","adv-header-id-meta":"","stick-header-meta":"","header-above-stick-meta":"","header-main-stick-meta":"","header-below-stick-meta":"","astra-migrate-meta-layouts":"set","ast-page-background-enabled":"default","ast-page-background-meta":{"desktop":{"background-color":"","background-image":"","background-repeat":"repeat","background-position":"center center","background-size":"auto","background-attachment":"scroll","background-type":"","background-media":"","overlay-type":"","overlay-color":"","overlay-opacity":"","overlay-gradient":""},"tablet":{"background-color":"","background-image":"","background-repeat":"repeat","background-position":"center center","background-size":"auto","background-attachment":"scroll","background-type":"","background-media":"","overlay-type":"","overlay-color":"","overlay-opacity":"","overlay-gradient":""},"mobile":{"background-color":"","background-image":"","background-repeat":"repeat","background-position":"center center","background-size":"auto","background-attachment":"scroll","background-type":"","background-media":"","overlay-type":"","overlay-color":"","overlay-opacity":"","overlay-gradient":""}},"ast-content-background-meta":{"desktop":{"background-color":"var(--ast-global-color-5)","background-image":"","background-repeat":"repeat","background-position":"center center","background-size":"auto","background-attachment":"scroll","background-type":"","background-media":"","overlay-type":"","overlay-color":"","overlay-opacity":"","overlay-gradient":""},"tablet":{"background-color":"var(--ast-global-color-5)","background-image":"","background-repeat":"repeat","background-position":"center center","background-size":"auto","background-attachment":"scroll","background-type":"","background-media":"","overlay-type":"","overlay-color":"","overlay-opacity":"","overlay-gradient":""},"mobile":{"background-color":"var(--ast-global-color-5)","background-image":"","background-repeat":"repeat","background-position":"center center","background-size":"auto","background-attachment":"scroll","background-type":"","background-media":"","overlay-type":"","overlay-color":"","overlay-opacity":"","overlay-gradient":""}}},"product_brand":[],"product_cat":[3959,4160],"product_tag":[],"actividad":[3753],"ubicacion":[],"class_list":{"0":"post-38252","1":"product","2":"type-product","3":"status-publish","4":"has-post-thumbnail","6":"product_cat-cenotes","7":"product_cat-freediving-course","8":"actividad-freediving","9":"desktop-align-left","10":"tablet-align-left","11":"mobile-align-left","12":"tm-no-options","14":"first","15":"instock","16":"shipping-taxable","17":"product-type-simple"},"booking_location":null,"booking_location_type":null,"booking_duration":null,"booking_duration_unit":null,"booking_buffer":null,"booking_cost":null,"booking_resources":null,"_links":{"self":[{"href":"https:\/\/mexplor.co\/es\/wp-json\/wp\/v2\/product\/38252","targetHints":{"allow":["GET"]}}],"collection":[{"href":"https:\/\/mexplor.co\/es\/wp-json\/wp\/v2\/product"}],"about":[{"href":"https:\/\/mexplor.co\/es\/wp-json\/wp\/v2\/types\/product"}],"replies":[{"embeddable":true,"href":"https:\/\/mexplor.co\/es\/wp-json\/wp\/v2\/comments?post=38252"}],"version-history":[{"count":2,"href":"https:\/\/mexplor.co\/es\/wp-json\/wp\/v2\/product\/38252\/revisions"}],"predecessor-version":[{"id":39537,"href":"https:\/\/mexplor.co\/es\/wp-json\/wp\/v2\/product\/38252\/revisions\/39537"}],"wp:featuredmedia":[{"embeddable":true,"href":"https:\/\/mexplor.co\/es\/wp-json\/wp\/v2\/media\/36990"}],"wp:attachment":[{"href":"https:\/\/mexplor.co\/es\/wp-json\/wp\/v2\/media?parent=38252"}],"wp:term":[{"taxonomy":"product_brand","embeddable":true,"href":"https:\/\/mexplor.co\/es\/wp-json\/wp\/v2\/product_brand?post=38252"},{"taxonomy":"product_cat","embeddable":true,"href":"https:\/\/mexplor.co\/es\/wp-json\/wp\/v2\/product_cat?post=38252"},{"taxonomy":"product_tag","embeddable":true,"href":"https:\/\/mexplor.co\/es\/wp-json\/wp\/v2\/product_tag?post=38252"},{"taxonomy":"actividad","embeddable":true,"href":"https:\/\/mexplor.co\/es\/wp-json\/wp\/v2\/actividad?post=38252"},{"taxonomy":"ubicacion","embeddable":true,"href":"https:\/\/mexplor.co\/es\/wp-json\/wp\/v2\/ubicacion?post=38252"}],"curies":[{"name":"wp","href":"https:\/\/api.w.org\/{rel}","templated":true}]}}