{"id":38253,"date":"2025-10-07T17:49:17","date_gmt":"2025-10-07T22:49:17","guid":{"rendered":"https:\/\/mexplor.co\/?post_type=product&#038;p=38253"},"modified":"2025-12-05T02:51:32","modified_gmt":"2025-12-05T07:51:32","slug":"freediving-aida-3","status":"publish","type":"product","link":"https:\/\/mexplor.co\/es\/freediving-aida-3\/","title":{"rendered":"Freediving Aida 3"},"content":{"rendered":"<p>The <em data-start=\"4915\" data-end=\"4942\">AIDA 3 Freediver Avanzado<\/em> Este curso est\u00e1 dirigido a freedivers que desean llevar su profundidad, t\u00e9cnica y habilidades de seguridad al siguiente nivel. Aprender\u00e1s ecualizaci\u00f3n avanzada (como Frenzel), t\u00e9cnicas de freefall, tablas de entrenamiento, planificaci\u00f3n de inmersiones profundas, manejo de riesgos y protocolos refinados de rescate y seguridad. El objetivo es que puedas practicar freediving de forma m\u00e1s independiente y segura dentro de tu grupo de compa\u00f1eros.<\/p>\n<p>&nbsp;<\/p>\n<p data-start=\"6574\" data-end=\"6612\">Beneficios y habilidades de la certificaci\u00f3n:<\/p>\n<ul data-start=\"6613\" data-end=\"6861\">\n<li data-start=\"6613\" data-end=\"6663\">\n<p data-start=\"6615\" data-end=\"6663\">Bucea m\u00e1s profundo con mayor control y seguridad.<\/p>\n<\/li>\n<li data-start=\"6664\" data-end=\"6751\">\n<p data-start=\"6666\" data-end=\"6751\">Mayor independencia para planificar y realizar inmersiones junto a freedivers con habilidades similares.<\/p>\n<\/li>\n<li data-start=\"6752\" data-end=\"6804\">\n<p data-start=\"6754\" data-end=\"6804\">Habilidad para asistir en tareas de rescate y supervisi\u00f3n de seguridad.<\/p>\n<\/li>\n<li data-start=\"6805\" data-end=\"6861\">\n<p data-start=\"6807\" data-end=\"6861\">Elegibilidad para continuar hacia niveles avanzados o rutas de instructor.<\/p>\n<\/li>\n<\/ul>\n<p data-start=\"6863\" data-end=\"6897\">Duraci\u00f3n y formato (t\u00edpico):<\/p>\n<ul data-start=\"6898\" data-end=\"7039\">\n<li data-start=\"6898\" data-end=\"6993\">\n<p data-start=\"6900\" data-end=\"6993\">Generalmente de 3 a 4 d\u00edas (o m\u00e1s, seg\u00fan las condiciones).<\/p>\n<\/li>\n<li data-start=\"6898\" data-end=\"6993\">\n<p data-start=\"6900\" data-end=\"6993\">Teor\u00eda + pr\u00e1cticas en aguas confinadas + sesiones en aguas abiertas<\/p>\n<\/li>\n<\/ul>","protected":false},"excerpt":{"rendered":"<p>Desciende m\u00e1s profundo, permanece m\u00e1s tiempo y eleva tus habilidades de freediving con AIDA 3 \u2014 un curso lleno de crecimiento, confianza y magia oce\u00e1nica.<\/p>\n<p>Consulte los precios en la descripci\u00f3n.<\/p>\n<p>Incluye<\/p>\n<ul>\n<li>Equipo completo. Aletas de plomo Wetsut<\/li>\n<li>Entrada al cenote<\/li>\n<li>Comida de regreso. Quesadillas, o vale de $150.<\/li>\n<li>Duraci\u00f3n 5 hrs por d\u00eda dependiendo del alumno<\/li>\n<li>Idiomas: Ingl\u00e9s \/Espa\u00f1ol<\/li>\n<li>De 8 pm a 10 pm<\/li>\n<\/ul>\n<p>Lo que no est\u00e1 incluido:<\/p>\n<ul>\n<li data-start=\"3512\" data-end=\"3559\">\n<p data-start=\"3514\" data-end=\"3559\">Tarifas del barco, acceso a los sitios de buceo y transporte<\/p>\n<\/li>\n<li data-start=\"3560\" data-end=\"3586\">\n<p data-start=\"3562\" data-end=\"3586\">\u00a0Alojamiento, viajes<\/p>\n<\/li>\n<li data-start=\"3587\" data-end=\"3620\">\n<p data-start=\"3589\" data-end=\"3620\">Autorizaci\u00f3n m\u00e9dica (si es necesario)<\/p>\n<\/li>\n<li data-start=\"3621\" data-end=\"3634\">\n<p data-start=\"3623\" data-end=\"3634\">Seguro<\/p>\n<\/li>\n<\/ul>\n<p>LIMITACIONES:<\/p>\n<ul>\n<li>-Mujeres embarazadas, coraz\u00f3n<\/li>\n<li>-problemas card\u00edacos<\/li>\n<li>-Edad m\u00ednima: 16 a\u00f1os.<\/li>\n<\/ul>\n<p>Requisitos previos \/ Requisitos:<\/p>\n<ul>\n<li>Debes contar con la certificaci\u00f3n AIDA 2 Freediver (o equivalente).<\/li>\n<li>Cumplimiento de los requisitos de desempe\u00f1o (est\u00e1tica, din\u00e1mica y profundidad) correspondientes al nivel AIDA 2.<\/li>\n<\/ul>\n<p>&nbsp;<\/p>","protected":false},"featured_media":37007,"comment_status":"closed","ping_status":"closed","template":"","meta":{"site-sidebar-layout":"default","site-content-layout":"","ast-site-content-layout":"default","site-content-style":"default","site-sidebar-style":"default","ast-global-header-display":"","ast-banner-title-visibility":"","ast-main-header-display":"","ast-hfb-above-header-display":"","ast-hfb-below-header-display":"","ast-hfb-mobile-header-display":"","site-post-title":"","ast-breadcrumbs-content":"","ast-featured-img":"","footer-sml-layout":"","ast-disable-related-posts":"","theme-transparent-header-meta":"default","adv-header-id-meta":"","stick-header-meta":"","header-above-stick-meta":"","header-main-stick-meta":"","header-below-stick-meta":"","astra-migrate-meta-layouts":"set","ast-page-background-enabled":"default","ast-page-background-meta":{"desktop":{"background-color":"","background-image":"","background-repeat":"repeat","background-position":"center center","background-size":"auto","background-attachment":"scroll","background-type":"","background-media":"","overlay-type":"","overlay-color":"","overlay-opacity":"","overlay-gradient":""},"tablet":{"background-color":"","background-image":"","background-repeat":"repeat","background-position":"center center","background-size":"auto","background-attachment":"scroll","background-type":"","background-media":"","overlay-type":"","overlay-color":"","overlay-opacity":"","overlay-gradient":""},"mobile":{"background-color":"","background-image":"","background-repeat":"repeat","background-position":"center center","background-size":"auto","background-attachment":"scroll","background-type":"","background-media":"","overlay-type":"","overlay-color":"","overlay-opacity":"","overlay-gradient":""}},"ast-content-background-meta":{"desktop":{"background-color":"var(--ast-global-color-5)","background-image":"","background-repeat":"repeat","background-position":"center center","background-size":"auto","background-attachment":"scroll","background-type":"","background-media":"","overlay-type":"","overlay-color":"","overlay-opacity":"","overlay-gradient":""},"tablet":{"background-color":"var(--ast-global-color-5)","background-image":"","background-repeat":"repeat","background-position":"center center","background-size":"auto","background-attachment":"scroll","background-type":"","background-media":"","overlay-type":"","overlay-color":"","overlay-opacity":"","overlay-gradient":""},"mobile":{"background-color":"var(--ast-global-color-5)","background-image":"","background-repeat":"repeat","background-position":"center center","background-size":"auto","background-attachment":"scroll","background-type":"","background-media":"","overlay-type":"","overlay-color":"","overlay-opacity":"","overlay-gradient":""}}},"product_brand":[],"product_cat":[4160,1888],"product_tag":[],"actividad":[3753],"ubicacion":[],"class_list":{"0":"post-38253","1":"product","2":"type-product","3":"status-publish","4":"has-post-thumbnail","6":"product_cat-freediving-course","7":"product_cat-store","8":"actividad-freediving","9":"desktop-align-left","10":"tablet-align-left","11":"mobile-align-left","12":"tm-has-options","14":"first","15":"instock","16":"shipping-taxable","17":"purchasable","18":"product-type-simple"},"booking_location":null,"booking_location_type":null,"booking_duration":null,"booking_duration_unit":null,"booking_buffer":null,"booking_cost":null,"booking_resources":null,"_links":{"self":[{"href":"https:\/\/mexplor.co\/es\/wp-json\/wp\/v2\/product\/38253","targetHints":{"allow":["GET"]}}],"collection":[{"href":"https:\/\/mexplor.co\/es\/wp-json\/wp\/v2\/product"}],"about":[{"href":"https:\/\/mexplor.co\/es\/wp-json\/wp\/v2\/types\/product"}],"replies":[{"embeddable":true,"href":"https:\/\/mexplor.co\/es\/wp-json\/wp\/v2\/comments?post=38253"}],"version-history":[{"count":2,"href":"https:\/\/mexplor.co\/es\/wp-json\/wp\/v2\/product\/38253\/revisions"}],"predecessor-version":[{"id":39398,"href":"https:\/\/mexplor.co\/es\/wp-json\/wp\/v2\/product\/38253\/revisions\/39398"}],"wp:featuredmedia":[{"embeddable":true,"href":"https:\/\/mexplor.co\/es\/wp-json\/wp\/v2\/media\/37007"}],"wp:attachment":[{"href":"https:\/\/mexplor.co\/es\/wp-json\/wp\/v2\/media?parent=38253"}],"wp:term":[{"taxonomy":"product_brand","embeddable":true,"href":"https:\/\/mexplor.co\/es\/wp-json\/wp\/v2\/product_brand?post=38253"},{"taxonomy":"product_cat","embeddable":true,"href":"https:\/\/mexplor.co\/es\/wp-json\/wp\/v2\/product_cat?post=38253"},{"taxonomy":"product_tag","embeddable":true,"href":"https:\/\/mexplor.co\/es\/wp-json\/wp\/v2\/product_tag?post=38253"},{"taxonomy":"actividad","embeddable":true,"href":"https:\/\/mexplor.co\/es\/wp-json\/wp\/v2\/actividad?post=38253"},{"taxonomy":"ubicacion","embeddable":true,"href":"https:\/\/mexplor.co\/es\/wp-json\/wp\/v2\/ubicacion?post=38253"}],"curies":[{"name":"wp","href":"https:\/\/api.w.org\/{rel}","templated":true}]}}