{"id":38260,"date":"2025-10-08T02:18:38","date_gmt":"2025-10-08T07:18:38","guid":{"rendered":"https:\/\/mexplor.co\/?post_type=product&#038;p=38260"},"modified":"2025-10-08T02:18:39","modified_gmt":"2025-10-08T07:18:39","slug":"5-recorded-salsa-classes-level-0","status":"publish","type":"product","link":"https:\/\/mexplor.co\/es\/5-recorded-salsa-classes-level-0\/","title":{"rendered":"5 clases de salsa grabadas Nivel 0"},"content":{"rendered":"<p>Comienza este hermoso programa de clases de salsa, conoce las bases, los pasos b\u00e1sicos y lo necesario para un aprendizaje seguro y r\u00e1pido. Este nivel te proporcionar\u00e1 herramientas como:<\/p>\n<ul>\n<li>5 clases grabadas<\/li>\n<li>T\u00e9cnica de los pasos<\/li>\n<li>Ejercicios para practicar una postura correcta<\/li>\n<li>Ejercicio para la comprensi\u00f3n de la m\u00fasica<\/li>\n<li>Contando con la m\u00fasica<\/li>\n<li>Pasos b\u00e1sicos de salsa para hombres y mujeres<\/li>\n<li>Elementos para el uso de las manos y los brazos<\/li>\n<li>Principales cargos<\/li>\n<li>Pasos b\u00e1sicos alternativos para mejorar la banda de rodadura<\/li>\n<\/ul>\n<p>Todas nuestras clases cuentan con:<\/p>\n<ul>\n<li>N\u00famero ilimitado de visualizaciones<\/li>\n<li>Asesoramiento de los profesores sobre cuestiones espec\u00edficas.<\/li>\n<li>2 sesiones en l\u00ednea a mitad del curso y al final con los profesores.<\/li>\n<li>Descuento si compras los siguientes niveles<\/li>\n<li>Garant\u00eda de satisfacci\u00f3n<\/li>\n<li>Incluye explicaci\u00f3n para hombres y mujeres.<\/li>\n<li>Todas nuestras explicaciones son lentas y pausadas.<\/li>\n<li>Hacemos ejercicios de conteo con n\u00fameros y con m\u00fasica.<\/li>\n<\/ul>","protected":false},"excerpt":{"rendered":"<p>Clases de salsa Nivel 0, empieza antes del nivel 1 con todas las respuestas a las preguntas que se hace todo el que va a empezar a bailar salsa.<\/p>\n<p data-start=\"133\" data-end=\"294\">\u00a1Sum\u00e9rgete en el ritmo del baile latino con nuestras clases de salsa grabadas, la soluci\u00f3n definitiva para aprender salsa a tu propio ritmo, en cualquier momento y en cualquier lugar!<\/p>\n<p data-start=\"296\" data-end=\"613\">Tanto si eres un principiante absoluto como si deseas perfeccionar tus movimientos, nuestras clases grabadas por profesionales est\u00e1n dise\u00f1adas para guiarte paso a paso. Cada sesi\u00f3n es impartida por instructores de salsa con amplia experiencia que desglosan los fundamentos, las t\u00e9cnicas de estilo, los pasos y el trabajo en pareja de una forma clara y f\u00e1cil de seguir.<\/p>","protected":false},"featured_media":36436,"comment_status":"closed","ping_status":"closed","template":"","meta":{"site-sidebar-layout":"default","site-content-layout":"","ast-site-content-layout":"default","site-content-style":"default","site-sidebar-style":"default","ast-global-header-display":"","ast-banner-title-visibility":"","ast-main-header-display":"","ast-hfb-above-header-display":"","ast-hfb-below-header-display":"","ast-hfb-mobile-header-display":"","site-post-title":"","ast-breadcrumbs-content":"","ast-featured-img":"","footer-sml-layout":"","ast-disable-related-posts":"","theme-transparent-header-meta":"default","adv-header-id-meta":"","stick-header-meta":"","header-above-stick-meta":"","header-main-stick-meta":"","header-below-stick-meta":"","astra-migrate-meta-layouts":"set","ast-page-background-enabled":"default","ast-page-background-meta":{"desktop":{"background-color":"","background-image":"","background-repeat":"repeat","background-position":"center center","background-size":"auto","background-attachment":"scroll","background-type":"","background-media":"","overlay-type":"","overlay-color":"","overlay-opacity":"","overlay-gradient":""},"tablet":{"background-color":"","background-image":"","background-repeat":"repeat","background-position":"center center","background-size":"auto","background-attachment":"scroll","background-type":"","background-media":"","overlay-type":"","overlay-color":"","overlay-opacity":"","overlay-gradient":""},"mobile":{"background-color":"","background-image":"","background-repeat":"repeat","background-position":"center center","background-size":"auto","background-attachment":"scroll","background-type":"","background-media":"","overlay-type":"","overlay-color":"","overlay-opacity":"","overlay-gradient":""}},"ast-content-background-meta":{"desktop":{"background-color":"var(--ast-global-color-5)","background-image":"","background-repeat":"repeat","background-position":"center center","background-size":"auto","background-attachment":"scroll","background-type":"","background-media":"","overlay-type":"","overlay-color":"","overlay-opacity":"","overlay-gradient":""},"tablet":{"background-color":"var(--ast-global-color-5)","background-image":"","background-repeat":"repeat","background-position":"center center","background-size":"auto","background-attachment":"scroll","background-type":"","background-media":"","overlay-type":"","overlay-color":"","overlay-opacity":"","overlay-gradient":""},"mobile":{"background-color":"var(--ast-global-color-5)","background-image":"","background-repeat":"repeat","background-position":"center center","background-size":"auto","background-attachment":"scroll","background-type":"","background-media":"","overlay-type":"","overlay-color":"","overlay-opacity":"","overlay-gradient":""}}},"product_brand":[],"product_cat":[3985],"product_tag":[],"actividad":[3713],"ubicacion":[],"class_list":{"0":"post-38260","1":"product","2":"type-product","3":"status-publish","4":"has-post-thumbnail","6":"product_cat-dance","7":"actividad-dance","8":"desktop-align-left","9":"tablet-align-left","10":"mobile-align-left","11":"tm-no-options","13":"first","14":"instock","15":"virtual","16":"purchasable","17":"product-type-simple"},"booking_location":null,"booking_location_type":null,"booking_duration":null,"booking_duration_unit":null,"booking_buffer":null,"booking_cost":null,"booking_resources":null,"_links":{"self":[{"href":"https:\/\/mexplor.co\/es\/wp-json\/wp\/v2\/product\/38260","targetHints":{"allow":["GET"]}}],"collection":[{"href":"https:\/\/mexplor.co\/es\/wp-json\/wp\/v2\/product"}],"about":[{"href":"https:\/\/mexplor.co\/es\/wp-json\/wp\/v2\/types\/product"}],"replies":[{"embeddable":true,"href":"https:\/\/mexplor.co\/es\/wp-json\/wp\/v2\/comments?post=38260"}],"version-history":[{"count":0,"href":"https:\/\/mexplor.co\/es\/wp-json\/wp\/v2\/product\/38260\/revisions"}],"wp:featuredmedia":[{"embeddable":true,"href":"https:\/\/mexplor.co\/es\/wp-json\/wp\/v2\/media\/36436"}],"wp:attachment":[{"href":"https:\/\/mexplor.co\/es\/wp-json\/wp\/v2\/media?parent=38260"}],"wp:term":[{"taxonomy":"product_brand","embeddable":true,"href":"https:\/\/mexplor.co\/es\/wp-json\/wp\/v2\/product_brand?post=38260"},{"taxonomy":"product_cat","embeddable":true,"href":"https:\/\/mexplor.co\/es\/wp-json\/wp\/v2\/product_cat?post=38260"},{"taxonomy":"product_tag","embeddable":true,"href":"https:\/\/mexplor.co\/es\/wp-json\/wp\/v2\/product_tag?post=38260"},{"taxonomy":"actividad","embeddable":true,"href":"https:\/\/mexplor.co\/es\/wp-json\/wp\/v2\/actividad?post=38260"},{"taxonomy":"ubicacion","embeddable":true,"href":"https:\/\/mexplor.co\/es\/wp-json\/wp\/v2\/ubicacion?post=38260"}],"curies":[{"name":"wp","href":"https:\/\/api.w.org\/{rel}","templated":true}]}}