{"id":38261,"date":"2025-10-08T02:33:16","date_gmt":"2025-10-08T07:33:16","guid":{"rendered":"https:\/\/mexplor.co\/?post_type=product&#038;p=38261"},"modified":"2025-11-19T13:03:32","modified_gmt":"2025-11-19T18:03:32","slug":"salsa-nights-playa-del-carmen","status":"publish","type":"product","link":"https:\/\/mexplor.co\/es\/salsa-nights-playa-del-carmen\/","title":{"rendered":"Salsa Nights Playa del Carmen"},"content":{"rendered":"<p>Noches de salsa los lunes en Playa del Carmen<br \/>\nTodos los lunes, se celebra la noche social de salsa en un bar local en el coraz\u00f3n de Playa del Carmen. A la comunidad salsera le encanta este lugar, donde el DJ pincha salsa, bachata, kizomba, timba y zouk.<\/p>\n<p>Clase: comienza a las 8 p. m.<br \/>\nSocial: comienza a las 9 p. m. y termina alrededor de las 12 p. m. o m\u00e1s tarde.<br \/>\nNoches de salsa los mi\u00e9rcoles en Playa del Carmen<br \/>\nTodos los mi\u00e9rcoles, la noche social de salsa se celebra en una incre\u00edble azotea de hotel en el coraz\u00f3n de Playa del Carmen. A la comunidad salsera le encanta este lugar, donde el DJ pincha salsa, bachata, kizomba, timba y zouk.<\/p>\n<p>Clase: comienza a las 8 p. m.<br \/>\nSocial: comienza a las 9 p. m. y termina alrededor de las 12 p. m. o m\u00e1s tarde.<br \/>\nNoches de salsa los viernes en Playa del Carmen<br \/>\nTodos los viernes, las noches sociales de salsa suelen celebrarse en un lugar c\u00e9ntrico de Playa del Carmen. Los DJ pinchan bachata, salsa, timba y, a veces, kizomba, y casi siempre hay un peque\u00f1o espect\u00e1culo.<\/p>\n<p>Clase: comienza a las 8 p. m.<br \/>\nSocial: comienza a las 9 p. m. y termina alrededor de las 12 p. m.<br \/>\nNoches de salsa los s\u00e1bados en Playa del Carmen<br \/>\nLas noches de salsa de los s\u00e1bados son sin duda las m\u00e1s importantes. Normalmente se celebran en un lugar c\u00e9ntrico de Playa del Carmen, con espect\u00e1culos y una fant\u00e1stica mezcla de bachata, salsa, timba y kizomba.<\/p>\n<p>Clase: comienza a las 8 p. m.<br \/>\nSocial: comienza a las 9 p. m. y termina alrededor de las 12 p. m.<\/p>","protected":false},"excerpt":{"rendered":"<p>\u00a1Es hora de las locas noches de salsa en Playa del Carmen! Si te est\u00e1s preguntando d\u00f3nde bailar salsa y bachata en Playa del Carmen, este es el lugar adecuado para descubrirlo.<\/p>\n<p>Playa del Carmen tiene una animada escena musical y se puede salir a bailar salsa y bachata casi todos los d\u00edas de la semana. Los lugares suelen cambiar y se confirman unos d\u00edas antes del evento.<\/p>\n<p>INFORMACI\u00d3N IMPORTANTE<\/p>\n<ul>\n<li>En caso de cancelaci\u00f3n de un evento por lluvias u otra raz\u00f3n, puede posponerlo u obtener un reembolso.<\/li>\n<li>No se realizar\u00e1 ning\u00fan reembolso si no puedes asistir al evento.<\/li>\n<li>La ubicaci\u00f3n del evento se comunicar\u00e1 inmediatamente despu\u00e9s de la compra.<\/li>\n<\/ul>\n<p>\u00bfListo para ir a bailar?<\/p>","protected":false},"featured_media":36434,"comment_status":"closed","ping_status":"closed","template":"","meta":{"site-sidebar-layout":"default","site-content-layout":"","ast-site-content-layout":"default","site-content-style":"default","site-sidebar-style":"default","ast-global-header-display":"","ast-banner-title-visibility":"","ast-main-header-display":"","ast-hfb-above-header-display":"","ast-hfb-below-header-display":"","ast-hfb-mobile-header-display":"","site-post-title":"","ast-breadcrumbs-content":"","ast-featured-img":"","footer-sml-layout":"","ast-disable-related-posts":"","theme-transparent-header-meta":"default","adv-header-id-meta":"","stick-header-meta":"","header-above-stick-meta":"","header-main-stick-meta":"","header-below-stick-meta":"","astra-migrate-meta-layouts":"set","ast-page-background-enabled":"default","ast-page-background-meta":{"desktop":{"background-color":"","background-image":"","background-repeat":"repeat","background-position":"center center","background-size":"auto","background-attachment":"scroll","background-type":"","background-media":"","overlay-type":"","overlay-color":"","overlay-opacity":"","overlay-gradient":""},"tablet":{"background-color":"","background-image":"","background-repeat":"repeat","background-position":"center center","background-size":"auto","background-attachment":"scroll","background-type":"","background-media":"","overlay-type":"","overlay-color":"","overlay-opacity":"","overlay-gradient":""},"mobile":{"background-color":"","background-image":"","background-repeat":"repeat","background-position":"center center","background-size":"auto","background-attachment":"scroll","background-type":"","background-media":"","overlay-type":"","overlay-color":"","overlay-opacity":"","overlay-gradient":""}},"ast-content-background-meta":{"desktop":{"background-color":"var(--ast-global-color-5)","background-image":"","background-repeat":"repeat","background-position":"center center","background-size":"auto","background-attachment":"scroll","background-type":"","background-media":"","overlay-type":"","overlay-color":"","overlay-opacity":"","overlay-gradient":""},"tablet":{"background-color":"var(--ast-global-color-5)","background-image":"","background-repeat":"repeat","background-position":"center center","background-size":"auto","background-attachment":"scroll","background-type":"","background-media":"","overlay-type":"","overlay-color":"","overlay-opacity":"","overlay-gradient":""},"mobile":{"background-color":"var(--ast-global-color-5)","background-image":"","background-repeat":"repeat","background-position":"center center","background-size":"auto","background-attachment":"scroll","background-type":"","background-media":"","overlay-type":"","overlay-color":"","overlay-opacity":"","overlay-gradient":""}}},"product_brand":[],"product_cat":[3985],"product_tag":[],"actividad":[],"ubicacion":[],"class_list":{"0":"post-38261","1":"product","2":"type-product","3":"status-publish","4":"has-post-thumbnail","6":"product_cat-dance","7":"desktop-align-left","8":"tablet-align-left","9":"mobile-align-left","10":"tm-no-options","12":"first","13":"instock","14":"shipping-taxable","15":"product-type-simple"},"booking_location":null,"booking_location_type":null,"booking_duration":null,"booking_duration_unit":null,"booking_buffer":null,"booking_cost":null,"booking_resources":null,"_links":{"self":[{"href":"https:\/\/mexplor.co\/es\/wp-json\/wp\/v2\/product\/38261","targetHints":{"allow":["GET"]}}],"collection":[{"href":"https:\/\/mexplor.co\/es\/wp-json\/wp\/v2\/product"}],"about":[{"href":"https:\/\/mexplor.co\/es\/wp-json\/wp\/v2\/types\/product"}],"replies":[{"embeddable":true,"href":"https:\/\/mexplor.co\/es\/wp-json\/wp\/v2\/comments?post=38261"}],"version-history":[{"count":0,"href":"https:\/\/mexplor.co\/es\/wp-json\/wp\/v2\/product\/38261\/revisions"}],"wp:featuredmedia":[{"embeddable":true,"href":"https:\/\/mexplor.co\/es\/wp-json\/wp\/v2\/media\/36434"}],"wp:attachment":[{"href":"https:\/\/mexplor.co\/es\/wp-json\/wp\/v2\/media?parent=38261"}],"wp:term":[{"taxonomy":"product_brand","embeddable":true,"href":"https:\/\/mexplor.co\/es\/wp-json\/wp\/v2\/product_brand?post=38261"},{"taxonomy":"product_cat","embeddable":true,"href":"https:\/\/mexplor.co\/es\/wp-json\/wp\/v2\/product_cat?post=38261"},{"taxonomy":"product_tag","embeddable":true,"href":"https:\/\/mexplor.co\/es\/wp-json\/wp\/v2\/product_tag?post=38261"},{"taxonomy":"actividad","embeddable":true,"href":"https:\/\/mexplor.co\/es\/wp-json\/wp\/v2\/actividad?post=38261"},{"taxonomy":"ubicacion","embeddable":true,"href":"https:\/\/mexplor.co\/es\/wp-json\/wp\/v2\/ubicacion?post=38261"}],"curies":[{"name":"wp","href":"https:\/\/api.w.org\/{rel}","templated":true}]}}