{"id":38460,"date":"2025-10-10T13:36:34","date_gmt":"2025-10-10T18:36:34","guid":{"rendered":"https:\/\/mexplor.co\/?post_type=product&#038;p=38460"},"modified":"2025-12-05T17:49:24","modified_gmt":"2025-12-05T22:49:24","slug":"spearfishing","status":"publish","type":"product","link":"https:\/\/mexplor.co\/es\/spearfishing\/","title":{"rendered":"Spearfishing"},"content":{"rendered":"<p data-start=\"897\" data-end=\"919\">Qu\u00e9 incluye:<\/p>\n<ul data-start=\"920\" data-end=\"1551\">\n<li data-start=\"920\" data-end=\"1008\">\n<p data-start=\"922\" data-end=\"1008\">Sesi\u00f3n informativa y orientaci\u00f3n sobre seguridad: seguridad con el arp\u00f3n, conceptos b\u00e1sicos del buceo libre, normativa local.<\/p>\n<\/li>\n<li data-start=\"1009\" data-end=\"1156\">\n<p data-start=\"1011\" data-end=\"1156\">Equipo completo de pesca submarina: m\u00e1scara, aletas o monoaleta, tubo, lastres\/cintur\u00f3n de lastre, traje de neopreno (si es necesario), guantes, fusil(es) de tama\u00f1o\/marca adecuados.<\/p>\n<\/li>\n<li data-start=\"1157\" data-end=\"1240\">\n<p data-start=\"1159\" data-end=\"1240\">Gu\u00edas especializados en pesca submarina y buceo libre, adem\u00e1s de un capit\u00e1n y una tripulaci\u00f3n.<\/p>\n<\/li>\n<li data-start=\"1241\" data-end=\"1308\">\n<p data-start=\"1243\" data-end=\"1308\">Paseo en barco desde el puerto deportivo hasta los lugares de pesca: arrecifes o aguas m\u00e1s profundas.<\/p>\n<\/li>\n<li data-start=\"1309\" data-end=\"1362\">\n<p data-start=\"1311\" data-end=\"1362\">Uso de l\u00edneas flotantes, boyas y banderas de buceo para mayor seguridad.<\/p>\n<\/li>\n<li data-start=\"1363\" data-end=\"1441\">\n<p data-start=\"1365\" data-end=\"1441\">Comida y bebida: agua, refrescos, aperitivos; a veces almuerzo, dependiendo de la duraci\u00f3n.<\/p>\n<\/li>\n<li data-start=\"1442\" data-end=\"1485\">\n<p data-start=\"1444\" data-end=\"1485\">Permiso\/licencia seg\u00fan lo exija la legislaci\u00f3n local.<\/p>\n<\/li>\n<li data-start=\"1486\" data-end=\"1551\">\n<p data-start=\"1488\" data-end=\"1551\">Limpieza de la captura (si lo permiten las normas y el entorno)<\/p>\n<\/li>\n<\/ul>\n<p data-start=\"1553\" data-end=\"1579\">Lo que no est\u00e1 incluido:<\/p>\n<ul data-start=\"1580\" data-end=\"1885\">\n<li data-start=\"1580\" data-end=\"1612\">\n<p data-start=\"1582\" data-end=\"1612\">Propinas para la tripulaci\u00f3n\/gu\u00edas<\/p>\n<\/li>\n<li data-start=\"1613\" data-end=\"1717\">\n<p data-start=\"1615\" data-end=\"1717\">Equipo personal adicional al proporcionado (por ejemplo, computadora de buceo libre de alta gama, fusil propio si se prefiere).<\/p>\n<\/li>\n<li data-start=\"1718\" data-end=\"1756\">\n<p data-start=\"1720\" data-end=\"1756\">Traslados al hotel (a menos que se especifique lo contrario)<\/p>\n<\/li>\n<li data-start=\"1757\" data-end=\"1799\">\n<p data-start=\"1759\" data-end=\"1799\">Comidas adicionales a las que se proporcionan a bordo.<\/p>\n<\/li>\n<li data-start=\"1800\" data-end=\"1885\">\n<p data-start=\"1802\" data-end=\"1885\">Cualquier costo adicional por la exportaci\u00f3n de pescado o el manejo especial si desea llevarse pescado a casa.<\/p>\n<\/li>\n<\/ul>\n<p data-start=\"1887\" data-end=\"1919\">Duraci\u00f3n y formato t\u00edpico:<\/p>\n<ul data-start=\"1920\" data-end=\"2105\">\n<li data-start=\"1920\" data-end=\"1974\">\n<p data-start=\"1922\" data-end=\"1974\">Excursiones de medio d\u00eda (\u2248 4 horas) o de d\u00eda completo (\u2248 8 horas)<\/p>\n<\/li>\n<li data-start=\"1975\" data-end=\"2105\">\n<p data-start=\"1977\" data-end=\"2105\">Comienza con una sesi\u00f3n informativa, entrenamiento en superficie o pr\u00e1ctica en aguas poco profundas (especialmente para principiantes), para luego pasar a zonas de arrecifes o aguas azules.<\/p>\n<\/li>\n<\/ul>","protected":false},"excerpt":{"rendered":"<p>Vive la emoci\u00f3n de la pesca submarina con nuestra Aventura de Spearfishing. Ideal para quienes buscan adrenalina al acechar peces en el arrecife o adentrarse en mar abierto para encontrar especies pel\u00e1gicas. Ya seas principiante o tengas experiencia, adaptamos el tour a tu nivel. Explora arrecifes vibrantes, aguas cristalinas y una abundante vida marina.<\/p>\n<p>Availability:<br data-start=\"611\" data-end=\"614\" \/>Please note that our fishing experiences are exclusively available in Puerto Morelos and Playa del Carmen. These two locations offer calm waters, abundant marine life, and ideal conditions for a successful and enjoyable trip.<\/p>\n<p>Consulte los precios en la descripci\u00f3n.<\/p>\n<p>Precios por persona<\/p>","protected":false},"featured_media":16144,"comment_status":"closed","ping_status":"closed","template":"","meta":{"site-sidebar-layout":"default","site-content-layout":"","ast-site-content-layout":"default","site-content-style":"default","site-sidebar-style":"default","ast-global-header-display":"","ast-banner-title-visibility":"","ast-main-header-display":"","ast-hfb-above-header-display":"","ast-hfb-below-header-display":"","ast-hfb-mobile-header-display":"","site-post-title":"","ast-breadcrumbs-content":"","ast-featured-img":"","footer-sml-layout":"","ast-disable-related-posts":"","theme-transparent-header-meta":"default","adv-header-id-meta":"","stick-header-meta":"","header-above-stick-meta":"","header-main-stick-meta":"","header-below-stick-meta":"","astra-migrate-meta-layouts":"set","ast-page-background-enabled":"default","ast-page-background-meta":{"desktop":{"background-color":"","background-image":"","background-repeat":"repeat","background-position":"center center","background-size":"auto","background-attachment":"scroll","background-type":"","background-media":"","overlay-type":"","overlay-color":"","overlay-opacity":"","overlay-gradient":""},"tablet":{"background-color":"","background-image":"","background-repeat":"repeat","background-position":"center center","background-size":"auto","background-attachment":"scroll","background-type":"","background-media":"","overlay-type":"","overlay-color":"","overlay-opacity":"","overlay-gradient":""},"mobile":{"background-color":"","background-image":"","background-repeat":"repeat","background-position":"center center","background-size":"auto","background-attachment":"scroll","background-type":"","background-media":"","overlay-type":"","overlay-color":"","overlay-opacity":"","overlay-gradient":""}},"ast-content-background-meta":{"desktop":{"background-color":"var(--ast-global-color-5)","background-image":"","background-repeat":"repeat","background-position":"center center","background-size":"auto","background-attachment":"scroll","background-type":"","background-media":"","overlay-type":"","overlay-color":"","overlay-opacity":"","overlay-gradient":""},"tablet":{"background-color":"var(--ast-global-color-5)","background-image":"","background-repeat":"repeat","background-position":"center center","background-size":"auto","background-attachment":"scroll","background-type":"","background-media":"","overlay-type":"","overlay-color":"","overlay-opacity":"","overlay-gradient":""},"mobile":{"background-color":"var(--ast-global-color-5)","background-image":"","background-repeat":"repeat","background-position":"center center","background-size":"auto","background-attachment":"scroll","background-type":"","background-media":"","overlay-type":"","overlay-color":"","overlay-opacity":"","overlay-gradient":""}}},"product_brand":[],"product_cat":[1451],"product_tag":[],"actividad":[3705],"ubicacion":[],"class_list":{"0":"post-38460","1":"product","2":"type-product","3":"status-publish","4":"has-post-thumbnail","6":"product_cat-fishing","7":"actividad-fishing-en","8":"desktop-align-left","9":"tablet-align-left","10":"mobile-align-left","11":"tm-has-options","13":"first","14":"instock","15":"sold-individually","16":"shipping-taxable","17":"purchasable","18":"product-type-booking"},"booking_location":"","booking_location_type":"","booking_duration":1,"booking_duration_unit":"day","booking_buffer":0,"booking_cost":0,"booking_resources":[],"_links":{"self":[{"href":"https:\/\/mexplor.co\/es\/wp-json\/wp\/v2\/product\/38460","targetHints":{"allow":["GET"]}}],"collection":[{"href":"https:\/\/mexplor.co\/es\/wp-json\/wp\/v2\/product"}],"about":[{"href":"https:\/\/mexplor.co\/es\/wp-json\/wp\/v2\/types\/product"}],"replies":[{"embeddable":true,"href":"https:\/\/mexplor.co\/es\/wp-json\/wp\/v2\/comments?post=38460"}],"version-history":[{"count":3,"href":"https:\/\/mexplor.co\/es\/wp-json\/wp\/v2\/product\/38460\/revisions"}],"predecessor-version":[{"id":38474,"href":"https:\/\/mexplor.co\/es\/wp-json\/wp\/v2\/product\/38460\/revisions\/38474"}],"wp:featuredmedia":[{"embeddable":true,"href":"https:\/\/mexplor.co\/es\/wp-json\/wp\/v2\/media\/16144"}],"wp:attachment":[{"href":"https:\/\/mexplor.co\/es\/wp-json\/wp\/v2\/media?parent=38460"}],"wp:term":[{"taxonomy":"product_brand","embeddable":true,"href":"https:\/\/mexplor.co\/es\/wp-json\/wp\/v2\/product_brand?post=38460"},{"taxonomy":"product_cat","embeddable":true,"href":"https:\/\/mexplor.co\/es\/wp-json\/wp\/v2\/product_cat?post=38460"},{"taxonomy":"product_tag","embeddable":true,"href":"https:\/\/mexplor.co\/es\/wp-json\/wp\/v2\/product_tag?post=38460"},{"taxonomy":"actividad","embeddable":true,"href":"https:\/\/mexplor.co\/es\/wp-json\/wp\/v2\/actividad?post=38460"},{"taxonomy":"ubicacion","embeddable":true,"href":"https:\/\/mexplor.co\/es\/wp-json\/wp\/v2\/ubicacion?post=38460"}],"curies":[{"name":"wp","href":"https:\/\/api.w.org\/{rel}","templated":true}]}}