{"id":38539,"date":"2025-10-15T12:14:04","date_gmt":"2025-10-15T17:14:04","guid":{"rendered":"https:\/\/mexplor.co\/?post_type=product&#038;p=38539"},"modified":"2026-01-31T15:49:24","modified_gmt":"2026-01-31T20:49:24","slug":"1st-snorkeling-experience","status":"publish","type":"product","link":"https:\/\/mexplor.co\/es\/1st-snorkeling-experience\/","title":{"rendered":"Primera experiencia de buceo:"},"content":{"rendered":"<p>Aunque es relativamente sencillo, los buceadores principiantes deben saber c\u00f3mo manejar su m\u00e1scara y su tubo, especialmente para saber c\u00f3mo vaciarlos en caso de que entre agua en ellos. Se trata de una habilidad esencial, ya que las olas o las salpicaduras pueden hacer que entre agua en el extremo abierto del tubo, y las m\u00e1scaras pueden desarrollar peque\u00f1as fugas mientras se est\u00e1 en el agua. Tener la m\u00e1scara o el tubo llenos de agua puede ser una experiencia molesta, por lo que los snorkelers deben sentirse c\u00f3modos con el proceso de vaciarlos.<\/p>\n<p>&nbsp;<\/p>\n<p>El siguiente paso para aprender los fundamentos del esn\u00f3rquel es practicar en aguas abiertas, donde no se puede tocar el fondo. Para ello, contar\u00e1 con la ayuda de nuestro amable y paciente gu\u00eda, que le permitir\u00e1 empezar a disfrutar de sus primeras vistas del mundo submarino lo antes posible, sin frustraciones, miedos ni fatiga. \u00a1En un par de horas dominar\u00e1 estas habilidades!<\/p>\n<p>Gu\u00eda Certificado ense\u00f1ando snorkel por 9 a\u00f1os. (Buzo Certificado en Rescate, Buzo de Apnea Certificado)<\/p>\n<p>Incluye:<\/p>\n<p>&nbsp;<\/p>\n<p>* Teor\u00eda<br \/>\n* Practica en Alberca<br \/>\n* Practica en Mar<\/p>\n<p>Extras:<br \/>\n* Renta de Equipo<br \/>\n* fotograf\u00eda<br \/>\n* Entradas Parques, Cenote<\/p>\n<p>Traer:<\/p>\n<p>* Camisa manga larga de preferencia<br \/>\n* Gorra<br \/>\n* Equipo si cuenta con el<br \/>\n* Agua<br \/>\n* Toalla<br \/>\n* Cambio de ropa<br \/>\n* Sandalias<\/p>","protected":false},"excerpt":{"rendered":"<p>\u00bfSiempre hab\u00edas querido hacerlo, pero necesitabas a un experto para sentirte m\u00e1s segur@?<\/p>\n<p>Te daremos una clase te\u00f3rica, despu\u00e9s haremos unas pr\u00e1cticas en alberca, as\u00ed podemos ver y revisar lo que sabes (no es necesario saber nadar). Despu\u00e9s te ense\u00f1aremos un mundo hermoso debajo del agua ya sea en el mar, si aun quieres m\u00e1s podemos hacerlo en cenotes.<\/p>","protected":false},"featured_media":37261,"comment_status":"closed","ping_status":"closed","template":"","meta":{"site-sidebar-layout":"default","site-content-layout":"","ast-site-content-layout":"default","site-content-style":"default","site-sidebar-style":"default","ast-global-header-display":"","ast-banner-title-visibility":"","ast-main-header-display":"","ast-hfb-above-header-display":"","ast-hfb-below-header-display":"","ast-hfb-mobile-header-display":"","site-post-title":"","ast-breadcrumbs-content":"","ast-featured-img":"","footer-sml-layout":"","ast-disable-related-posts":"","theme-transparent-header-meta":"default","adv-header-id-meta":"","stick-header-meta":"","header-above-stick-meta":"","header-main-stick-meta":"","header-below-stick-meta":"","astra-migrate-meta-layouts":"set","ast-page-background-enabled":"default","ast-page-background-meta":{"desktop":{"background-color":"","background-image":"","background-repeat":"repeat","background-position":"center center","background-size":"auto","background-attachment":"scroll","background-type":"","background-media":"","overlay-type":"","overlay-color":"","overlay-opacity":"","overlay-gradient":""},"tablet":{"background-color":"","background-image":"","background-repeat":"repeat","background-position":"center center","background-size":"auto","background-attachment":"scroll","background-type":"","background-media":"","overlay-type":"","overlay-color":"","overlay-opacity":"","overlay-gradient":""},"mobile":{"background-color":"","background-image":"","background-repeat":"repeat","background-position":"center center","background-size":"auto","background-attachment":"scroll","background-type":"","background-media":"","overlay-type":"","overlay-color":"","overlay-opacity":"","overlay-gradient":""}},"ast-content-background-meta":{"desktop":{"background-color":"var(--ast-global-color-5)","background-image":"","background-repeat":"repeat","background-position":"center center","background-size":"auto","background-attachment":"scroll","background-type":"","background-media":"","overlay-type":"","overlay-color":"","overlay-opacity":"","overlay-gradient":""},"tablet":{"background-color":"var(--ast-global-color-5)","background-image":"","background-repeat":"repeat","background-position":"center center","background-size":"auto","background-attachment":"scroll","background-type":"","background-media":"","overlay-type":"","overlay-color":"","overlay-opacity":"","overlay-gradient":""},"mobile":{"background-color":"var(--ast-global-color-5)","background-image":"","background-repeat":"repeat","background-position":"center center","background-size":"auto","background-attachment":"scroll","background-type":"","background-media":"","overlay-type":"","overlay-color":"","overlay-opacity":"","overlay-gradient":""}}},"product_brand":[],"product_cat":[3963],"product_tag":[],"actividad":[3673],"ubicacion":[],"class_list":{"0":"post-38539","1":"product","2":"type-product","3":"status-publish","4":"has-post-thumbnail","6":"product_cat-snorkel","7":"actividad-snorkel","8":"desktop-align-left","9":"tablet-align-left","10":"mobile-align-left","11":"tm-no-options","13":"first","14":"instock","15":"sold-individually","16":"shipping-taxable","17":"purchasable","18":"product-type-booking"},"booking_location":"","booking_location_type":"","booking_duration":1,"booking_duration_unit":"day","booking_buffer":0,"booking_cost":1500,"booking_resources":[],"_links":{"self":[{"href":"https:\/\/mexplor.co\/es\/wp-json\/wp\/v2\/product\/38539","targetHints":{"allow":["GET"]}}],"collection":[{"href":"https:\/\/mexplor.co\/es\/wp-json\/wp\/v2\/product"}],"about":[{"href":"https:\/\/mexplor.co\/es\/wp-json\/wp\/v2\/types\/product"}],"replies":[{"embeddable":true,"href":"https:\/\/mexplor.co\/es\/wp-json\/wp\/v2\/comments?post=38539"}],"version-history":[{"count":2,"href":"https:\/\/mexplor.co\/es\/wp-json\/wp\/v2\/product\/38539\/revisions"}],"predecessor-version":[{"id":40177,"href":"https:\/\/mexplor.co\/es\/wp-json\/wp\/v2\/product\/38539\/revisions\/40177"}],"wp:featuredmedia":[{"embeddable":true,"href":"https:\/\/mexplor.co\/es\/wp-json\/wp\/v2\/media\/37261"}],"wp:attachment":[{"href":"https:\/\/mexplor.co\/es\/wp-json\/wp\/v2\/media?parent=38539"}],"wp:term":[{"taxonomy":"product_brand","embeddable":true,"href":"https:\/\/mexplor.co\/es\/wp-json\/wp\/v2\/product_brand?post=38539"},{"taxonomy":"product_cat","embeddable":true,"href":"https:\/\/mexplor.co\/es\/wp-json\/wp\/v2\/product_cat?post=38539"},{"taxonomy":"product_tag","embeddable":true,"href":"https:\/\/mexplor.co\/es\/wp-json\/wp\/v2\/product_tag?post=38539"},{"taxonomy":"actividad","embeddable":true,"href":"https:\/\/mexplor.co\/es\/wp-json\/wp\/v2\/actividad?post=38539"},{"taxonomy":"ubicacion","embeddable":true,"href":"https:\/\/mexplor.co\/es\/wp-json\/wp\/v2\/ubicacion?post=38539"}],"curies":[{"name":"wp","href":"https:\/\/api.w.org\/{rel}","templated":true}]}}