{"id":38782,"date":"2025-11-06T10:26:33","date_gmt":"2025-11-06T15:26:33","guid":{"rendered":"https:\/\/mexplor.co\/?post_type=product&#038;p=38782"},"modified":"2026-03-04T02:54:47","modified_gmt":"2026-03-04T07:54:47","slug":"snorkel-in-puerto-morelos","status":"publish","type":"product","link":"https:\/\/mexplor.co\/es\/snorkel-in-puerto-morelos\/","title":{"rendered":"Snorkel en Puerto Morelos"},"content":{"rendered":"<p data-start=\"639\" data-end=\"1027\">A solo unos pasos de la costa, Puerto Morelos alberga una de las secciones m\u00e1s impresionantes del Arrecife Mesoamericano, el segundo sistema arrecifal m\u00e1s grande del planeta. Este tranquilo pueblo pesquero ofrece el escenario perfecto para una experiencia de snorkel aut\u00e9ntica y espectacular.<\/p>\n<p data-start=\"1029\" data-end=\"1413\">Tu viaje comienza con un pintoresco paseo en barco por aguas cristalinas de color turquesa antes de llegar a dos sitios cuidadosamente seleccionados para practicar snorkel dentro del Parque Nacional del Arrecife, una zona protegida. Aqu\u00ed, el arrecife cobra vida bajo tus pies: vibrantes formaciones de coral, bancos de coloridos peces tropicales, rayas que se deslizan lentamente sobre el fondo arenoso y el suave ritmo del oc\u00e9ano que te da la bienvenida a su mundo.<\/p>\n<p data-start=\"1415\" data-end=\"1675\">La poca profundidad y las aguas calmadas hacen de Puerto Morelos un lugar ideal para principiantes, familias y quienes buscan una experiencia de snorkel relajada. Aun as\u00ed, la vida marina es tan abundante que incluso los snorkelers m\u00e1s experimentados quedan sorprendidos por lo cercano y vibrante que se siente el arrecife.<\/p>","protected":false},"excerpt":{"rendered":"<p>Descubre uno de los destinos de snorkel m\u00e1s vibrantes de la Riviera Maya. Nada sobre coloridos jardines de coral, encuentra peces tropicales y explora dos impresionantes sitios de arrecife dentro del Parque Nacional Arrecife de Puerto Morelos. Una aventura tranquila, segura e inolvidable para todas las edades.<\/p>\n<p>Incluye:<\/p>\n<p>Guia<br \/>\nEquipo de snorkel<\/p>\n<p>No incluye<br \/>\nFotos y Videos<br \/>\nPropinas y sin especificar<\/p>","protected":false},"featured_media":37619,"comment_status":"open","ping_status":"closed","template":"","meta":{"site-sidebar-layout":"default","site-content-layout":"","ast-site-content-layout":"default","site-content-style":"default","site-sidebar-style":"default","ast-global-header-display":"","ast-banner-title-visibility":"","ast-main-header-display":"","ast-hfb-above-header-display":"","ast-hfb-below-header-display":"","ast-hfb-mobile-header-display":"","site-post-title":"","ast-breadcrumbs-content":"","ast-featured-img":"","footer-sml-layout":"","ast-disable-related-posts":"","theme-transparent-header-meta":"default","adv-header-id-meta":"","stick-header-meta":"","header-above-stick-meta":"","header-main-stick-meta":"","header-below-stick-meta":"","astra-migrate-meta-layouts":"set","ast-page-background-enabled":"default","ast-page-background-meta":{"desktop":{"background-color":"","background-image":"","background-repeat":"repeat","background-position":"center center","background-size":"auto","background-attachment":"scroll","background-type":"","background-media":"","overlay-type":"","overlay-color":"","overlay-opacity":"","overlay-gradient":""},"tablet":{"background-color":"","background-image":"","background-repeat":"repeat","background-position":"center center","background-size":"auto","background-attachment":"scroll","background-type":"","background-media":"","overlay-type":"","overlay-color":"","overlay-opacity":"","overlay-gradient":""},"mobile":{"background-color":"","background-image":"","background-repeat":"repeat","background-position":"center center","background-size":"auto","background-attachment":"scroll","background-type":"","background-media":"","overlay-type":"","overlay-color":"","overlay-opacity":"","overlay-gradient":""}},"ast-content-background-meta":{"desktop":{"background-color":"var(--ast-global-color-5)","background-image":"","background-repeat":"repeat","background-position":"center center","background-size":"auto","background-attachment":"scroll","background-type":"","background-media":"","overlay-type":"","overlay-color":"","overlay-opacity":"","overlay-gradient":""},"tablet":{"background-color":"var(--ast-global-color-5)","background-image":"","background-repeat":"repeat","background-position":"center center","background-size":"auto","background-attachment":"scroll","background-type":"","background-media":"","overlay-type":"","overlay-color":"","overlay-opacity":"","overlay-gradient":""},"mobile":{"background-color":"var(--ast-global-color-5)","background-image":"","background-repeat":"repeat","background-position":"center center","background-size":"auto","background-attachment":"scroll","background-type":"","background-media":"","overlay-type":"","overlay-color":"","overlay-opacity":"","overlay-gradient":""}}},"product_brand":[],"product_cat":[617,3963],"product_tag":[],"actividad":[3673],"ubicacion":[1879],"class_list":{"0":"post-38782","1":"product","2":"type-product","3":"status-publish","4":"has-post-thumbnail","6":"product_cat-activities","7":"product_cat-snorkel","8":"actividad-snorkel","9":"ubicacion-puerto-morelos","10":"desktop-align-left","11":"tablet-align-left","12":"mobile-align-left","13":"tm-no-options","15":"first","16":"instock","17":"sold-individually","18":"shipping-taxable","19":"purchasable","20":"product-type-booking"},"booking_location":"","booking_location_type":"","booking_duration":1,"booking_duration_unit":"day","booking_buffer":0,"booking_cost":650,"booking_resources":[],"_links":{"self":[{"href":"https:\/\/mexplor.co\/es\/wp-json\/wp\/v2\/product\/38782","targetHints":{"allow":["GET"]}}],"collection":[{"href":"https:\/\/mexplor.co\/es\/wp-json\/wp\/v2\/product"}],"about":[{"href":"https:\/\/mexplor.co\/es\/wp-json\/wp\/v2\/types\/product"}],"replies":[{"embeddable":true,"href":"https:\/\/mexplor.co\/es\/wp-json\/wp\/v2\/comments?post=38782"}],"version-history":[{"count":1,"href":"https:\/\/mexplor.co\/es\/wp-json\/wp\/v2\/product\/38782\/revisions"}],"predecessor-version":[{"id":39316,"href":"https:\/\/mexplor.co\/es\/wp-json\/wp\/v2\/product\/38782\/revisions\/39316"}],"wp:featuredmedia":[{"embeddable":true,"href":"https:\/\/mexplor.co\/es\/wp-json\/wp\/v2\/media\/37619"}],"wp:attachment":[{"href":"https:\/\/mexplor.co\/es\/wp-json\/wp\/v2\/media?parent=38782"}],"wp:term":[{"taxonomy":"product_brand","embeddable":true,"href":"https:\/\/mexplor.co\/es\/wp-json\/wp\/v2\/product_brand?post=38782"},{"taxonomy":"product_cat","embeddable":true,"href":"https:\/\/mexplor.co\/es\/wp-json\/wp\/v2\/product_cat?post=38782"},{"taxonomy":"product_tag","embeddable":true,"href":"https:\/\/mexplor.co\/es\/wp-json\/wp\/v2\/product_tag?post=38782"},{"taxonomy":"actividad","embeddable":true,"href":"https:\/\/mexplor.co\/es\/wp-json\/wp\/v2\/actividad?post=38782"},{"taxonomy":"ubicacion","embeddable":true,"href":"https:\/\/mexplor.co\/es\/wp-json\/wp\/v2\/ubicacion?post=38782"}],"curies":[{"name":"wp","href":"https:\/\/api.w.org\/{rel}","templated":true}]}}