{"id":40583,"date":"2026-02-20T16:03:21","date_gmt":"2026-02-20T21:03:21","guid":{"rendered":"https:\/\/mexplor.co\/?post_type=product&#038;p=40583"},"modified":"2026-03-04T03:08:37","modified_gmt":"2026-03-04T08:08:37","slug":"2-bedroom-private-house-in-puerto-morelos","status":"publish","type":"product","link":"https:\/\/mexplor.co\/es\/2-bedroom-private-house-in-puerto-morelos\/","title":{"rendered":"Casa privada de 2 dormitorios en Puerto Morelos"},"content":{"rendered":"<div>\n<div>\n<p>Why choose this house<\/p>\n<\/div>\n<ul>\n<li>Maximum 6 guests for comfort and privacy<\/li>\n<li>2 bedrooms with a relaxed, natural atmosphere<\/li>\n<li>Quiet location surrounded by greenery<\/li>\n<li>Fully equipped kitchen and shared living areas<\/li>\n<li>Air conditioning in all rooms<\/li>\n<li>Ideal for short stays or longer retreats<\/li>\n<li>Easy access to Puerto Morelos, cenotes, and reef activities<\/li>\n<\/ul>\n<div>\n<p>This space is ideal for<\/p>\n<\/div>\n<ul>\n<li>Small groups or families looking for privacy<\/li>\n<li>Couples traveling together<\/li>\n<li>Nature-focused or slow-travel stays<\/li>\n<li>Guests combining accommodation with diving, snorkeling, or photography<\/li>\n<li>Travelers who prefer a calm home over busy hotels<\/li>\n<\/ul>\n<div>\n<p>\ud835\udc13\ud835\udc21\ud835\udc1e \ud835\udc12\ud835\udc29\ud835\udc1a\ud835\udc1c\ud835\udc1e<\/p>\n<\/div>\n<ul>\n<li>2 bedrooms<\/li>\n<li>2 full bathrooms<\/li>\n<li>1 fully equipped kitchen<\/li>\n<li>Dining room<\/li>\n<li>Living room<\/li>\n<li>Rooftop<\/li>\n<li>Terrace<\/li>\n<li>Patio \/ Garden<\/li>\n<\/ul>\n<div>\n<p>\ud835\udc05\ud835\udc2e\ud835\udc2b\ud835\udc27\ud835\udc22\ud835\udc2d\ud835\udc2e\ud835\udc2b\ud835\udc1e\ud835\udc2c<\/p>\n<\/div>\n<ul>\n<li>Doubles beds with side tables<\/li>\n<li>Closets<\/li>\n<li>Dining table and chairs<\/li>\n<li>Sofa<\/li>\n<li>Outdoor table and chairs<\/li>\n<li>Hammocks<\/li>\n<li>Coffee table<\/li>\n<\/ul>\n<div>\n<p>\ud835\udc04\ud835\udc2a\ud835\udc2e\ud835\udc22\ud835\udc29\ud835\udc26\ud835\udc1e\ud835\udc27\ud835\udc2d<\/p>\n<\/div>\n<ul>\n<li>TVs<\/li>\n<li>Alexas<\/li>\n<li>Solar Energy<\/li>\n<li>Internet Telcel<\/li>\n<li>Hight pression water<\/li>\n<li>Air conditioners<\/li>\n<li>Parking for 2 cars<\/li>\n<li>Fridge<\/li>\n<li>Coffee maker<\/li>\n<li>Gaz stove &amp; oven<\/li>\n<li>dining room<\/li>\n<li>solar panel<\/li>\n<li>electric stove<\/li>\n<li>air conditioner<\/li>\n<li>Microwave<\/li>\n<li>Washer &amp; dryer<\/li>\n<li>Barbecue on the rooftop<\/li>\n<li>Car (we can include in the rent the car for an extra fee)<\/li>\n<\/ul>\n<div>\n<p>\ud835\udc11\ud835\udc1e\ud835\udc2c\ud835\udc22\ud835\udc1d\ud835\udc1e\ud835\udc27\ud835\udc2d\ud835\udc22\ud835\udc1a\ud835\udc25 \ud835\udc00\ud835\udc0b\ud835\udc03\ud835\udc04\ud835\udc00 \ud835\udc0a\ud835\udc00\u00b4\ud835\udc00\ud835\udc0d<\/p>\n<\/div>\n<ul>\n<li>Security 24\/7<\/li>\n<li>Community pool<\/li>\n<li>Zen area<\/li>\n<li>Club house<\/li>\n<li>Pets Park<\/li>\n<li>Volleyball and basketball court<\/li>\n<li>Kids playground<\/li>\n<li>Gym<\/li>\n<\/ul>\n<div>\n<p>\ud835\udc03\ud835\udc22\ud835\udc2c\ud835\udc2d\ud835\udc1a\ud835\udc27\ud835\udc1c\ud835\udc1e\ud835\udc2c<\/p>\n<\/div>\n<ul>\n<li>Supermarket \u2013 10 min<\/li>\n<li>Beach \u2013 10 min<\/li>\n<li>Restaurants &amp; Bars \u2013 10 min<\/li>\n<li>Cancun Airport \u2013 20 min<\/li>\n<li>Playa del Carmen \u2013 35 min<\/li>\n<li>Cancun \u2013 40 min<\/li>\n<li>Xcaret \u2013 50 min<\/li>\n<\/ul>\n<\/div>","protected":false},"excerpt":{"rendered":"<div>\n<div>\n<p>Comodidad, naturaleza y privacidad: m\u00e1ximo 4 hu\u00e9spedes.<\/p>\n<\/div>\n<div>\n<p>Esta casa privada de dos rec\u00e1maras en Puerto Morelos es ideal para viajeros que buscan una estancia c\u00f3moda y tranquila rodeada de naturaleza. Dise\u00f1ada para grupos peque\u00f1os, la casa ofrece un ambiente relajado donde el descanso, la privacidad y la conexi\u00f3n con el entorno son lo primero.<\/p>\n<\/div>\n<div>\n<p>To maintain a high-quality experience, the house accommodates a maximum of 4 guests, allowing everyone to enjoy shared spaces comfortably without feeling crowded.<\/p>\n<\/div>\n<div>\n<p>Perfect for couples, friends, or travelers planning a calm getaway while staying close to the sea, cenotes, and the natural beauty of the Riviera Maya.<\/p>\n<\/div>\n<\/div>","protected":false},"featured_media":35338,"comment_status":"closed","ping_status":"closed","template":"","meta":{"site-sidebar-layout":"default","site-content-layout":"","ast-site-content-layout":"default","site-content-style":"default","site-sidebar-style":"default","ast-global-header-display":"","ast-banner-title-visibility":"","ast-main-header-display":"","ast-hfb-above-header-display":"","ast-hfb-below-header-display":"","ast-hfb-mobile-header-display":"","site-post-title":"","ast-breadcrumbs-content":"","ast-featured-img":"","footer-sml-layout":"","ast-disable-related-posts":"","theme-transparent-header-meta":"default","adv-header-id-meta":"","stick-header-meta":"","header-above-stick-meta":"","header-main-stick-meta":"","header-below-stick-meta":"","astra-migrate-meta-layouts":"set","ast-page-background-enabled":"default","ast-page-background-meta":{"desktop":{"background-color":"","background-image":"","background-repeat":"repeat","background-position":"center center","background-size":"auto","background-attachment":"scroll","background-type":"","background-media":"","overlay-type":"","overlay-color":"","overlay-opacity":"","overlay-gradient":""},"tablet":{"background-color":"","background-image":"","background-repeat":"repeat","background-position":"center center","background-size":"auto","background-attachment":"scroll","background-type":"","background-media":"","overlay-type":"","overlay-color":"","overlay-opacity":"","overlay-gradient":""},"mobile":{"background-color":"","background-image":"","background-repeat":"repeat","background-position":"center center","background-size":"auto","background-attachment":"scroll","background-type":"","background-media":"","overlay-type":"","overlay-color":"","overlay-opacity":"","overlay-gradient":""}},"ast-content-background-meta":{"desktop":{"background-color":"var(--ast-global-color-5)","background-image":"","background-repeat":"repeat","background-position":"center center","background-size":"auto","background-attachment":"scroll","background-type":"","background-media":"","overlay-type":"","overlay-color":"","overlay-opacity":"","overlay-gradient":""},"tablet":{"background-color":"var(--ast-global-color-5)","background-image":"","background-repeat":"repeat","background-position":"center center","background-size":"auto","background-attachment":"scroll","background-type":"","background-media":"","overlay-type":"","overlay-color":"","overlay-opacity":"","overlay-gradient":""},"mobile":{"background-color":"var(--ast-global-color-5)","background-image":"","background-repeat":"repeat","background-position":"center center","background-size":"auto","background-attachment":"scroll","background-type":"","background-media":"","overlay-type":"","overlay-color":"","overlay-opacity":"","overlay-gradient":""}}},"product_brand":[],"product_cat":[1888],"product_tag":[],"actividad":[],"ubicacion":[3669],"class_list":{"0":"post-40583","1":"product","2":"type-product","3":"status-publish","4":"has-post-thumbnail","6":"product_cat-store","7":"ubicacion-cabo-san-lucas","8":"desktop-align-left","9":"tablet-align-left","10":"mobile-align-left","11":"tm-no-options","13":"first","14":"outofstock","15":"shipping-taxable","16":"product-type-variable"},"booking_location":null,"booking_location_type":null,"booking_duration":null,"booking_duration_unit":null,"booking_buffer":null,"booking_cost":null,"booking_resources":null,"_links":{"self":[{"href":"https:\/\/mexplor.co\/es\/wp-json\/wp\/v2\/product\/40583","targetHints":{"allow":["GET"]}}],"collection":[{"href":"https:\/\/mexplor.co\/es\/wp-json\/wp\/v2\/product"}],"about":[{"href":"https:\/\/mexplor.co\/es\/wp-json\/wp\/v2\/types\/product"}],"replies":[{"embeddable":true,"href":"https:\/\/mexplor.co\/es\/wp-json\/wp\/v2\/comments?post=40583"}],"version-history":[{"count":3,"href":"https:\/\/mexplor.co\/es\/wp-json\/wp\/v2\/product\/40583\/revisions"}],"predecessor-version":[{"id":40790,"href":"https:\/\/mexplor.co\/es\/wp-json\/wp\/v2\/product\/40583\/revisions\/40790"}],"wp:featuredmedia":[{"embeddable":true,"href":"https:\/\/mexplor.co\/es\/wp-json\/wp\/v2\/media\/35338"}],"wp:attachment":[{"href":"https:\/\/mexplor.co\/es\/wp-json\/wp\/v2\/media?parent=40583"}],"wp:term":[{"taxonomy":"product_brand","embeddable":true,"href":"https:\/\/mexplor.co\/es\/wp-json\/wp\/v2\/product_brand?post=40583"},{"taxonomy":"product_cat","embeddable":true,"href":"https:\/\/mexplor.co\/es\/wp-json\/wp\/v2\/product_cat?post=40583"},{"taxonomy":"product_tag","embeddable":true,"href":"https:\/\/mexplor.co\/es\/wp-json\/wp\/v2\/product_tag?post=40583"},{"taxonomy":"actividad","embeddable":true,"href":"https:\/\/mexplor.co\/es\/wp-json\/wp\/v2\/actividad?post=40583"},{"taxonomy":"ubicacion","embeddable":true,"href":"https:\/\/mexplor.co\/es\/wp-json\/wp\/v2\/ubicacion?post=40583"}],"curies":[{"name":"wp","href":"https:\/\/api.w.org\/{rel}","templated":true}]}}