{"id":40632,"date":"2026-02-27T02:00:05","date_gmt":"2026-02-27T07:00:05","guid":{"rendered":"https:\/\/mexplor.co\/?post_type=product&#038;p=40632"},"modified":"2026-03-17T18:30:15","modified_gmt":"2026-03-17T23:30:15","slug":"dive-master-course","status":"publish","type":"product","link":"https:\/\/mexplor.co\/es\/dive-master-course\/","title":{"rendered":"Curso Dive Master"},"content":{"rendered":"<h1>\u00a0Start Your Professional Diving Career<\/h1>\n<p>&nbsp;<\/p>\n<p data-start=\"2716\" data-end=\"3010\">Despu\u00e9s de completar el curso, los Divemasters pueden trabajar en centros de buceo de todo el mundo, guiar a buzos certificados en visitas guiadas y desempe\u00f1ar un papel clave en la comunidad del buceo. Es la puerta de entrada para convertirse en instructor y representa un compromiso con la profesionalidad, la aventura y la conservaci\u00f3n del oc\u00e9ano.<\/p>\n<p data-start=\"2131\" data-end=\"2404\">El curso Divemaster es el primer nivel profesional en buceo, dise\u00f1ado para aquellos que desean convertir su pasi\u00f3n en una carrera. Como Divemaster certificado, te conviertes en l\u00edder y mentor, guiando a otros buzos y ayudando a los instructores durante las sesiones de entrenamiento.<\/p>\n<p data-start=\"2406\" data-end=\"2714\">Este completo programa desarrolla tus habilidades de buceo hasta alcanzar un nivel profesional, con especial \u00e9nfasis en la supervisi\u00f3n, la resoluci\u00f3n de problemas y el liderazgo. Perfeccionar\u00e1s t\u00e9cnicas avanzadas de rescate, aprender\u00e1s a organizar y dirigir actividades de buceo y adquirir\u00e1s experiencia pr\u00e1ctica trabajando con alumnos reales.<\/p>\n<p>Retrato submarino: compra tus fotos como recuerdo.<br \/>\nEstoy aqu\u00ed para ayudarte a crear retratos \u00fanicos e inolvidables que cuenten tu historia. Una sesi\u00f3n de fotos bajo el agua conmigo es mucho m\u00e1s que una simple sesi\u00f3n: es una experiencia personalizada dise\u00f1ada para celebrar tu belleza y crear recuerdos extraordinarios. Juntos transformaremos tus momentos favoritos en obras de arte que querr\u00e1s exhibir con orgullo en tu hogar.<\/p>\n<p>Nuestros Servicios:<\/p>\n<p>\u2013 Experiencia de sesi\u00f3n personalizada: Cada sesi\u00f3n se adapta a tu personalidad y a tus preferencias. Desde la idea inicial hasta la ejecuci\u00f3n, nos aseguramos de que tu sesi\u00f3n bajo el agua sea tan \u00fanica como t\u00fa.<\/p>\n<p>\u2013 Asesor\u00eda profesional: \u00bfNunca has posado frente a una c\u00e1mara bajo el agua? No te preocupes, nuestro equipo estar\u00e1 contigo para ayudarte en todo momento.<\/p>\n<p>&nbsp;<\/p>","protected":false},"excerpt":{"rendered":"<p>Convierte tu pasi\u00f3n en tu prop\u00f3sito. El curso Divemaster te invita a liderar, inspirar y vivir una vida guiada por las mareas. Es el comienzo de un viaje profesional en el que el oc\u00e9ano se convierte tanto en tu oficina como en tu musa.<\/p>\n<p>Incluye:<\/p>\n<ul>\n<li>4 inmersiones<\/li>\n<li>\u00a0Transporte Hotel iyv<\/li>\n<li>Agua y fruta en el barco<\/li>\n<li>Equipo completo<\/li>\n<li>Theoretical classes (e- learning), 2 inm in swimming pool<\/li>\n<li>5 hrs<\/li>\n<\/ul>\n<p>No incluye<strong>:<\/strong><\/p>\n<ul>\n<li>\u224820 USD (uso del muelle)<\/li>\n<li>Libro E- learning (1700 mxn)<\/li>\n<li>Transporte, tarifas de barco, acceso a los sitios de buceo o tarifas de entrada al parque.<\/li>\n<li>Comidas, alojamiento o gastos de viaje.<\/li>\n<li>Seguro (responsabilidad civil del buzo, accidente de buceo)<\/li>\n<\/ul>\n<p>&nbsp;<\/p>\n<p>Requisitos<\/p>\n<ul>\n<li>Licencia de buceo (o n\u00famero PADI)<\/li>\n<li>No volar durante las pr\u00f3ximas 18 horas.<\/li>\n<li>M\u00ednimo 12 a\u00f1os de edad.<\/li>\n<\/ul>\n<p>\u00a1Te ofrecemos un descuento en tu pr\u00f3ximo curso!<\/p>\n<p>Por favor, verifique el precio final en la casilla de verificaci\u00f3n de la ubicaci\u00f3n.<\/p>","protected":false},"featured_media":36740,"comment_status":"closed","ping_status":"closed","template":"","meta":{"site-sidebar-layout":"default","site-content-layout":"","ast-site-content-layout":"default","site-content-style":"default","site-sidebar-style":"default","ast-global-header-display":"","ast-banner-title-visibility":"","ast-main-header-display":"","ast-hfb-above-header-display":"","ast-hfb-below-header-display":"","ast-hfb-mobile-header-display":"","site-post-title":"","ast-breadcrumbs-content":"","ast-featured-img":"","footer-sml-layout":"","ast-disable-related-posts":"","theme-transparent-header-meta":"default","adv-header-id-meta":"","stick-header-meta":"","header-above-stick-meta":"","header-main-stick-meta":"","header-below-stick-meta":"","astra-migrate-meta-layouts":"set","ast-page-background-enabled":"default","ast-page-background-meta":{"desktop":{"background-color":"","background-image":"","background-repeat":"repeat","background-position":"center center","background-size":"auto","background-attachment":"scroll","background-type":"","background-media":"","overlay-type":"","overlay-color":"","overlay-opacity":"","overlay-gradient":""},"tablet":{"background-color":"","background-image":"","background-repeat":"repeat","background-position":"center center","background-size":"auto","background-attachment":"scroll","background-type":"","background-media":"","overlay-type":"","overlay-color":"","overlay-opacity":"","overlay-gradient":""},"mobile":{"background-color":"","background-image":"","background-repeat":"repeat","background-position":"center center","background-size":"auto","background-attachment":"scroll","background-type":"","background-media":"","overlay-type":"","overlay-color":"","overlay-opacity":"","overlay-gradient":""}},"ast-content-background-meta":{"desktop":{"background-color":"var(--ast-global-color-5)","background-image":"","background-repeat":"repeat","background-position":"center center","background-size":"auto","background-attachment":"scroll","background-type":"","background-media":"","overlay-type":"","overlay-color":"","overlay-opacity":"","overlay-gradient":""},"tablet":{"background-color":"var(--ast-global-color-5)","background-image":"","background-repeat":"repeat","background-position":"center center","background-size":"auto","background-attachment":"scroll","background-type":"","background-media":"","overlay-type":"","overlay-color":"","overlay-opacity":"","overlay-gradient":""},"mobile":{"background-color":"var(--ast-global-color-5)","background-image":"","background-repeat":"repeat","background-position":"center center","background-size":"auto","background-attachment":"scroll","background-type":"","background-media":"","overlay-type":"","overlay-color":"","overlay-opacity":"","overlay-gradient":""}}},"product_brand":[],"product_cat":[3981,1464,1888],"product_tag":[],"actividad":[3707,3701],"ubicacion":[4052,3693,4090],"class_list":{"0":"post-40632","1":"product","2":"type-product","3":"status-publish","4":"has-post-thumbnail","6":"product_cat-courses","7":"product_cat-scuba-diving","8":"product_cat-store","9":"actividad-courses-en","10":"actividad-scuba-diving","11":"ubicacion-cabo-pulmo","12":"ubicacion-mahahual-en","13":"ubicacion-valladolid","14":"desktop-align-left","15":"tablet-align-left","16":"mobile-align-left","17":"tm-has-options","19":"first","20":"instock","21":"sold-individually","22":"shipping-taxable","23":"purchasable","24":"product-type-booking"},"booking_location":"","booking_location_type":"","booking_duration":1,"booking_duration_unit":"day","booking_buffer":0,"booking_cost":0,"booking_resources":[],"_links":{"self":[{"href":"https:\/\/mexplor.co\/es\/wp-json\/wp\/v2\/product\/40632","targetHints":{"allow":["GET"]}}],"collection":[{"href":"https:\/\/mexplor.co\/es\/wp-json\/wp\/v2\/product"}],"about":[{"href":"https:\/\/mexplor.co\/es\/wp-json\/wp\/v2\/types\/product"}],"replies":[{"embeddable":true,"href":"https:\/\/mexplor.co\/es\/wp-json\/wp\/v2\/comments?post=40632"}],"version-history":[{"count":3,"href":"https:\/\/mexplor.co\/es\/wp-json\/wp\/v2\/product\/40632\/revisions"}],"predecessor-version":[{"id":41060,"href":"https:\/\/mexplor.co\/es\/wp-json\/wp\/v2\/product\/40632\/revisions\/41060"}],"wp:featuredmedia":[{"embeddable":true,"href":"https:\/\/mexplor.co\/es\/wp-json\/wp\/v2\/media\/36740"}],"wp:attachment":[{"href":"https:\/\/mexplor.co\/es\/wp-json\/wp\/v2\/media?parent=40632"}],"wp:term":[{"taxonomy":"product_brand","embeddable":true,"href":"https:\/\/mexplor.co\/es\/wp-json\/wp\/v2\/product_brand?post=40632"},{"taxonomy":"product_cat","embeddable":true,"href":"https:\/\/mexplor.co\/es\/wp-json\/wp\/v2\/product_cat?post=40632"},{"taxonomy":"product_tag","embeddable":true,"href":"https:\/\/mexplor.co\/es\/wp-json\/wp\/v2\/product_tag?post=40632"},{"taxonomy":"actividad","embeddable":true,"href":"https:\/\/mexplor.co\/es\/wp-json\/wp\/v2\/actividad?post=40632"},{"taxonomy":"ubicacion","embeddable":true,"href":"https:\/\/mexplor.co\/es\/wp-json\/wp\/v2\/ubicacion?post=40632"}],"curies":[{"name":"wp","href":"https:\/\/api.w.org\/{rel}","templated":true}]}}