{"id":40635,"date":"2026-02-27T02:09:29","date_gmt":"2026-02-27T07:09:29","guid":{"rendered":"https:\/\/mexplor.co\/?post_type=product&#038;p=40635"},"modified":"2026-03-17T18:29:29","modified_gmt":"2026-03-17T23:29:29","slug":"rescue-course","status":"publish","type":"product","link":"https:\/\/mexplor.co\/es\/rescue-course\/","title":{"rendered":"Curso Rescue"},"content":{"rendered":"<h1>Rescue Diver Course<\/h1>\n<p data-start=\"1797\" data-end=\"2061\">Convertirte en buzo de rescate no solo te convierte en un compa\u00f1ero de buceo m\u00e1s seguro, sino que tambi\u00e9n aumenta tu confianza en condiciones dif\u00edciles. A menudo se describe como el curso m\u00e1s exigente pero tambi\u00e9n el m\u00e1s divertido, ya que te prepara para mirar m\u00e1s all\u00e1 de ti mismo y preocuparte por los dem\u00e1s en la comunidad de buzos.<\/p>\n<p>&nbsp;<\/p>\n<p data-start=\"1208\" data-end=\"1499\">El curso Rescue Diver es una de las certificaciones de buceo m\u00e1s gratificantes, dise\u00f1ada para capacitar a los buzos en la prevenci\u00f3n y gesti\u00f3n de problemas en el agua. Este curso se centra en desarrollar una gran conciencia, capacidad para resolver problemas y habilidades de liderazgo, lo que te convertir\u00e1 en un buceador m\u00e1s responsable y seguro de s\u00ed mismo.<\/p>\n<p data-start=\"1501\" data-end=\"1795\">Aprender\u00e1s a reconocer y responder al estr\u00e9s en otros buceadores, a gestionar situaciones de emergencia y a prestar asistencia eficaz tanto bajo el agua como en la superficie. La formaci\u00f3n incluye t\u00e9cnicas de autorrescate, remolque de buzos cansados y manejo de situaciones de emergencia mediante pr\u00e1cticas realistas.<\/p>\n<p>Retrato submarino<br \/>\nEstoy aqu\u00ed para ayudarte a crear retratos \u00fanicos e inolvidables que cuenten tu historia. Una sesi\u00f3n de fotos bajo el agua conmigo es mucho m\u00e1s que una simple sesi\u00f3n: es una experiencia personalizada dise\u00f1ada para celebrar tu belleza y crear recuerdos extraordinarios. Juntos transformaremos tus momentos favoritos en obras de arte que querr\u00e1s exhibir con orgullo en tu hogar.<\/p>\n<p>Nuestros Servicios:<\/p>\n<p>\u2013 Experiencia de sesi\u00f3n personalizada: Cada sesi\u00f3n se adapta a tu personalidad y a tus preferencias. Desde la idea inicial hasta la ejecuci\u00f3n, nos aseguramos de que tu sesi\u00f3n bajo el agua sea tan \u00fanica como t\u00fa.<\/p>\n<p>\u2013 Asesor\u00eda profesional: \u00bfNunca has posado frente a una c\u00e1mara bajo el agua? No te preocupes, nuestro equipo estar\u00e1 contigo para ayudarte en todo momento.<\/p>","protected":false},"excerpt":{"rendered":"<p>El curso Rescue Diver te convierte en un aut\u00e9ntico guardi\u00e1n del mar. No se trata solo de aprender, sino de cuidar, proteger y convertirte en el buceador en el que los dem\u00e1s pueden confiar cuando m\u00e1s importa.<\/p>\n<p>Incluye:<\/p>\n<ul>\n<li>10 ejercicios de rescate<\/li>\n<li>2 escenarios de rescate<\/li>\n<li>2 inm en aguas abiertas<\/li>\n<li>Clases te\u00f3ricas, pr\u00e1cticas y manuales.<\/li>\n<li>Equipo completo<\/li>\n<li>Rescate: 2 o 3 d\u00edas<\/li>\n<li>1 inmersi\u00f3n en el mar<\/li>\n<li>Piscina y pr\u00e1cticas en tierra<\/li>\n<\/ul>\n<p>No incluye<strong>:<\/strong><\/p>\n<ul>\n<li>\u224820 USD (uso del muelle)<\/li>\n<li>Libro E- learning (1700 mxn)<\/li>\n<li>Transporte, tarifas de barco, acceso a los sitios de buceo o tarifas de entrada al parque.<\/li>\n<li>Comidas, alojamiento o gastos de viaje.<\/li>\n<li>Seguro (responsabilidad civil del buzo, accidente de buceo)<\/li>\n<\/ul>\n<p>&nbsp;<\/p>\n<p>Requisitos<\/p>\n<ul>\n<li>Licencia de buceo (o n\u00famero PADI)<\/li>\n<li>No volar durante las pr\u00f3ximas 18 horas.<\/li>\n<li>M\u00ednimo 12 a\u00f1os de edad.<\/li>\n<li>Certificado Advanced<\/li>\n<\/ul>\n<p>\u00a1Te ofrecemos un descuento en tu pr\u00f3ximo curso!<\/p>\n<p>Por favor, verifique el precio final en la casilla de verificaci\u00f3n de la ubicaci\u00f3n.<\/p>","protected":false},"featured_media":30828,"comment_status":"closed","ping_status":"closed","template":"","meta":{"site-sidebar-layout":"default","site-content-layout":"","ast-site-content-layout":"default","site-content-style":"default","site-sidebar-style":"default","ast-global-header-display":"","ast-banner-title-visibility":"","ast-main-header-display":"","ast-hfb-above-header-display":"","ast-hfb-below-header-display":"","ast-hfb-mobile-header-display":"","site-post-title":"","ast-breadcrumbs-content":"","ast-featured-img":"","footer-sml-layout":"","ast-disable-related-posts":"","theme-transparent-header-meta":"default","adv-header-id-meta":"","stick-header-meta":"","header-above-stick-meta":"","header-main-stick-meta":"","header-below-stick-meta":"","astra-migrate-meta-layouts":"set","ast-page-background-enabled":"default","ast-page-background-meta":{"desktop":{"background-color":"","background-image":"","background-repeat":"repeat","background-position":"center center","background-size":"auto","background-attachment":"scroll","background-type":"","background-media":"","overlay-type":"","overlay-color":"","overlay-opacity":"","overlay-gradient":""},"tablet":{"background-color":"","background-image":"","background-repeat":"repeat","background-position":"center center","background-size":"auto","background-attachment":"scroll","background-type":"","background-media":"","overlay-type":"","overlay-color":"","overlay-opacity":"","overlay-gradient":""},"mobile":{"background-color":"","background-image":"","background-repeat":"repeat","background-position":"center center","background-size":"auto","background-attachment":"scroll","background-type":"","background-media":"","overlay-type":"","overlay-color":"","overlay-opacity":"","overlay-gradient":""}},"ast-content-background-meta":{"desktop":{"background-color":"var(--ast-global-color-5)","background-image":"","background-repeat":"repeat","background-position":"center center","background-size":"auto","background-attachment":"scroll","background-type":"","background-media":"","overlay-type":"","overlay-color":"","overlay-opacity":"","overlay-gradient":""},"tablet":{"background-color":"var(--ast-global-color-5)","background-image":"","background-repeat":"repeat","background-position":"center center","background-size":"auto","background-attachment":"scroll","background-type":"","background-media":"","overlay-type":"","overlay-color":"","overlay-opacity":"","overlay-gradient":""},"mobile":{"background-color":"var(--ast-global-color-5)","background-image":"","background-repeat":"repeat","background-position":"center center","background-size":"auto","background-attachment":"scroll","background-type":"","background-media":"","overlay-type":"","overlay-color":"","overlay-opacity":"","overlay-gradient":""}}},"product_brand":[],"product_cat":[3981,1464,1888],"product_tag":[],"actividad":[3707,3701],"ubicacion":[],"class_list":{"0":"post-40635","1":"product","2":"type-product","3":"status-publish","4":"has-post-thumbnail","6":"product_cat-courses","7":"product_cat-scuba-diving","8":"product_cat-store","9":"actividad-courses-en","10":"actividad-scuba-diving","11":"desktop-align-left","12":"tablet-align-left","13":"mobile-align-left","14":"tm-has-options","16":"first","17":"instock","18":"sold-individually","19":"shipping-taxable","20":"purchasable","21":"product-type-booking"},"booking_location":"","booking_location_type":"","booking_duration":1,"booking_duration_unit":"day","booking_buffer":0,"booking_cost":0,"booking_resources":[],"_links":{"self":[{"href":"https:\/\/mexplor.co\/es\/wp-json\/wp\/v2\/product\/40635","targetHints":{"allow":["GET"]}}],"collection":[{"href":"https:\/\/mexplor.co\/es\/wp-json\/wp\/v2\/product"}],"about":[{"href":"https:\/\/mexplor.co\/es\/wp-json\/wp\/v2\/types\/product"}],"replies":[{"embeddable":true,"href":"https:\/\/mexplor.co\/es\/wp-json\/wp\/v2\/comments?post=40635"}],"version-history":[{"count":2,"href":"https:\/\/mexplor.co\/es\/wp-json\/wp\/v2\/product\/40635\/revisions"}],"predecessor-version":[{"id":41058,"href":"https:\/\/mexplor.co\/es\/wp-json\/wp\/v2\/product\/40635\/revisions\/41058"}],"wp:featuredmedia":[{"embeddable":true,"href":"https:\/\/mexplor.co\/es\/wp-json\/wp\/v2\/media\/30828"}],"wp:attachment":[{"href":"https:\/\/mexplor.co\/es\/wp-json\/wp\/v2\/media?parent=40635"}],"wp:term":[{"taxonomy":"product_brand","embeddable":true,"href":"https:\/\/mexplor.co\/es\/wp-json\/wp\/v2\/product_brand?post=40635"},{"taxonomy":"product_cat","embeddable":true,"href":"https:\/\/mexplor.co\/es\/wp-json\/wp\/v2\/product_cat?post=40635"},{"taxonomy":"product_tag","embeddable":true,"href":"https:\/\/mexplor.co\/es\/wp-json\/wp\/v2\/product_tag?post=40635"},{"taxonomy":"actividad","embeddable":true,"href":"https:\/\/mexplor.co\/es\/wp-json\/wp\/v2\/actividad?post=40635"},{"taxonomy":"ubicacion","embeddable":true,"href":"https:\/\/mexplor.co\/es\/wp-json\/wp\/v2\/ubicacion?post=40635"}],"curies":[{"name":"wp","href":"https:\/\/api.w.org\/{rel}","templated":true}]}}