{"id":40641,"date":"2026-02-27T02:26:11","date_gmt":"2026-02-27T07:26:11","guid":{"rendered":"https:\/\/mexplor.co\/?post_type=product&#038;p=40641"},"modified":"2026-03-17T18:28:35","modified_gmt":"2026-03-17T23:28:35","slug":"open-water-course","status":"publish","type":"product","link":"https:\/\/mexplor.co\/es\/open-water-course\/","title":{"rendered":"Curso Open Water"},"content":{"rendered":"<h1>Open Water Diver Certification<\/h1>\n<p>&nbsp;<\/p>\n<p>Begin your underwater journey with our <em data-start=\"425\" data-end=\"443\">Open Water Diver<\/em> Por supuesto, tu puerta de entrada para explorar el oc\u00e9ano con confianza y seguridad. Esta certificaci\u00f3n b\u00e1sica est\u00e1 reconocida en todo el mundo y te permite bucear de forma aut\u00f3noma (con un compa\u00f1ero) hasta 18 m \/ 60 pies (sujeto a las limitaciones locales).<\/p>\n<p data-start=\"95\" data-end=\"424\">El curso Open Water Diver es el primer paso en el mundo del buceo, dise\u00f1ado para principiantes que desean explorar el reino submarino con seguridad y confianza. Esta certificaci\u00f3n reconocida internacionalmente te ense\u00f1a las habilidades fundamentales, los procedimientos de seguridad y los conocimientos necesarios para bucear de forma independiente con un compa\u00f1ero.<\/p>\n<p data-start=\"426\" data-end=\"751\">Durante el curso, los alumnos aprenden mediante una combinaci\u00f3n de clases te\u00f3ricas, entrenamiento en aguas confinadas en una piscina o zona poco profunda y inmersiones en aguas abiertas en el mar. Las habilidades clave incluyen dominar la flotabilidad, comprender la comunicaci\u00f3n subacu\u00e1tica, utilizar correctamente el equipo y aprender a manejar los posibles retos que pueden surgir durante la inmersi\u00f3n.<\/p>\n<p>&nbsp;<\/p>\n<p>Formaci\u00f3n integral: incluye teor\u00eda avanzada, desarrollo de habilidades y formaci\u00f3n en rescate.<br \/>\nParticipar\u00e1s en inmersiones reales, gestionando y ayudando en cursos y actividades de buceo.<br \/>\nConexi\u00f3n con la comunidad: Formar\u00e1s parte de una red global de profesionales del buceo.<br \/>\nEntorno \u00fanico: ofrecemos un entorno perfecto con arrecifes, naufragios y cenotes.<\/p>\n<p>&nbsp;<\/p>\n<p>&nbsp;<\/p>\n<p>Retrato submarino: compra tus fotos como recuerdo.<br \/>\nEstoy aqu\u00ed para ayudarte a crear retratos \u00fanicos e inolvidables que cuenten tu historia. Una sesi\u00f3n de fotos bajo el agua conmigo es mucho m\u00e1s que una simple sesi\u00f3n: es una experiencia personalizada dise\u00f1ada para celebrar tu belleza y crear recuerdos extraordinarios. Juntos transformaremos tus momentos favoritos en obras de arte que querr\u00e1s exhibir con orgullo en tu hogar.<\/p>\n<p>Nuestros Servicios:<\/p>\n<p>\u2013 Experiencia de sesi\u00f3n personalizada: Cada sesi\u00f3n se adapta a tu personalidad y a tus preferencias. Desde la idea inicial hasta la ejecuci\u00f3n, nos aseguramos de que tu sesi\u00f3n bajo el agua sea tan \u00fanica como t\u00fa.<\/p>\n<p>\u2013 Asesor\u00eda profesional: \u00bfNunca has posado frente a una c\u00e1mara bajo el agua? No te preocupes, nuestro equipo estar\u00e1 contigo para ayudarte en todo momento.<\/p>\n<p>&nbsp;<\/p>","protected":false},"excerpt":{"rendered":"<p>Abre las puertas del oc\u00e9ano y convi\u00e9rtelo en tu propio terreno de juego. La inmersi\u00f3n de Open Water<em data-start=\"1255\" data-end=\"1273\">r<\/em> este curso es tu pasaporte para bucear en cualquier parte del mundo, explorar jardines de coral y nadar entre una vibrante vida marina. La aventura comienza en el momento en que tomas tu primera respiraci\u00f3n profunda bajo el agua.<\/p>\n<p>Incluye:<\/p>\n<ul>\n<li>De 7 a 10 d\u00edas (EN EL PROGRAMA)<\/li>\n<li>Gu\u00eda biling\u00fce<\/li>\n<li>Paquete de bienvenida<\/li>\n<li>Equipo completo<\/li>\n<li>Agua y fruta en el barco<\/li>\n<li>Aperitivos (baguettes o s\u00e1ndwiches)   *Opci\u00f3n para veganos\/vegetarianos)<\/li>\n<li>Clases te\u00f3ricas (e-learning), 2 inmersiones en piscina.<\/li>\n<li>5 hrs<\/li>\n<\/ul>\n<p>&nbsp;<\/p>\n<p>No incluye<strong>:<\/strong><\/p>\n<ul>\n<li>\u224820 USD (uso del muelle)<\/li>\n<li>Libro E- learning (1700 mxn)<\/li>\n<li>Transporte, tarifas de barco, acceso a los sitios de buceo o tarifas de entrada al parque.<\/li>\n<li>Comidas, alojamiento o gastos de viaje.<\/li>\n<li>Seguro (responsabilidad civil del buzo, accidente de buceo)<\/li>\n<\/ul>\n<p>&nbsp;<\/p>\n<p>Requisitos<\/p>\n<ul>\n<li>Licencia de buceo (o n\u00famero PADI)<\/li>\n<li>No volar durante las pr\u00f3ximas 18 horas.<\/li>\n<li>M\u00ednimo 12 a\u00f1os de edad.<\/li>\n<\/ul>\n<p>\u00a1Te ofrecemos un descuento en tu pr\u00f3ximo curso!<\/p>\n<p>Por favor, verifique el precio final en la casilla de verificaci\u00f3n de la ubicaci\u00f3n.<\/p>","protected":false},"featured_media":30835,"comment_status":"closed","ping_status":"closed","template":"","meta":{"site-sidebar-layout":"default","site-content-layout":"","ast-site-content-layout":"default","site-content-style":"default","site-sidebar-style":"default","ast-global-header-display":"","ast-banner-title-visibility":"","ast-main-header-display":"","ast-hfb-above-header-display":"","ast-hfb-below-header-display":"","ast-hfb-mobile-header-display":"","site-post-title":"","ast-breadcrumbs-content":"","ast-featured-img":"","footer-sml-layout":"","ast-disable-related-posts":"","theme-transparent-header-meta":"default","adv-header-id-meta":"","stick-header-meta":"","header-above-stick-meta":"","header-main-stick-meta":"","header-below-stick-meta":"","astra-migrate-meta-layouts":"set","ast-page-background-enabled":"default","ast-page-background-meta":{"desktop":{"background-color":"","background-image":"","background-repeat":"repeat","background-position":"center center","background-size":"auto","background-attachment":"scroll","background-type":"","background-media":"","overlay-type":"","overlay-color":"","overlay-opacity":"","overlay-gradient":""},"tablet":{"background-color":"","background-image":"","background-repeat":"repeat","background-position":"center center","background-size":"auto","background-attachment":"scroll","background-type":"","background-media":"","overlay-type":"","overlay-color":"","overlay-opacity":"","overlay-gradient":""},"mobile":{"background-color":"","background-image":"","background-repeat":"repeat","background-position":"center center","background-size":"auto","background-attachment":"scroll","background-type":"","background-media":"","overlay-type":"","overlay-color":"","overlay-opacity":"","overlay-gradient":""}},"ast-content-background-meta":{"desktop":{"background-color":"var(--ast-global-color-5)","background-image":"","background-repeat":"repeat","background-position":"center center","background-size":"auto","background-attachment":"scroll","background-type":"","background-media":"","overlay-type":"","overlay-color":"","overlay-opacity":"","overlay-gradient":""},"tablet":{"background-color":"var(--ast-global-color-5)","background-image":"","background-repeat":"repeat","background-position":"center center","background-size":"auto","background-attachment":"scroll","background-type":"","background-media":"","overlay-type":"","overlay-color":"","overlay-opacity":"","overlay-gradient":""},"mobile":{"background-color":"var(--ast-global-color-5)","background-image":"","background-repeat":"repeat","background-position":"center center","background-size":"auto","background-attachment":"scroll","background-type":"","background-media":"","overlay-type":"","overlay-color":"","overlay-opacity":"","overlay-gradient":""}}},"product_brand":[],"product_cat":[3981,1464,1888,4162],"product_tag":[],"actividad":[3707,3701],"ubicacion":[4052,4092,3693,4098,4090],"class_list":{"0":"post-40641","1":"product","2":"type-product","3":"status-publish","4":"has-post-thumbnail","6":"product_cat-courses","7":"product_cat-scuba-diving","8":"product_cat-store","9":"product_cat-top-products","10":"actividad-courses-en","11":"actividad-scuba-diving","12":"ubicacion-cabo-pulmo","13":"ubicacion-las-galeras","14":"ubicacion-mahahual-en","15":"ubicacion-santo-domingo","16":"ubicacion-valladolid","17":"desktop-align-left","18":"tablet-align-left","19":"mobile-align-left","20":"tm-has-options","22":"first","23":"instock","24":"sold-individually","25":"shipping-taxable","26":"purchasable","27":"product-type-booking"},"booking_location":"","booking_location_type":"","booking_duration":1,"booking_duration_unit":"day","booking_buffer":0,"booking_cost":0,"booking_resources":[],"_links":{"self":[{"href":"https:\/\/mexplor.co\/es\/wp-json\/wp\/v2\/product\/40641","targetHints":{"allow":["GET"]}}],"collection":[{"href":"https:\/\/mexplor.co\/es\/wp-json\/wp\/v2\/product"}],"about":[{"href":"https:\/\/mexplor.co\/es\/wp-json\/wp\/v2\/types\/product"}],"replies":[{"embeddable":true,"href":"https:\/\/mexplor.co\/es\/wp-json\/wp\/v2\/comments?post=40641"}],"version-history":[{"count":2,"href":"https:\/\/mexplor.co\/es\/wp-json\/wp\/v2\/product\/40641\/revisions"}],"predecessor-version":[{"id":41055,"href":"https:\/\/mexplor.co\/es\/wp-json\/wp\/v2\/product\/40641\/revisions\/41055"}],"wp:featuredmedia":[{"embeddable":true,"href":"https:\/\/mexplor.co\/es\/wp-json\/wp\/v2\/media\/30835"}],"wp:attachment":[{"href":"https:\/\/mexplor.co\/es\/wp-json\/wp\/v2\/media?parent=40641"}],"wp:term":[{"taxonomy":"product_brand","embeddable":true,"href":"https:\/\/mexplor.co\/es\/wp-json\/wp\/v2\/product_brand?post=40641"},{"taxonomy":"product_cat","embeddable":true,"href":"https:\/\/mexplor.co\/es\/wp-json\/wp\/v2\/product_cat?post=40641"},{"taxonomy":"product_tag","embeddable":true,"href":"https:\/\/mexplor.co\/es\/wp-json\/wp\/v2\/product_tag?post=40641"},{"taxonomy":"actividad","embeddable":true,"href":"https:\/\/mexplor.co\/es\/wp-json\/wp\/v2\/actividad?post=40641"},{"taxonomy":"ubicacion","embeddable":true,"href":"https:\/\/mexplor.co\/es\/wp-json\/wp\/v2\/ubicacion?post=40641"}],"curies":[{"name":"wp","href":"https:\/\/api.w.org\/{rel}","templated":true}]}}