{"id":40643,"date":"2026-02-27T02:28:40","date_gmt":"2026-02-27T07:28:40","guid":{"rendered":"https:\/\/mexplor.co\/?post_type=product&#038;p=40643"},"modified":"2026-03-17T18:28:22","modified_gmt":"2026-03-17T23:28:22","slug":"dsd","status":"publish","type":"product","link":"https:\/\/mexplor.co\/es\/dsd\/","title":{"rendered":"DSD"},"content":{"rendered":"<h1>Discover Scuba Diving<\/h1>\n<p>&nbsp;<\/p>\n<p>Nuestro Discover Scuba Dive<em data-start=\"10457\" data-end=\"10484\"> (DSD)<\/em> ofrece una introducci\u00f3n segura, divertida y guiada al buceo con escafandra (no al buceo libre) para participantes sin certificaci\u00f3n. Bajo la supervisi\u00f3n directa de un instructor, podr\u00e1s respirar bajo el agua, utilizar equipo de buceo y experimentar el mundo submarino en condiciones tranquilas y poco profundas.<\/p>\n<p>\u00bfAlguna vez has so\u00f1ado con explorar las profundidades del oc\u00e9ano, pero no sabes por d\u00f3nde empezar? El curso Discover Scuba Diving (DSD) en Canc\u00fan es la introducci\u00f3n perfecta para aquellos que quieren experimentar la emoci\u00f3n del buceo sin comprometerse con un curso completo de certificaci\u00f3n. Dise\u00f1ado para principiantes absolutos, este curso te permite descubrir el fascinante mundo submarino en un entorno seguro y controlado, bajo la supervisi\u00f3n de instructores certificados.<\/p>\n<p data-start=\"11920\" data-end=\"11948\">Beneficios y experiencia:<\/p>\n<ul data-start=\"11949\" data-end=\"12162\">\n<li data-start=\"11949\" data-end=\"11984\">\n<p data-start=\"11951\" data-end=\"11984\">Experimenta la respiraci\u00f3n bajo el agua<\/p>\n<\/li>\n<li data-start=\"11985\" data-end=\"12063\">\n<p data-start=\"11987\" data-end=\"12063\">Decida si el buceo es lo suyo antes de comprometerse a obtener la certificaci\u00f3n completa.<\/p>\n<\/li>\n<li data-start=\"12064\" data-end=\"12122\">\n<p data-start=\"12066\" data-end=\"12122\">Familiar\u00edzate con el equipo de buceo y las habilidades b\u00e1sicas.<\/p>\n<\/li>\n<li data-start=\"12123\" data-end=\"12162\">\n<p data-start=\"12125\" data-end=\"12162\">Una aventura submarina divertida y segura.<\/p>\n<\/li>\n<\/ul>\n<p>&nbsp;<\/p>\n<p>\u00bfQu\u00e9 es el Discover Scuba Diving (DSD)?<\/p>\n<p>El curso DSD es un programa introductorio al buceo que te proporciona los conocimientos te\u00f3ricos y la experiencia pr\u00e1ctica b\u00e1sicos para que puedas probar el buceo por primera vez. No necesitas tener experiencia previa en buceo, solo ganas de aprender y explorar.<\/p>\n<p>\u00bfSiempre has querido explorar el mundo submarino, pero no tienes experiencia previa en buceo? Discover Scuba Diving (DSD) en Puerto Morelos es la oportunidad perfecta para dar tus primeros pasos en el buceo. Esta experiencia est\u00e1 dise\u00f1ada espec\u00edficamente para principiantes que desean experimentar la emoci\u00f3n del buceo sin necesidad de tener una certificaci\u00f3n previa.<\/p>\n<p>Retrato submarino<\/p>\n<p>Estoy aqu\u00ed para ayudarte a crear retratos \u00fanicos e inolvidables que cuenten tu historia. Una sesi\u00f3n de fotos bajo el agua conmigo es mucho m\u00e1s que una simple sesi\u00f3n: es una experiencia personalizada dise\u00f1ada para celebrar tu belleza y crear recuerdos extraordinarios. Juntos transformaremos tus momentos favoritos en obras de arte que querr\u00e1s exhibir con orgullo en tu hogar.<\/p>\n<p>Nuestros Servicios:<\/p>\n<p>\u2013 Experiencia de sesi\u00f3n personalizada: Cada sesi\u00f3n se adapta a tu personalidad y a tus preferencias. Desde la idea inicial hasta la ejecuci\u00f3n, nos aseguramos de que tu sesi\u00f3n bajo el agua sea tan \u00fanica como t\u00fa.<\/p>\n<p>\u2013 Asesor\u00eda profesional: \u00bfNunca has posado frente a una c\u00e1mara bajo el agua? No te preocupes, nuestro equipo estar\u00e1 contigo para ayudarte en todo momento.<\/p>","protected":false},"excerpt":{"rendered":"<p>Sum\u00e9rgete en un nuevo mundo donde el silencio habla m\u00e1s que las palabras. Nuestra experiencia Discover Scuba Diving te invita a dar tu primera respiraci\u00f3n bajo el agua y sentir c\u00f3mo la calma del oc\u00e9ano te envuelve. No es solo una aventura, es el comienzo de una historia de amor con el mar.<\/p>\n<p>Detalles de la experiencia:<\/p>\n<p>Instrucci\u00f3n inicial: Comenzar\u00e1 con una sesi\u00f3n informativa a cargo de un instructor certificado, quien le ense\u00f1ar\u00e1 los conceptos b\u00e1sicos del buceo, incluido el uso del equipo y las precauciones de seguridad.<\/p>\n<p>Entrenamiento en aguas poco profundas: Antes de entrar al mar, practicar\u00e1s en aguas poco profundas, donde te familiarizar\u00e1s con la respiraci\u00f3n subacu\u00e1tica y el control de la flotabilidad.<\/p>\n<p>Incluye:<strong>:<\/strong><\/p>\n<ul>\n<li>Equipo<\/li>\n<li>Transporte en barco con gu\u00eda biling\u00fce<\/li>\n<li>Idioma: espa\u00f1ol, ingl\u00e9s<\/li>\n<li>D\u00edas disponibles: Solo con reserva previa.<\/li>\n<li>Equipo completo<\/li>\n<li>Hora de inicio: 9:00 a. m.<\/li>\n<li>Duraci\u00f3n: de 4 a 5 horas aproximadamente.<\/li>\n<\/ul>\n<p data-start=\"11255\" data-end=\"11281\">Lo que no est\u00e1 incluido:<\/p>\n<ul data-start=\"11282\" data-end=\"11489\">\n<li data-start=\"11282\" data-end=\"11310\">\n<p data-start=\"11284\" data-end=\"11310\">Certificaci\u00f3n completa de buceo<\/p>\n<\/li>\n<li data-start=\"11311\" data-end=\"11346\">\n<p data-start=\"11313\" data-end=\"11346\">Equipo personal (a menos que est\u00e9 incluido)<\/p>\n<\/li>\n<li data-start=\"11347\" data-end=\"11394\">\n<p data-start=\"11349\" data-end=\"11394\">Tarifas del barco, acceso a los sitios de buceo y transporte<\/p>\n<\/li>\n<li data-start=\"11395\" data-end=\"11415\">\n<p data-start=\"11397\" data-end=\"11415\">Comidas o alojamiento<\/p>\n<\/li>\n<li data-start=\"11416\" data-end=\"11470\">\n<p data-start=\"11418\" data-end=\"11470\">Autorizaci\u00f3n m\u00e9dica o aprobaci\u00f3n del m\u00e9dico (si es necesario)<\/p>\n<\/li>\n<li data-start=\"11471\" data-end=\"11489\">\n<p data-start=\"11473\" data-end=\"11489\">Seguro de buceo<\/p>\n<\/li>\n<\/ul>\n<p data-start=\"11491\" data-end=\"11526\">\u00a0Requisitos<\/p>\n<ul data-start=\"11527\" data-end=\"11697\">\n<li data-start=\"11527\" data-end=\"11607\">\n<p data-start=\"11529\" data-end=\"11607\">Minimum age: often 10 years or older<\/p>\n<\/li>\n<li data-start=\"11608\" data-end=\"11648\">\n<p data-start=\"11610\" data-end=\"11648\">Capaz de nadar o sentirse c\u00f3modo en el agua.<\/p>\n<\/li>\n<li data-start=\"11649\" data-end=\"11697\">\n<p data-start=\"11651\" data-end=\"11697\">Llene un formulario m\u00e9dico y de responsabilidad civil para buceo.<\/p>\n<\/li>\n<\/ul>\n<ul>\n<li>Por favor, verifique el precio final en la casilla de verificaci\u00f3n de la ubicaci\u00f3n.<\/li>\n<\/ul>\n<p>&nbsp;<\/p>\n<p>&nbsp;<\/p>","protected":false},"featured_media":36843,"comment_status":"closed","ping_status":"closed","template":"","meta":{"site-sidebar-layout":"default","site-content-layout":"","ast-site-content-layout":"default","site-content-style":"default","site-sidebar-style":"default","ast-global-header-display":"","ast-banner-title-visibility":"","ast-main-header-display":"","ast-hfb-above-header-display":"","ast-hfb-below-header-display":"","ast-hfb-mobile-header-display":"","site-post-title":"","ast-breadcrumbs-content":"","ast-featured-img":"","footer-sml-layout":"","ast-disable-related-posts":"","theme-transparent-header-meta":"default","adv-header-id-meta":"","stick-header-meta":"","header-above-stick-meta":"","header-main-stick-meta":"","header-below-stick-meta":"","astra-migrate-meta-layouts":"set","ast-page-background-enabled":"default","ast-page-background-meta":{"desktop":{"background-color":"","background-image":"","background-repeat":"repeat","background-position":"center center","background-size":"auto","background-attachment":"scroll","background-type":"","background-media":"","overlay-type":"","overlay-color":"","overlay-opacity":"","overlay-gradient":""},"tablet":{"background-color":"","background-image":"","background-repeat":"repeat","background-position":"center center","background-size":"auto","background-attachment":"scroll","background-type":"","background-media":"","overlay-type":"","overlay-color":"","overlay-opacity":"","overlay-gradient":""},"mobile":{"background-color":"","background-image":"","background-repeat":"repeat","background-position":"center center","background-size":"auto","background-attachment":"scroll","background-type":"","background-media":"","overlay-type":"","overlay-color":"","overlay-opacity":"","overlay-gradient":""}},"ast-content-background-meta":{"desktop":{"background-color":"var(--ast-global-color-5)","background-image":"","background-repeat":"repeat","background-position":"center center","background-size":"auto","background-attachment":"scroll","background-type":"","background-media":"","overlay-type":"","overlay-color":"","overlay-opacity":"","overlay-gradient":""},"tablet":{"background-color":"var(--ast-global-color-5)","background-image":"","background-repeat":"repeat","background-position":"center center","background-size":"auto","background-attachment":"scroll","background-type":"","background-media":"","overlay-type":"","overlay-color":"","overlay-opacity":"","overlay-gradient":""},"mobile":{"background-color":"var(--ast-global-color-5)","background-image":"","background-repeat":"repeat","background-position":"center center","background-size":"auto","background-attachment":"scroll","background-type":"","background-media":"","overlay-type":"","overlay-color":"","overlay-opacity":"","overlay-gradient":""}}},"product_brand":[],"product_cat":[1888,3981,1464,4162],"product_tag":[],"actividad":[3701,1876],"ubicacion":[],"class_list":{"0":"post-40643","1":"product","2":"type-product","3":"status-publish","4":"has-post-thumbnail","6":"product_cat-store","7":"product_cat-courses","8":"product_cat-scuba-diving","9":"product_cat-top-products","10":"actividad-scuba-diving","11":"actividad-dsd","12":"desktop-align-left","13":"tablet-align-left","14":"mobile-align-left","15":"tm-has-options","17":"first","18":"instock","19":"sold-individually","20":"shipping-taxable","21":"purchasable","22":"product-type-booking"},"booking_location":"","booking_location_type":"","booking_duration":1,"booking_duration_unit":"day","booking_buffer":0,"booking_cost":0,"booking_resources":[],"_links":{"self":[{"href":"https:\/\/mexplor.co\/es\/wp-json\/wp\/v2\/product\/40643","targetHints":{"allow":["GET"]}}],"collection":[{"href":"https:\/\/mexplor.co\/es\/wp-json\/wp\/v2\/product"}],"about":[{"href":"https:\/\/mexplor.co\/es\/wp-json\/wp\/v2\/types\/product"}],"replies":[{"embeddable":true,"href":"https:\/\/mexplor.co\/es\/wp-json\/wp\/v2\/comments?post=40643"}],"version-history":[{"count":2,"href":"https:\/\/mexplor.co\/es\/wp-json\/wp\/v2\/product\/40643\/revisions"}],"predecessor-version":[{"id":41054,"href":"https:\/\/mexplor.co\/es\/wp-json\/wp\/v2\/product\/40643\/revisions\/41054"}],"wp:featuredmedia":[{"embeddable":true,"href":"https:\/\/mexplor.co\/es\/wp-json\/wp\/v2\/media\/36843"}],"wp:attachment":[{"href":"https:\/\/mexplor.co\/es\/wp-json\/wp\/v2\/media?parent=40643"}],"wp:term":[{"taxonomy":"product_brand","embeddable":true,"href":"https:\/\/mexplor.co\/es\/wp-json\/wp\/v2\/product_brand?post=40643"},{"taxonomy":"product_cat","embeddable":true,"href":"https:\/\/mexplor.co\/es\/wp-json\/wp\/v2\/product_cat?post=40643"},{"taxonomy":"product_tag","embeddable":true,"href":"https:\/\/mexplor.co\/es\/wp-json\/wp\/v2\/product_tag?post=40643"},{"taxonomy":"actividad","embeddable":true,"href":"https:\/\/mexplor.co\/es\/wp-json\/wp\/v2\/actividad?post=40643"},{"taxonomy":"ubicacion","embeddable":true,"href":"https:\/\/mexplor.co\/es\/wp-json\/wp\/v2\/ubicacion?post=40643"}],"curies":[{"name":"wp","href":"https:\/\/api.w.org\/{rel}","templated":true}]}}